{"id":2856,"date":"2021-12-10T12:35:31","date_gmt":"2021-12-10T18:35:31","guid":{"rendered":"https:\/\/www.tamaulipas.gob.mx\/turismo\/?page_id=2856"},"modified":"2026-02-06T11:50:09","modified_gmt":"2026-02-06T17:50:09","slug":"evaluaciones-externas","status":"publish","type":"page","link":"https:\/\/www.tamaulipas.gob.mx\/turismo\/evaluaciones-externas\/","title":{"rendered":"Evaluaciones externas"},"content":{"rendered":"<p><strong><span style=\"font-size: 24px;\">Evaluaci\u00f3n de Dise\u00f1o 2021.<\/span><\/strong><\/p>\n<p><a href=\"http:\/\/www.tamaulipas.gob.mx\/turismo\/wp-content\/uploads\/sites\/50\/2021\/12\/pp_f140-promocion-truristica_evaluacion-de-diseno-2021.pdf\">pp_f140-promocion-truristica_evaluacion-de-diseno-2021<\/a><\/p>\n<p><span style=\"font-size: 24px;\"><strong>Posici\u00f3n institucional. Anexo A.<\/strong><\/span><\/p>\n<p><a href=\"http:\/\/www.tamaulipas.gob.mx\/turismo\/wp-content\/uploads\/sites\/50\/2021\/12\/anexo-a-evaluacion-2021-ppf140-mecanismos-asm-estatales-turismo.pdf\">anexo-a-evaluacion-2021-ppf140-mecanismos-asm-estatales-turismo<\/a><\/p>\n<p><span style=\"font-size: 24px;\"><strong>Posici\u00f3n institucional. Anexo A1, aspectos susceptibles de mejora.<\/strong><\/span><\/p>\n<p><a href=\"http:\/\/www.tamaulipas.gob.mx\/turismo\/wp-content\/uploads\/sites\/50\/2021\/12\/anexo-a1-evaluacion-2021-ppf140-mecanismos-asm-estatales-turismo.pdf\">anexo-a1-evaluacion-2021-ppf140-mecanismos-asm-estatales-turismo<\/a><\/p>\n<p><span style=\"font-size: 24px;\"><strong>Documento de trabajo.<\/strong><\/span><\/p>\n<p><a href=\"http:\/\/www.tamaulipas.gob.mx\/turismo\/wp-content\/uploads\/sites\/50\/2021\/12\/evaluacion-2021-ppf140-mecanismos-asm-estatales-turismo.pdf\">evaluacion-2021-ppf140-mecanismos-asm-estatales-turismo<\/a><\/p>\n<p><span style=\"font-size: 24px;\"><strong>Documento institucional.<\/strong><\/span><\/p>\n<p>&nbsp;<\/p>\n<p><span style=\"font-size: 24px;\"><strong>Evaluaciones Externas 2023<\/strong><\/span><\/p>\n<p><a href=\"https:\/\/n9.cl\/a24q9\">Evaluaci\u00f3n del Progama Presupuestario P035 Conducci\u00f3n de la Pol\u00edtica en Materia de Turismo<\/a><\/p>\n<p><a href=\"https:\/\/drive.google.com\/file\/d\/1u7rtnio2D7ajtO5CiTQ27w3wuj3kbP-K\/view?usp=sharing\">TURISMO ANEXO A Posicionamiento Institucional<\/a><\/p>\n<p><a href=\"https:\/\/drive.google.com\/file\/d\/1IpxQJBDSBFlpA0WaQRbaKFyVRTuhRcP3\/view?usp=sharing\">TURISMO ANEXO A1 Selecci\u00f3n y clasificaci\u00f3n de los Aspectos Susceptibles de Mejora<\/a><\/p>\n<p><a href=\"https:\/\/drive.google.com\/file\/d\/1mvzw1aPFkn5QTW2KaRuME7sKPYkfAFS1\/view?usp=sharing\">TURISMO ANEXO B Documento de Trabajo<\/a><\/p>\n<p><a href=\"https:\/\/drive.google.com\/file\/d\/1P7b2dE0STt2ZpsgR5dTC1hXsFH_KIwfZ\/view?usp=sharing\">TURISMO ANEXO C Documento Institucional<\/a><\/p>\n<p><a href=\"https:\/\/drive.google.com\/file\/d\/17yh0is6IE2_SLwZqvkySDRsfmgTLAD3E\/view?usp=sharing\">TURISMO ANEXO D Documento Interinstitucional e Intergubernamental<\/a><\/p>\n<p><a href=\"https:\/\/drive.google.com\/file\/d\/10JsYIN4ZgpMru96qG9s6Dvo7MBQ17l7a\/view?usp=sharing\">TURISMO CONAC15 Formato para la Difusi\u00f3n de los resultados de las evaluaciones<\/a><\/p>\n<p><span style=\"font-size: 24px;\"><strong>Diagn\u00f3sticos de Programas Presupuestarios<\/strong><\/span><\/p>\n<p><a href=\"http:\/\/www.tamaulipas.gob.mx\/turismo\/wp-content\/uploads\/sites\/50\/2026\/02\/diagnostico-f140-2025.pdf\">Diagn\u00f3stico F140 2025<\/a><\/p>\n<p><a href=\"http:\/\/www.tamaulipas.gob.mx\/turismo\/wp-content\/uploads\/sites\/50\/2026\/02\/diagnostico-p035-2025.pdf\">Diagn\u00f3stico P035 2025<\/a><\/p>\n<p>&nbsp;<\/p>\n","protected":false},"excerpt":{"rendered":"<p>Evaluaci\u00f3n de Dise\u00f1o 2021. pp_f140-promocion-truristica_evaluacion-de-diseno-2021 Posici\u00f3n institucional. Anexo A. anexo-a-evaluacion-2021-ppf140-mecanismos-asm-estatales-turismo Posici\u00f3n institucional. Anexo A1, aspectos susceptibles de mejora. anexo-a1-evaluacion-2021-ppf140-mecanismos-asm-estatales-turismo Documento de trabajo. evaluacion-2021-ppf140-mecanismos-asm-estatales-turismo Documento institucional.\u2026<\/p>\n","protected":false},"author":120,"featured_media":0,"parent":0,"menu_order":0,"comment_status":"closed","ping_status":"closed","template":"","meta":{"footnotes":""},"class_list":["post-2856","page","type-page","status-publish","hentry"],"_links":{"self":[{"href":"https:\/\/www.tamaulipas.gob.mx\/turismo\/wp-json\/wp\/v2\/pages\/2856"}],"collection":[{"href":"https:\/\/www.tamaulipas.gob.mx\/turismo\/wp-json\/wp\/v2\/pages"}],"about":[{"href":"https:\/\/www.tamaulipas.gob.mx\/turismo\/wp-json\/wp\/v2\/types\/page"}],"author":[{"embeddable":true,"href":"https:\/\/www.tamaulipas.gob.mx\/turismo\/wp-json\/wp\/v2\/users\/120"}],"replies":[{"embeddable":true,"href":"https:\/\/www.tamaulipas.gob.mx\/turismo\/wp-json\/wp\/v2\/comments?post=2856"}],"version-history":[{"count":14,"href":"https:\/\/www.tamaulipas.gob.mx\/turismo\/wp-json\/wp\/v2\/pages\/2856\/revisions"}],"predecessor-version":[{"id":3280,"href":"https:\/\/www.tamaulipas.gob.mx\/turismo\/wp-json\/wp\/v2\/pages\/2856\/revisions\/3280"}],"wp:attachment":[{"href":"https:\/\/www.tamaulipas.gob.mx\/turismo\/wp-json\/wp\/v2\/media?parent=2856"}],"curies":[{"name":"wp","href":"https:\/\/api.w.org\/{rel}","templated":true}]}}