{"id":2828,"date":"2021-12-06T14:21:18","date_gmt":"2021-12-06T20:21:18","guid":{"rendered":"https:\/\/www.tamaulipas.gob.mx\/turismo\/?page_id=2828"},"modified":"2021-12-06T14:33:17","modified_gmt":"2021-12-06T20:33:17","slug":"aviso-de-privacidad","status":"publish","type":"page","link":"https:\/\/www.tamaulipas.gob.mx\/turismo\/aviso-de-privacidad\/","title":{"rendered":"Aviso de privacidad"},"content":{"rendered":"<p data-uw-styling-context=\"true\">La Secretar\u00eda de Turismo, con domicilio en Centro Esmeralda, 4to. Piso, Avenida Hidalgo, colonia Guadalupe, Tampico, Tamaulipas C.P 89120, es la responsable del tratamiento de los datos personales que se nos proporcione derivado del foro de consulta ciudadana para elaborar el Programa Estatal de Mejora Regulatoria en Tamaulipas, los cuales ser\u00e1n protegidos conforme a lo dispuesto por la Ley de Protecci\u00f3n de Datos Personales en Posesi\u00f3n de Sujetos Obligados del Estado de Tamaulipas, y dem\u00e1s normatividad que resulte aplicable.<\/p>\n<p data-uw-styling-context=\"true\">Sus datos personales ser\u00e1n utilizados con la siguiente finalidad:<\/p>\n<ul>\n<li data-uw-styling-context=\"true\">Conocer su opini\u00f3n en el Foro de Consulta Ciudadana para elaborar el Programa Estatal de Mejora Regulatoria en Tamaulipas.<\/li>\n<li data-uw-styling-context=\"true\">Para la finalidad antes se\u00f1alada solicitamos los siguientes datos personales: Nombre y Correo Electr\u00f3nico.<\/li>\n<\/ul>\n<p data-uw-styling-context=\"true\">El tratamiento de sus datos personales se realiza con fundamento en lo establecido en los art\u00edculos 3 fracci\u00f3n I, 34, 35, 38, 62, 63, 65, 66, 67 y 68 de la Ley de Protecci\u00f3n de Datos Personales en Posesi\u00f3n de Sujetos Obligados del Estado de Tamaulipas.<\/p>\n<p data-uw-styling-context=\"true\">Usted podr\u00e1 ejercer sus derechos de acceso, rectificaci\u00f3n, cancelaci\u00f3n u oposici\u00f3n de datos personales (derechos ARCO) directamente ante la Unidad de Transparencia de esta Contralor\u00eda Gubernamental, ubicada en la Torre Bicentenario piso 22, Libramiento Naciones Unidas esquina con prolongaci\u00f3n con Pr\u00e1xedis Balboa, Ciudad Victoria, Tamaulipas C.P. 8708, o bien a trav\u00e9s de la Plataforma Nacional de Transparencia(<a href=\"http:\/\/www.plataformadetransparencia.org.mx\/\" data-uw-styling-context=\"true\">http:\/\/www.plataformadetransparencia.org.mx<\/a>).<\/p>\n<p data-uw-styling-context=\"true\">El Aviso de Privacidad Integral podr\u00e1 ser modificado en cualquier momento, procediendo hacerlo de su conocimiento para cualquiera de los medios autorizados para tal fin, incluyendo la v\u00eda electr\u00f3nica o mediante la publicaci\u00f3n del nuevo texto a trav\u00e9s de nuestra p\u00e1gina de internet:\u00a0<a href=\"http:\/\/www.tamaulipas.gob.mx\/mejoraregulatoria\" data-uw-styling-context=\"true\">http:\/\/www.tamaulipas.gob.mx\/mejoraregulatoria<\/a><\/p>\n","protected":false},"excerpt":{"rendered":"<p>La Secretar\u00eda de Turismo, con domicilio en Centro Esmeralda, 4to. Piso, Avenida Hidalgo, colonia Guadalupe, Tampico, Tamaulipas C.P 89120, es la responsable del tratamiento de\u2026<\/p>\n","protected":false},"author":120,"featured_media":0,"parent":0,"menu_order":0,"comment_status":"closed","ping_status":"closed","template":"","meta":{"footnotes":""},"class_list":["post-2828","page","type-page","status-publish","hentry"],"_links":{"self":[{"href":"https:\/\/www.tamaulipas.gob.mx\/turismo\/wp-json\/wp\/v2\/pages\/2828"}],"collection":[{"href":"https:\/\/www.tamaulipas.gob.mx\/turismo\/wp-json\/wp\/v2\/pages"}],"about":[{"href":"https:\/\/www.tamaulipas.gob.mx\/turismo\/wp-json\/wp\/v2\/types\/page"}],"author":[{"embeddable":true,"href":"https:\/\/www.tamaulipas.gob.mx\/turismo\/wp-json\/wp\/v2\/users\/120"}],"replies":[{"embeddable":true,"href":"https:\/\/www.tamaulipas.gob.mx\/turismo\/wp-json\/wp\/v2\/comments?post=2828"}],"version-history":[{"count":4,"href":"https:\/\/www.tamaulipas.gob.mx\/turismo\/wp-json\/wp\/v2\/pages\/2828\/revisions"}],"predecessor-version":[{"id":2833,"href":"https:\/\/www.tamaulipas.gob.mx\/turismo\/wp-json\/wp\/v2\/pages\/2828\/revisions\/2833"}],"wp:attachment":[{"href":"https:\/\/www.tamaulipas.gob.mx\/turismo\/wp-json\/wp\/v2\/media?parent=2828"}],"curies":[{"name":"wp","href":"https:\/\/api.w.org\/{rel}","templated":true}]}}