{"id":1898,"date":"2020-08-19T12:48:35","date_gmt":"2020-08-19T17:48:35","guid":{"rendered":"https:\/\/www.tamaulipas.gob.mx\/turismo\/?page_id=1898"},"modified":"2020-08-19T22:37:05","modified_gmt":"2020-08-20T03:37:05","slug":"protocolos-de-reapertura-en-playas-y-destinos-de-naturaleza","status":"publish","type":"page","link":"https:\/\/www.tamaulipas.gob.mx\/turismo\/protocolos-de-reapertura-en-playas-y-destinos-de-naturaleza\/","title":{"rendered":"Protocolos de reapertura en Playas y Destinos de Naturaleza"},"content":{"rendered":"<h1><img loading=\"lazy\" decoding=\"async\" class=\"alignnone size-full wp-image-1911 aligncenter\" src=\"http:\/\/www.tamaulipas.gob.mx\/turismo\/wp-content\/uploads\/sites\/50\/2020\/08\/reglamento-playas.jpeg\" alt=\"\" width=\"743\" height=\"1079\" \/><\/h1>\n<p>Las actividades tur\u00edsticas en 22 municipios del estado, comenzar\u00e1n a retomarse gradualmente, esto despu\u00e9s de que el Comit\u00e9 Estatal de Seguridad en Salud, declarara la implementaci\u00f3n de la Fase II en las ciudades con menores niveles de contagio por Covid-19.<\/p>\n<p>Los municipios tamaulipecos donde se retomar\u00e1n las actividades dentro de la fase II son Abasolo, Antiguo Morelos, Burgos, Bustamante, Casas, Gonz\u00e1lez, Guerrero, D\u00edaz Ordaz, Hidalgo, Jaumave, Jim\u00e9nez, Llera, Mainero, Mier, Miquihuana, Palmillas, R\u00edo Bravo, San Carlos, San Fernando, San Nicol\u00e1s, Soto la Marina y Villagr\u00e1n.<\/p>\n<p>Las medidas emitidas por el Comit\u00e9 Estatal de Seguridad en Salud, est\u00e1n encaminadas a la gradual recuperaci\u00f3n de las actividades en todo el estado, pero es importante se\u00f1alar que depender\u00e1 de la ciudadan\u00eda y el cumplimiento de las normas de salud el que se contin\u00fae avanzando o se determine el regreso a fases previas.<\/p>\n<p>Dentro del acuerdo emitido en el Peri\u00f3dico Oficial del Estado, se determina la reapertura de las playas La Pesca y Carbonera. Esta actividad deber\u00e1 de seguir los protocolos sanitarios indicados por la autoridad de salud en el estado, contando con el apoyo de los gobiernos municipales, cumpliendo en todo momento las pr\u00e1cticas de higiene y sana distancia.<\/p>\n<p>Dado la importancia de esta informaci\u00f3n para el sector tur\u00edstico en el estado, te compartimos los protocolos relacionados y que deben de cumplirse para garantizar la sanidad y seguridad de nuestros visitantes.<\/p>\n<h1><span style=\"text-decoration: underline;\">Protocolos de reapertura en los destinos tur\u00edsticos dentro de la Fase II<\/span><\/h1>\n<h2><span style=\"font-size: 32px;\">Playas<\/span><\/h2>\n[googlepdf url=\u00bbhttp:\/\/www.tamaulipas.gob.mx\/turismo\/wp-content\/uploads\/sites\/50\/2020\/08\/protocolos-reapertura-playas-1.pdf\u00bb download=\u00bbDescargar\u00bb ]\n<h2><span style=\"font-size: 32px;\">Destinos de Naturaleza<\/span><\/h2>\n[googlepdf url=\u00bbhttp:\/\/www.tamaulipas.gob.mx\/turismo\/wp-content\/uploads\/sites\/50\/2020\/08\/protocolos-reapertura-destinos-de-naturaleza.pdf\u00bb download=\u00bbDescargar\u00bb ]\n","protected":false},"excerpt":{"rendered":"<p>Las actividades tur\u00edsticas en 22 municipios del estado, comenzar\u00e1n a retomarse gradualmente, esto despu\u00e9s de que el Comit\u00e9 Estatal de Seguridad en Salud, declarara la\u2026<\/p>\n","protected":false},"author":120,"featured_media":0,"parent":0,"menu_order":0,"comment_status":"closed","ping_status":"closed","template":"","meta":{"footnotes":""},"class_list":["post-1898","page","type-page","status-publish","hentry"],"_links":{"self":[{"href":"https:\/\/www.tamaulipas.gob.mx\/turismo\/wp-json\/wp\/v2\/pages\/1898"}],"collection":[{"href":"https:\/\/www.tamaulipas.gob.mx\/turismo\/wp-json\/wp\/v2\/pages"}],"about":[{"href":"https:\/\/www.tamaulipas.gob.mx\/turismo\/wp-json\/wp\/v2\/types\/page"}],"author":[{"embeddable":true,"href":"https:\/\/www.tamaulipas.gob.mx\/turismo\/wp-json\/wp\/v2\/users\/120"}],"replies":[{"embeddable":true,"href":"https:\/\/www.tamaulipas.gob.mx\/turismo\/wp-json\/wp\/v2\/comments?post=1898"}],"version-history":[{"count":5,"href":"https:\/\/www.tamaulipas.gob.mx\/turismo\/wp-json\/wp\/v2\/pages\/1898\/revisions"}],"predecessor-version":[{"id":1913,"href":"https:\/\/www.tamaulipas.gob.mx\/turismo\/wp-json\/wp\/v2\/pages\/1898\/revisions\/1913"}],"wp:attachment":[{"href":"https:\/\/www.tamaulipas.gob.mx\/turismo\/wp-json\/wp\/v2\/media?parent=1898"}],"curies":[{"name":"wp","href":"https:\/\/api.w.org\/{rel}","templated":true}]}}