{"id":1659,"date":"2020-05-31T21:28:27","date_gmt":"2020-06-01T02:28:27","guid":{"rendered":"https:\/\/www.tamaulipas.gob.mx\/turismo\/?page_id=1659"},"modified":"2023-07-11T15:39:50","modified_gmt":"2023-07-11T21:39:50","slug":"pueblos-magicos","status":"publish","type":"page","link":"https:\/\/www.tamaulipas.gob.mx\/turismo\/pueblos-magicos\/","title":{"rendered":"Pueblos M\u00e1gicos"},"content":{"rendered":"<p><span style=\"font-size: 20px;\">El Programa de Pueblos M\u00e1gicos es una iniciativa del Gobierno de M\u00e9xico que tiene como objetivo promover y preservar localidades con un gran valor cultural, hist\u00f3rico y tur\u00edstico. A trav\u00e9s de este programa, se busca resaltar y proteger el patrimonio de estas comunidades, fomentar el desarrollo econ\u00f3mico sustentable y fortalecer la identidad cultural de cada lugar. En el estado de Tamaulipas, se encuentran dos Pueblos M\u00e1gicos que cautivan a visitantes de todas partes del mundo, Tula y Mier.<\/span><\/p>\n<p><span style=\"font-size: 20px;\">Tula: Un tesoro colonial enclavado en la Sierra de Tamaulipas, donde sus coloridas calles empedradas y arquitectura tradicional transportan a los visitantes a tiempos pasados. Sus iglesias hist\u00f3ricas, plazas tranquilas y la imponente presencia de la zona arqueol\u00f3gica de Tula Grande son parte de su atractivo.<\/span><\/p>\n<div class='owl-gallery'><div class='item'><a href='https:\/\/www.tamaulipas.gob.mx\/turismo\/wp-content\/uploads\/sites\/50\/2023\/07\/tula-1.jpg' rel='galeria'><img src='https:\/\/www.tamaulipas.gob.mx\/turismo\/wp-content\/uploads\/sites\/50\/2023\/07\/tula-1-850x500.jpg' srcset='' sizes='auto' alt='Enchiladas Tultecas'><\/a><figcaption>Enchiladas Tultecas.<\/figcaption><\/div><div class='item'><a href='https:\/\/www.tamaulipas.gob.mx\/turismo\/wp-content\/uploads\/sites\/50\/2023\/07\/tula-4.jpg' rel='galeria'><img src='https:\/\/www.tamaulipas.gob.mx\/turismo\/wp-content\/uploads\/sites\/50\/2023\/07\/tula-4-782x500.jpg' srcset='' sizes='auto' alt='Nieve de Garambuyo'><\/a><figcaption>Nieve de Garambuyo.<\/figcaption><\/div><div class='item'><a href='https:\/\/www.tamaulipas.gob.mx\/turismo\/wp-content\/uploads\/sites\/50\/2023\/07\/tula-18.jpg' rel='galeria'><img src='https:\/\/www.tamaulipas.gob.mx\/turismo\/wp-content\/uploads\/sites\/50\/2023\/07\/tula-18-850x500.jpg' srcset='' sizes='auto' alt='Monumento a la Cuera Tamaulipeca.'><\/a><figcaption>Monumento a la Cuera Tamaulipeca.<\/figcaption><\/div><div class='item'><a href='https:\/\/www.tamaulipas.gob.mx\/turismo\/wp-content\/uploads\/sites\/50\/2023\/07\/tula-28.jpg' rel='galeria'><img src='https:\/\/www.tamaulipas.gob.mx\/turismo\/wp-content\/uploads\/sites\/50\/2023\/07\/tula-28-850x500.jpg' srcset='' sizes='auto' alt='Plaza Principal,'><\/a><figcaption>Plaza Principal.<\/figcaption><\/div><div class='item'><a href='https:\/\/www.tamaulipas.gob.mx\/turismo\/wp-content\/uploads\/sites\/50\/2023\/07\/tula-32.jpg' rel='galeria'><img src='https:\/\/www.tamaulipas.gob.mx\/turismo\/wp-content\/uploads\/sites\/50\/2023\/07\/tula-32-850x500.jpg' srcset='' sizes='auto' alt='Iglesia San Antonio de Padua'><\/a><figcaption>Iglesia San Antonio de Padua.<\/figcaption><\/div><\/div>\n<p><span style=\"font-size: 20px;\">Mier: Resalta por su riqueza hist\u00f3rica y su ambiente nost\u00e1lgico. Sus casonas antiguas, calles empedradas y la majestuosa Iglesia de Nuestra Se\u00f1ora de la Inmaculada Concepci\u00f3n son testigos de su pasado. Adem\u00e1s, su ubicaci\u00f3n en la frontera con Estados Unidos le ha brindado una influencia cultural \u00fanica que se refleja en su gastronom\u00eda y festividades.<\/span><\/p>\n<div class='owl-gallery'><div class='item'><a href='https:\/\/www.tamaulipas.gob.mx\/turismo\/wp-content\/uploads\/sites\/50\/2023\/07\/mier-casa-de-los-frijoles-pintos.jpg' rel='galeria'><img src='https:\/\/www.tamaulipas.gob.mx\/turismo\/wp-content\/uploads\/sites\/50\/2023\/07\/mier-casa-de-los-frijoles-pintos-850x500.jpg' srcset='' sizes='auto' alt=''><\/a><figcaption>Museo de los Frijoles Pintos<\/figcaption><\/div><div class='item'><a href='https:\/\/www.tamaulipas.gob.mx\/turismo\/wp-content\/uploads\/sites\/50\/2023\/07\/mier-milanesa-de-res.jpg' rel='galeria'><img src='https:\/\/www.tamaulipas.gob.mx\/turismo\/wp-content\/uploads\/sites\/50\/2023\/07\/mier-milanesa-de-res-850x500.jpg' srcset='' sizes='auto' alt=''><\/a><figcaption>Milanesa Oreja de Elefante<\/figcaption><\/div><div class='item'><a href='https:\/\/www.tamaulipas.gob.mx\/turismo\/wp-content\/uploads\/sites\/50\/2023\/07\/turismo-religioso-2.jpg' rel='galeria'><img src='https:\/\/www.tamaulipas.gob.mx\/turismo\/wp-content\/uploads\/sites\/50\/2023\/07\/turismo-religioso-2-850x500.jpg' srcset='' sizes='auto' alt=''><\/a><figcaption>Parroquia Inmaculada Concepci\u00f3n<\/figcaption><\/div><\/div>\n","protected":false},"excerpt":{"rendered":"<p>El Programa de Pueblos M\u00e1gicos es una iniciativa del Gobierno de M\u00e9xico que tiene como objetivo promover y preservar localidades con un gran valor cultural,\u2026<\/p>\n","protected":false},"author":120,"featured_media":0,"parent":0,"menu_order":0,"comment_status":"closed","ping_status":"closed","template":"","meta":{"footnotes":""},"class_list":["post-1659","page","type-page","status-publish","hentry"],"_links":{"self":[{"href":"https:\/\/www.tamaulipas.gob.mx\/turismo\/wp-json\/wp\/v2\/pages\/1659"}],"collection":[{"href":"https:\/\/www.tamaulipas.gob.mx\/turismo\/wp-json\/wp\/v2\/pages"}],"about":[{"href":"https:\/\/www.tamaulipas.gob.mx\/turismo\/wp-json\/wp\/v2\/types\/page"}],"author":[{"embeddable":true,"href":"https:\/\/www.tamaulipas.gob.mx\/turismo\/wp-json\/wp\/v2\/users\/120"}],"replies":[{"embeddable":true,"href":"https:\/\/www.tamaulipas.gob.mx\/turismo\/wp-json\/wp\/v2\/comments?post=1659"}],"version-history":[{"count":14,"href":"https:\/\/www.tamaulipas.gob.mx\/turismo\/wp-json\/wp\/v2\/pages\/1659\/revisions"}],"predecessor-version":[{"id":3206,"href":"https:\/\/www.tamaulipas.gob.mx\/turismo\/wp-json\/wp\/v2\/pages\/1659\/revisions\/3206"}],"wp:attachment":[{"href":"https:\/\/www.tamaulipas.gob.mx\/turismo\/wp-json\/wp\/v2\/media?parent=1659"}],"curies":[{"name":"wp","href":"https:\/\/api.w.org\/{rel}","templated":true}]}}