{"id":86,"date":"2025-09-19T18:27:59","date_gmt":"2025-09-19T16:27:59","guid":{"rendered":"https:\/\/www.tamaulipas.gob.mx\/transparenciaparaelpueblodetamaulipas\/?page_id=86"},"modified":"2025-12-24T04:47:21","modified_gmt":"2025-12-24T03:47:21","slug":"capacitacion","status":"publish","type":"page","link":"https:\/\/www.tamaulipas.gob.mx\/transparenciaparaelpueblodetamaulipas\/capacitacion\/","title":{"rendered":"Capacitaci\u00f3n"},"content":{"rendered":"<p><span style=\"font-weight: 400;\">Se brinda el material de apoyo a las capacitaciones impartidas por los servidores p\u00fablicos, as\u00ed como el material de apoyo t\u00e9cnico para los sujetos obligados y sociedad.\u00a0<\/span><\/p>\n<div class=\"row\">\n<div class=\"col-md-4\">\n<a href=\"http:\/\/www.tamaulipas.gob.mx\/transparenciaparaelpueblodetamaulipas\/wp-content\/uploads\/sites\/124\/2025\/12\/2.-introduccion-a-la-transparencia-y-acceso-a-la-informacion.pptx-1.pdf\" target=\"_blank\" rel=\"noopener\"><img loading=\"lazy\" decoding=\"async\" class=\"alignnone size-full wp-image-140\" src=\"http:\/\/www.tamaulipas.gob.mx\/transparenciaparaelpueblodetamaulipas\/wp-content\/uploads\/sites\/124\/2025\/09\/10.png\" alt=\"\" width=\"1200\" height=\"683\" \/><\/a><br \/>\n<\/div>\n<div class=\"col-md-4\">\n<a href=\"http:\/\/www.tamaulipas.gob.mx\/transparenciaparaelpueblodetamaulipas\/wp-content\/uploads\/sites\/124\/2025\/10\/1.-sujetos-obligados-y-obligaciones-de-transparencia.pptx.pdf\" target=\"_blank\" rel=\"noopener\"><img loading=\"lazy\" decoding=\"async\" class=\"alignnone size-full wp-image-141\" src=\"http:\/\/www.tamaulipas.gob.mx\/transparenciaparaelpueblodetamaulipas\/wp-content\/uploads\/sites\/124\/2025\/09\/20.png\" alt=\"\" width=\"1200\" height=\"683\" \/><\/a><br \/>\n<\/div>\n<div class=\"col-md-4\">\n<a href=\"http:\/\/www.tamaulipas.gob.mx\/transparenciaparaelpueblodetamaulipas\/wp-content\/uploads\/sites\/124\/2025\/10\/2.-procedimiento-de-acceso-a-la-informacion-horacio.pptx.pdf\" target=\"_blank\" rel=\"noopener\"><img loading=\"lazy\" decoding=\"async\" class=\"alignnone size-full wp-image-142\" src=\"http:\/\/www.tamaulipas.gob.mx\/transparenciaparaelpueblodetamaulipas\/wp-content\/uploads\/sites\/124\/2025\/09\/30.png\" alt=\"\" width=\"1200\" height=\"683\" \/><\/a><br \/>\n<\/div>\n<div class=\"col-md-4\">\n<a href=\"http:\/\/www.tamaulipas.gob.mx\/transparenciaparaelpueblodetamaulipas\/wp-content\/uploads\/sites\/124\/2025\/10\/3.-llenado-y-carga-de-formatos-del-sistema-de-portales-de-obligaciones-de-transparencia.pdf\" target=\"_blank\" rel=\"noopener\"><img loading=\"lazy\" decoding=\"async\" class=\"alignnone size-full wp-image-143\" src=\"http:\/\/www.tamaulipas.gob.mx\/transparenciaparaelpueblodetamaulipas\/wp-content\/uploads\/sites\/124\/2025\/09\/40.png\" alt=\"\" width=\"1200\" height=\"683\" \/><\/a><br \/>\n<\/div>\n<div class=\"col-md-4\">\n<a href=\"http:\/\/www.tamaulipas.gob.mx\/transparenciaparaelpueblodetamaulipas\/wp-content\/uploads\/sites\/124\/2025\/12\/6.-clasificacion-y-desclasificacion-de-la-informacion.pptx-1.pdf\" target=\"_blank\" rel=\"noopener\"><img loading=\"lazy\" decoding=\"async\" class=\"alignnone size-full wp-image-144\" src=\"http:\/\/www.tamaulipas.gob.mx\/transparenciaparaelpueblodetamaulipas\/wp-content\/uploads\/sites\/124\/2025\/09\/50.png\" alt=\"\" width=\"1200\" height=\"683\" \/><\/a><br \/>\n<\/div>\n<div class=\"col-md-4\">\n<a href=\"http:\/\/www.tamaulipas.gob.mx\/transparenciaparaelpueblodetamaulipas\/wp-content\/uploads\/sites\/124\/2025\/12\/4.-procedimiento-de-impugnacion-en-materia-de-acceso-a-la-informacion-publica.pptx.pdf\" target=\"_blank\" rel=\"noopener\"><img loading=\"lazy\" decoding=\"async\" class=\"alignnone size-full wp-image-145\" src=\"http:\/\/www.tamaulipas.gob.mx\/transparenciaparaelpueblodetamaulipas\/wp-content\/uploads\/sites\/124\/2025\/09\/60.png\" alt=\"\" width=\"1200\" height=\"683\" \/><\/a><br \/>\n<\/div>\n<div class=\"col-md-4\"><\/div>\n<div class=\"col-md-4\">\n<a href=\"http:\/\/www.tamaulipas.gob.mx\/transparenciaparaelpueblodetamaulipas\/wp-content\/uploads\/sites\/124\/2025\/12\/9.-datos-personales-introduccion-aviso-inventario-doc.-seguridad-ligas-de-3-ejemplos-.pptx.pdf\" target=\"_blank\" rel=\"noopener\"><img loading=\"lazy\" decoding=\"async\" class=\"alignnone size-full wp-image-146\" src=\"http:\/\/www.tamaulipas.gob.mx\/transparenciaparaelpueblodetamaulipas\/wp-content\/uploads\/sites\/124\/2025\/09\/70.png\" alt=\"\" width=\"1200\" height=\"683\" \/><\/a><\/p>\n<\/div>\n<div class=\"col-md-4\"><\/div>\n<\/div>\n<p>&nbsp;<\/p>\n<p><strong><span style=\"font-weight: 400;\"><strong>Contacto<\/strong><br \/>\n<\/span><\/strong><\/p>\n<p><span style=\"font-weight: 400;\">Mtra. Gladys Teresa Torres Castillo<\/span><\/p>\n<p><span style=\"font-weight: 400;\">Jefe de Departamento de Transparencia, Portales y Capacitaci\u00f3n<\/span><\/p>\n<p><span style=\"font-weight: 400;\">834 316 6551<\/span><\/p>\n<p><a href=\"mailto:gladys.torres@tamaulipas.gob.mx\"><span style=\"font-weight: 400;\">gladys.torres@tamaulipas.gob.mx<\/span><\/a><span style=\"font-weight: 400;\">\u00a0<\/span><\/p>\n","protected":false},"excerpt":{"rendered":"<p>Se brinda el material de apoyo a las capacitaciones impartidas por los servidores p\u00fablicos, as\u00ed como el material de apoyo t\u00e9cnico para los sujetos obligados\u2026<\/p>\n","protected":false},"author":1,"featured_media":0,"parent":0,"menu_order":0,"comment_status":"closed","ping_status":"closed","template":"","meta":{"footnotes":""},"class_list":["post-86","page","type-page","status-publish","hentry"],"publishpress_future_action":{"enabled":false,"date":"2026-04-22 20:30:24","action":"change-status","newStatus":"draft","terms":[],"taxonomy":""},"_links":{"self":[{"href":"https:\/\/www.tamaulipas.gob.mx\/transparenciaparaelpueblodetamaulipas\/wp-json\/wp\/v2\/pages\/86"}],"collection":[{"href":"https:\/\/www.tamaulipas.gob.mx\/transparenciaparaelpueblodetamaulipas\/wp-json\/wp\/v2\/pages"}],"about":[{"href":"https:\/\/www.tamaulipas.gob.mx\/transparenciaparaelpueblodetamaulipas\/wp-json\/wp\/v2\/types\/page"}],"author":[{"embeddable":true,"href":"https:\/\/www.tamaulipas.gob.mx\/transparenciaparaelpueblodetamaulipas\/wp-json\/wp\/v2\/users\/1"}],"replies":[{"embeddable":true,"href":"https:\/\/www.tamaulipas.gob.mx\/transparenciaparaelpueblodetamaulipas\/wp-json\/wp\/v2\/comments?post=86"}],"version-history":[{"count":26,"href":"https:\/\/www.tamaulipas.gob.mx\/transparenciaparaelpueblodetamaulipas\/wp-json\/wp\/v2\/pages\/86\/revisions"}],"predecessor-version":[{"id":243,"href":"https:\/\/www.tamaulipas.gob.mx\/transparenciaparaelpueblodetamaulipas\/wp-json\/wp\/v2\/pages\/86\/revisions\/243"}],"wp:attachment":[{"href":"https:\/\/www.tamaulipas.gob.mx\/transparenciaparaelpueblodetamaulipas\/wp-json\/wp\/v2\/media?parent=86"}],"curies":[{"name":"wp","href":"https:\/\/api.w.org\/{rel}","templated":true}]}}