{"id":80,"date":"2025-09-19T18:23:03","date_gmt":"2025-09-19T16:23:03","guid":{"rendered":"https:\/\/www.tamaulipas.gob.mx\/transparenciaparaelpueblodetamaulipas\/?page_id=80"},"modified":"2025-12-24T04:09:17","modified_gmt":"2025-12-24T03:09:17","slug":"apoyo-subsidiario","status":"publish","type":"page","link":"https:\/\/www.tamaulipas.gob.mx\/transparenciaparaelpueblodetamaulipas\/apoyo-subsidiario\/","title":{"rendered":"Apoyo Subsidiario"},"content":{"rendered":"<p><span style=\"font-weight: 400;\">El apoyo subsidiario no sustituye la obligaci\u00f3n y responsabilidad del municipio como sujeto obligado.<br \/>\n<\/span><\/p>\n<p><span style=\"font-weight: 400;\"><strong>\u00bfQu\u00e9 es?<\/strong><br \/>\n<\/span><\/p>\n<p><span style=\"font-weight: 400;\">Es la asesor\u00eda, asistencia t\u00e9cnica y tecnol\u00f3gica que proporciona el \u00d3rgano Desconcentrado Transparencia para el Pueblo de Tamaulipas, de la Secretar\u00eda Anticorrupci\u00f3n y Buen Gobierno a los Municipios y sus OPD\u00b4s municipales para que cumplan en tiempo y forma con las obligaciones de transparencia instruidas en la legislaci\u00f3n.<br \/>\n<\/span><\/p>\n<p><strong><span style=\"font-weight: 400;\"><strong>\u00bfQui\u00e9n lo otorga?<\/strong><br \/>\n<\/span><\/strong><\/p>\n<p><span style=\"font-weight: 400;\">Transparencia para el Pueblo de Tamaulipas como autoridad garante de los municipios del estado de Tamaulipas.<br \/>\n<\/span><\/p>\n<p><strong><span style=\"font-weight: 400;\"><strong>\u00bfA qui\u00e9n se le otorga?<\/strong><br \/>\n<\/span><\/strong><\/p>\n<p><span style=\"font-weight: 400;\">A los municipios del estado de Tamaulipas, previa solicitud a la autoridad garante Transparencia para el Pueblo de Tamaulipas.<br \/>\n<\/span><\/p>\n<p><strong><span style=\"font-weight: 400;\"><strong>\u00bfCu\u00e1ndo se otorga?<\/strong><br \/>\n<\/span><\/strong><\/p>\n<p><span style=\"font-weight: 400;\">Cuando los municipios del estado de Tamaulipas lo solicitan oficialmente, porque no cuentan con los recursos, medios y capacidades t\u00e9cnicas para dar cumplimiento en tiempo y forma a las obligaciones de transparencia.<br \/>\n<\/span><\/p>\n<p><strong><span style=\"font-weight: 400;\"><strong>\u00bfQu\u00e9 comprende?<\/strong><br \/>\n<\/span><\/strong><\/p>\n<ul>\n<li><span style=\"font-weight: 400;\"><strong>Asesor\u00eda t\u00e9cnica y legal<\/strong>, para la integraci\u00f3n, organizaci\u00f3n y clasificaci\u00f3n de la informaci\u00f3n, atenci\u00f3n de solicitudes de acceso a la informaci\u00f3n y en la aplicaci\u00f3n de criterios.<br \/>\n<\/span><\/li>\n<li><span style=\"font-weight: 400;\"><strong>Asistencia tecnol\u00f3gica<\/strong>, en el uso de la Plataforma Nacional de Transparencia y sistemas inform\u00e1ticos.<br \/>\n<\/span><\/li>\n<li><span style=\"font-weight: 400;\"><strong>Acompa\u00f1amiento<\/strong>, proporcionando capacitaci\u00f3n y supervisi\u00f3n peri\u00f3dica para el establecimiento de pr\u00e1cticas y procedimientos internos.<br \/>\n<\/span><\/li>\n<\/ul>\n<p><strong><span style=\"font-weight: 400;\"><strong>\u00bfPor qu\u00e9 se otorga?<\/strong><br \/>\n<\/span><\/strong><\/p>\n<p><span style=\"font-weight: 400;\">La finalidad es asistir a las personas servidoras p\u00fablicas del municipio en el cumplimiento de las obligaciones de transparencia, e impulsar la apropiaci\u00f3n de conocimientos, habilidades y herramientas institucionales en el sujeto obligado, para estar en posibilidad de cumplir por s\u00ed mismo.<br \/>\n<\/span><\/p>\n<p>&nbsp;<\/p>\n<p><strong><span style=\"font-weight: 400;\"><strong>Contacto<\/strong><br \/>\n<\/span><\/strong><\/p>\n<p><span style=\"font-weight: 400;\">Ing. Eloisa Guadalupe Rodr\u00edguez Mel\u00e9ndez<\/span><\/p>\n<p><span style=\"font-weight: 400;\">01 (834) 3166551 ext. 102<\/span><\/p>\n<p><a href=\"mailto:eloisa.rodriguez@tamaulipas.gob.mx\"><span style=\"font-weight: 400;\">eloisa.rodriguez@tamaulipas.gob.mx<\/span><\/a><span style=\"font-weight: 400;\">\u00a0<\/span><\/p>\n<p><a href=\"https:\/\/sega.tamaulipas.gob.mx\/AppSEGA\/index.php\/login\" target=\"_blank\" rel=\"noopener\">Sitio SEGA<\/a><\/p>\n","protected":false},"excerpt":{"rendered":"<p>El apoyo subsidiario no sustituye la obligaci\u00f3n y responsabilidad del municipio como sujeto obligado. \u00bfQu\u00e9 es? Es la asesor\u00eda, asistencia t\u00e9cnica y tecnol\u00f3gica que proporciona\u2026<\/p>\n","protected":false},"author":1,"featured_media":0,"parent":0,"menu_order":0,"comment_status":"closed","ping_status":"closed","template":"","meta":{"footnotes":""},"class_list":["post-80","page","type-page","status-publish","hentry"],"publishpress_future_action":{"enabled":false,"date":"2026-04-22 20:30:24","action":"change-status","newStatus":"draft","terms":[],"taxonomy":""},"_links":{"self":[{"href":"https:\/\/www.tamaulipas.gob.mx\/transparenciaparaelpueblodetamaulipas\/wp-json\/wp\/v2\/pages\/80"}],"collection":[{"href":"https:\/\/www.tamaulipas.gob.mx\/transparenciaparaelpueblodetamaulipas\/wp-json\/wp\/v2\/pages"}],"about":[{"href":"https:\/\/www.tamaulipas.gob.mx\/transparenciaparaelpueblodetamaulipas\/wp-json\/wp\/v2\/types\/page"}],"author":[{"embeddable":true,"href":"https:\/\/www.tamaulipas.gob.mx\/transparenciaparaelpueblodetamaulipas\/wp-json\/wp\/v2\/users\/1"}],"replies":[{"embeddable":true,"href":"https:\/\/www.tamaulipas.gob.mx\/transparenciaparaelpueblodetamaulipas\/wp-json\/wp\/v2\/comments?post=80"}],"version-history":[{"count":4,"href":"https:\/\/www.tamaulipas.gob.mx\/transparenciaparaelpueblodetamaulipas\/wp-json\/wp\/v2\/pages\/80\/revisions"}],"predecessor-version":[{"id":216,"href":"https:\/\/www.tamaulipas.gob.mx\/transparenciaparaelpueblodetamaulipas\/wp-json\/wp\/v2\/pages\/80\/revisions\/216"}],"wp:attachment":[{"href":"https:\/\/www.tamaulipas.gob.mx\/transparenciaparaelpueblodetamaulipas\/wp-json\/wp\/v2\/media?parent=80"}],"curies":[{"name":"wp","href":"https:\/\/api.w.org\/{rel}","templated":true}]}}