{"id":68,"date":"2025-09-19T02:56:41","date_gmt":"2025-09-19T00:56:41","guid":{"rendered":"https:\/\/www.tamaulipas.gob.mx\/transparenciaparaelpueblodetamaulipas\/?page_id=68"},"modified":"2026-02-26T04:50:25","modified_gmt":"2026-02-26T03:50:25","slug":"recursos-de-revision-tpt","status":"publish","type":"page","link":"https:\/\/www.tamaulipas.gob.mx\/transparenciaparaelpueblodetamaulipas\/recursos-de-revision-tpt\/","title":{"rendered":"Recursos de Revisi\u00f3n"},"content":{"rendered":"<p><span style=\"font-weight: 400;\">Es el medio de defensa que permite al ciudadano inconformarse en caso de que la autoridad p\u00fablica te niegue o limite el acceso a la informaci\u00f3n p\u00fablica o de acceso, rectificaci\u00f3n, correcci\u00f3n u oposici\u00f3n en el tratamiento de sus datos personales, al momento de tramitarlo o bien sobre la calidad de la entrega de la informaci\u00f3n que se solicita.<\/span><\/p>\n<p>&nbsp;<\/p>\n<p style=\"text-align: right;\"><span style=\"font-size: 10pt;\">Art\u00edculos 132 a 152 de la Ley de Transparencia y Acceso a la Informaci\u00f3n P\u00fablica del Estado de Tamaulipas<\/span><\/p>\n<p>&nbsp;<\/p>\n<ul>\n<li>Resoluci\u00f3n de Transparencia para el Pueblo de Tamaulipas<\/li>\n<\/ul>\n<p class=\"p1\"><div class=\"table-responsive\"><table class=\" aligncenter table table-gobtam\" style=\"height: 140px; width: 99.2721%;\" width=\"99.2721%\"><thead><tr><td style=\"text-align: center; width: 99.7635%;\" colspan=\"6\"><a href=\"https:\/\/itait.org.mx\/itait\/transparencia\/informacion-del-pleno\/resoluciones-del-pleno\/\" target=\"_blank\" rel=\"noopener\"><b>Hist&#xF3;rico de Estad&#xED;stica ITAIT<\/b><\/a><b>\n<div class=\"jumbotron\"><h1>AVISO IMPORTANTE<\/h1>\nP&#xE1;gina web en mantenimiento.\n<p>Si usted desea obtener informaci&#xF3;n de este sitio deber&#xE1; comunicarse a Transparencia para el Pueblo de Tamaulipas<br>\n8343166551<br>\nExtensi&#xF3;n 00101 y 00105<br>\ntransparenciaparaelpueblodetamaulipas@tamaulipas.gob.mx<br><\/p><\/div>\n<\/b><p><\/p><\/td>\n<\/tr><tr><td style=\"width: 180.5%; text-align: center;\" colspan=\"3\"><b>Hist&#xF3;rico de Estad&#xED;stica TPT de la SABG<\/b><\/td>\n<\/tr><tr><td style=\"width: 180.5%; text-align: center;\" colspan=\"3\"><b>Ejercicio: 2025<\/b><\/td>\n<\/tr><tr style=\"height: 24px;\"><td style=\"width: 34.9515%; height: 24px; text-align: center;\">N&#xFA;mero<\/td>\n<td style=\"width: 39.698%; height: 24px; text-align: center;\">N&#xFA;mero de expediente de recurso de revisi&#xF3;n<\/td>\n<td style=\"width: 105.85%; height: 24px; text-align: center;\">Sujeto Obligado<\/td>\n<\/tr><\/thead><tbody><tr style=\"height: 96px;\"><td style=\"width: 34.9515%; height: 66px; text-align: center;\">1<\/td>\n<td style=\"width: 39.698%; height: 66px; text-align: center;\"><a href=\"http:\/\/www.tamaulipas.gob.mx\/transparenciaparaelpueblodetamaulipas\/wp-content\/uploads\/sites\/124\/2025\/12\/rrai-284-2025-ay-altamira-resolucion.pdf\">RRAI\/284\/2025<\/a><\/td>\n<td style=\"width: 105.85%; height: 66px; text-align: center;\">Ayuntamiento de Altamira<\/td>\n<\/tr><tr style=\"height: 96px;\"><td style=\"width: 34.9515%; height: 66px; text-align: center;\">2<\/td>\n<td style=\"width: 39.698%; height: 66px; text-align: center;\"><a href=\"http:\/\/www.tamaulipas.gob.mx\/transparenciaparaelpueblodetamaulipas\/wp-content\/uploads\/sites\/124\/2025\/12\/rrai-0308-2025-resolucion.pdf\">RRAI\/308\/2025<\/a><\/td>\n<td style=\"width: 105.85%; height: 66px; text-align: center;\">Ayuntamiento de Tampico<\/td>\n<\/tr><tr style=\"height: 96px;\"><td style=\"width: 34.9515%; height: 66px; text-align: center;\">3<\/td>\n<td style=\"width: 39.698%; height: 66px; text-align: center;\"><a href=\"http:\/\/www.tamaulipas.gob.mx\/transparenciaparaelpueblodetamaulipas\/wp-content\/uploads\/sites\/124\/2025\/12\/rrai-0312-2025-resolucion.pdf\">RRAI\/312\/2025<\/a><\/td>\n<td style=\"width: 105.85%; height: 66px; text-align: center;\">Ayuntamiento de Aldama<\/td>\n<\/tr><tr style=\"height: 96px;\"><td style=\"width: 34.9515%; height: 66px; text-align: center;\">4<\/td>\n<td style=\"width: 39.698%; height: 66px; text-align: center;\"><a href=\"http:\/\/www.tamaulipas.gob.mx\/transparenciaparaelpueblodetamaulipas\/wp-content\/uploads\/sites\/124\/2025\/12\/rrai-314-2025-resolucion.pdf\">RRAI\/314\/2025<\/a><\/td>\n<td style=\"width: 105.85%; height: 66px; text-align: center;\">Ayuntamiento de San Fernando<\/td>\n<\/tr><tr style=\"height: 96px;\"><td style=\"width: 34.9515%; height: 66px; text-align: center;\">5<\/td>\n<td style=\"width: 39.698%; height: 66px; text-align: center;\"><a href=\"http:\/\/www.tamaulipas.gob.mx\/transparenciaparaelpueblodetamaulipas\/wp-content\/uploads\/sites\/124\/2025\/12\/rrdp-0316-2025-resolucion.pdf\">RRDP\/316\/2025<\/a><\/td>\n<td style=\"width: 105.85%; height: 66px; text-align: center;\">Secretar&#xED;a de Administraci&#xF3;n<\/td>\n<\/tr><tr style=\"height: 96px;\"><td style=\"width: 34.9515%; height: 66px; text-align: center;\">6<\/td>\n<td style=\"width: 39.698%; height: 66px; text-align: center;\"><a href=\"http:\/\/www.tamaulipas.gob.mx\/transparenciaparaelpueblodetamaulipas\/wp-content\/uploads\/sites\/124\/2025\/12\/rrai-0322-2025-resolucion.pdf\">RRAI\/322\/2025<\/a><\/td>\n<td style=\"width: 105.85%; height: 66px; text-align: center;\">Ayuntamiento de Aldama<\/td>\n<\/tr><tr style=\"height: 96px;\"><td style=\"width: 34.9515%; height: 66px; text-align: center;\">7<\/td>\n<td style=\"width: 39.698%; height: 66px; text-align: center;\"><a href=\"http:\/\/www.tamaulipas.gob.mx\/transparenciaparaelpueblodetamaulipas\/wp-content\/uploads\/sites\/124\/2025\/12\/rrai-320-2025-resolucion.pdf\">RRAI\/320\/2025<\/a><\/td>\n<td style=\"width: 105.85%; height: 66px; text-align: center;\">Secretar&#xED;a de Desarrollo Urbano y Medio Ambiente<\/td>\n<\/tr><tr style=\"height: 96px;\"><td style=\"width: 34.9515%; height: 66px; text-align: center;\">8<\/td>\n<td style=\"width: 39.698%; height: 66px; text-align: center;\"><a href=\"http:\/\/www.tamaulipas.gob.mx\/transparenciaparaelpueblodetamaulipas\/wp-content\/uploads\/sites\/124\/2025\/12\/rrai-328-2025-resolucion.pdf\">RRAI\/328\/2025<\/a><\/td>\n<td style=\"width: 105.85%; height: 66px; text-align: center;\">Secretar&#xED;a de Bienestar Social<\/td>\n<\/tr><tr style=\"height: 96px;\"><td style=\"width: 34.9515%; height: 66px; text-align: center;\">9<\/td>\n<td style=\"width: 39.698%; height: 66px; text-align: center;\"><a href=\"http:\/\/www.tamaulipas.gob.mx\/transparenciaparaelpueblodetamaulipas\/wp-content\/uploads\/sites\/124\/2025\/12\/rrai-334-2025-resolucion.pdf\">RRAI\/334\/2025<\/a><\/td>\n<td style=\"width: 105.85%; height: 66px; text-align: center;\">Secretar&#xED;a de Salud y Servicios de Salud de Tamaulipas<\/td>\n<\/tr><tr style=\"height: 96px;\"><td style=\"width: 34.9515%; height: 66px; text-align: center;\">10<\/td>\n<td style=\"width: 39.698%; height: 66px; text-align: center;\"><a href=\"http:\/\/www.tamaulipas.gob.mx\/transparenciaparaelpueblodetamaulipas\/wp-content\/uploads\/sites\/124\/2025\/12\/rrai-340-2025-resolucion.pdf\">RRAI\/340\/2025<\/a><\/td>\n<td style=\"width: 105.85%; height: 66px; text-align: center;\">Ayuntamiento de Gomez Farias<\/td>\n<\/tr><tr style=\"height: 96px;\"><td style=\"width: 34.9515%; height: 66px; text-align: center;\">11<\/td>\n<td style=\"width: 39.698%; height: 66px; text-align: center;\"><a href=\"http:\/\/www.tamaulipas.gob.mx\/transparenciaparaelpueblodetamaulipas\/wp-content\/uploads\/sites\/124\/2025\/12\/rrai-346-2025-resolucion.pdf\">RRAI\/346\/2025<\/a><\/td>\n<td style=\"width: 105.85%; height: 66px; text-align: center;\">Ayuntamiento de Gustavo D&#xED;az Ordaz<\/td>\n<\/tr><tr style=\"height: 96px;\"><td style=\"width: 34.9515%; height: 66px; text-align: center;\">12<\/td>\n<td style=\"width: 39.698%; height: 66px; text-align: center;\"><a href=\"http:\/\/www.tamaulipas.gob.mx\/transparenciaparaelpueblodetamaulipas\/wp-content\/uploads\/sites\/124\/2025\/12\/rrai-0350-2025-resolucion.pdf\">RRAI\/350\/2025<\/a><\/td>\n<td style=\"width: 105.85%; height: 66px; text-align: center;\">Centro de Conciliaci&#xF3;n laboral del Estado de Tamaulipas<\/td>\n<\/tr><tr style=\"height: 96px;\"><td style=\"width: 34.9515%; height: 66px; text-align: center;\">13<\/td>\n<td style=\"width: 39.698%; height: 66px; text-align: center;\"><a href=\"http:\/\/www.tamaulipas.gob.mx\/transparenciaparaelpueblodetamaulipas\/wp-content\/uploads\/sites\/124\/2025\/12\/rrdp-317-2025-oficinas-del-gob-resolucion-resolucion.pdf\">RRDP\/317\/2025<\/a><\/td>\n<td style=\"width: 105.85%; height: 66px; text-align: center;\">Oficinas del Gobernador del Estado de Tamaulipas<\/td>\n<\/tr><tr style=\"height: 96px;\"><td style=\"width: 34.9515%; height: 66px; text-align: center;\">14<\/td>\n<td style=\"width: 39.698%; height: 66px; text-align: center;\"><a href=\"http:\/\/www.tamaulipas.gob.mx\/transparenciaparaelpueblodetamaulipas\/wp-content\/uploads\/sites\/124\/2025\/12\/rrai-319-2025-seduma-resolucion.pdf\">RRAI\/319\/2025<\/a><\/td>\n<td style=\"width: 105.85%; height: 66px; text-align: center;\">Secretar&#xED;a de Desarrollo Urbano y Medio Ambiente<\/td>\n<\/tr><tr style=\"height: 96px;\"><td style=\"width: 34.9515%; height: 66px; text-align: center;\">15<\/td>\n<td style=\"width: 39.698%; height: 66px; text-align: center;\"><a href=\"http:\/\/www.tamaulipas.gob.mx\/transparenciaparaelpueblodetamaulipas\/wp-content\/uploads\/sites\/124\/2025\/12\/rrai-321-2025-seduma-resolucion.pdf\">RRAI\/321\/2025<\/a><\/td>\n<td style=\"width: 105.85%; height: 66px; text-align: center;\">Secretar&#xED;a de Desarrollo Urbano y Medio Ambiente<\/td>\n<\/tr><tr style=\"height: 96px;\"><td style=\"width: 34.9515%; height: 66px; text-align: center;\">16<\/td>\n<td style=\"width: 39.698%; height: 66px; text-align: center;\"><a href=\"http:\/\/www.tamaulipas.gob.mx\/transparenciaparaelpueblodetamaulipas\/wp-content\/uploads\/sites\/124\/2025\/12\/rrai-323-2025-seduma-resolucion.pdf\">RRAI\/323\/2025<\/a><\/td>\n<td style=\"width: 105.85%; height: 66px; text-align: center;\">Secretar&#xED;a de Desarrollo Urbano y Medio Ambiente<\/td>\n<\/tr><tr style=\"height: 96px;\"><td style=\"width: 34.9515%; height: 66px; text-align: center;\">17<\/td>\n<td style=\"width: 39.698%; height: 66px; text-align: center;\"><a href=\"http:\/\/www.tamaulipas.gob.mx\/transparenciaparaelpueblodetamaulipas\/wp-content\/uploads\/sites\/124\/2025\/12\/rrai-325-2025-ay-abasolo-resolucion.pdf\">RRAI\/325\/2025<\/a><\/td>\n<td style=\"width: 105.85%; height: 66px; text-align: center;\">Ayuntamiento de Abasolo, Tamaulipas<\/td>\n<\/tr><tr style=\"height: 96px;\"><td style=\"width: 34.9515%; height: 66px; text-align: center;\">18<\/td>\n<td style=\"width: 39.698%; height: 66px; text-align: center;\"><a href=\"http:\/\/www.tamaulipas.gob.mx\/transparenciaparaelpueblodetamaulipas\/wp-content\/uploads\/sites\/124\/2025\/12\/rrai-327-2025-seduma-resolucion.pdf\">RRAI\/327\/2025<\/a><\/td>\n<td style=\"width: 105.85%; height: 66px; text-align: center;\">Secretar&#xED;a de Desarrollo Urbano y Medio Ambiente<\/td>\n<\/tr><tr style=\"height: 96px;\"><td style=\"width: 34.9515%; height: 66px; text-align: center;\">19<\/td>\n<td style=\"width: 39.698%; height: 66px; text-align: center;\"><a href=\"http:\/\/www.tamaulipas.gob.mx\/transparenciaparaelpueblodetamaulipas\/wp-content\/uploads\/sites\/124\/2025\/12\/rrai-329-2025-ay-altamira-resolucion.pdf\">RRAI\/329\/2025<\/a><\/td>\n<td style=\"width: 105.85%; height: 66px; text-align: center;\">Ayuntamiento de Altamira, Tamaulipas<\/td>\n<\/tr><tr style=\"height: 96px;\"><td style=\"width: 34.9515%; height: 66px; text-align: center;\">20<\/td>\n<td style=\"width: 39.698%; height: 66px; text-align: center;\"><a href=\"http:\/\/www.tamaulipas.gob.mx\/transparenciaparaelpueblodetamaulipas\/wp-content\/uploads\/sites\/124\/2025\/12\/rrd-337-2025-sec-educacion-resolucion.pdf\">RRDP\/337\/2025<\/a><\/td>\n<td style=\"width: 105.85%; height: 66px; text-align: center;\">Secretar&#xED;a de Educaci&#xF3;n del Estado de Tamaulipas<\/td>\n<\/tr><tr style=\"height: 96px;\"><td style=\"width: 34.9515%; height: 66px; text-align: center;\">21<\/td>\n<td style=\"width: 39.698%; height: 66px; text-align: center;\"><a href=\"http:\/\/www.tamaulipas.gob.mx\/transparenciaparaelpueblodetamaulipas\/wp-content\/uploads\/sites\/124\/2025\/12\/rrai-339-2025-comapa-padilla-resolucion.pdf\">RRAI\/339\/2025<\/a><\/td>\n<td style=\"width: 105.85%; height: 66px; text-align: center;\">Comisi&#xF3;n Municipal De Agua Potable Y Alcantarillado De Padilla<\/td>\n<\/tr><tr style=\"height: 96px;\"><td style=\"width: 34.9515%; height: 66px; text-align: center;\">22<\/td>\n<td style=\"width: 39.698%; height: 66px; text-align: center;\"><a href=\"http:\/\/www.tamaulipas.gob.mx\/transparenciaparaelpueblodetamaulipas\/wp-content\/uploads\/sites\/124\/2025\/12\/rrai-345-2025-ay-diaz-ordaz.pdf\">RRAI\/345\/2025<\/a><\/td>\n<td style=\"width: 105.85%; height: 66px; text-align: center;\">Ayuntamiento de Gustavo Diaz Ordaz<\/td>\n<\/tr><tr style=\"height: 96px;\"><td style=\"width: 34.9515%; height: 66px; text-align: center;\">23<\/td>\n<td style=\"width: 39.698%; height: 66px; text-align: center;\"><a href=\"http:\/\/www.tamaulipas.gob.mx\/transparenciaparaelpueblodetamaulipas\/wp-content\/uploads\/sites\/124\/2025\/12\/rrai-347-2025-ay-diaz-ordaz.pdf\">RRAI\/347\/2025<\/a><\/td>\n<td style=\"width: 105.85%; height: 66px; text-align: center;\">Ayuntamiento de Gustavo Diaz Ordaz<\/td>\n<\/tr><\/tbody><\/table><\/div>\n<p>Contacto: <a href=\"mailto:recursostpt@tamaulipas.gob.mx\" target=\"_blank\" rel=\"noopener\">recursostpt@tamaulipas.gob.mx<\/a><\/p>\n","protected":false},"excerpt":{"rendered":"<p>Es el medio de defensa que permite al ciudadano inconformarse en caso de que la autoridad p\u00fablica te niegue o limite el acceso a la\u2026<\/p>\n","protected":false},"author":1,"featured_media":0,"parent":0,"menu_order":0,"comment_status":"closed","ping_status":"closed","template":"","meta":{"footnotes":""},"class_list":["post-68","page","type-page","status-publish","hentry"],"publishpress_future_action":{"enabled":false,"date":"2026-04-22 20:04:48","action":"change-status","newStatus":"draft","terms":[],"taxonomy":""},"_links":{"self":[{"href":"https:\/\/www.tamaulipas.gob.mx\/transparenciaparaelpueblodetamaulipas\/wp-json\/wp\/v2\/pages\/68"}],"collection":[{"href":"https:\/\/www.tamaulipas.gob.mx\/transparenciaparaelpueblodetamaulipas\/wp-json\/wp\/v2\/pages"}],"about":[{"href":"https:\/\/www.tamaulipas.gob.mx\/transparenciaparaelpueblodetamaulipas\/wp-json\/wp\/v2\/types\/page"}],"author":[{"embeddable":true,"href":"https:\/\/www.tamaulipas.gob.mx\/transparenciaparaelpueblodetamaulipas\/wp-json\/wp\/v2\/users\/1"}],"replies":[{"embeddable":true,"href":"https:\/\/www.tamaulipas.gob.mx\/transparenciaparaelpueblodetamaulipas\/wp-json\/wp\/v2\/comments?post=68"}],"version-history":[{"count":12,"href":"https:\/\/www.tamaulipas.gob.mx\/transparenciaparaelpueblodetamaulipas\/wp-json\/wp\/v2\/pages\/68\/revisions"}],"predecessor-version":[{"id":315,"href":"https:\/\/www.tamaulipas.gob.mx\/transparenciaparaelpueblodetamaulipas\/wp-json\/wp\/v2\/pages\/68\/revisions\/315"}],"wp:attachment":[{"href":"https:\/\/www.tamaulipas.gob.mx\/transparenciaparaelpueblodetamaulipas\/wp-json\/wp\/v2\/media?parent=68"}],"curies":[{"name":"wp","href":"https:\/\/api.w.org\/{rel}","templated":true}]}}