{"id":52,"date":"2025-09-18T22:08:51","date_gmt":"2025-09-18T20:08:51","guid":{"rendered":"https:\/\/www.tamaulipas.gob.mx\/transparenciaparaelpueblodetamaulipas\/?page_id=52"},"modified":"2026-02-26T04:50:17","modified_gmt":"2026-02-26T03:50:17","slug":"medidas-de-apremio","status":"publish","type":"page","link":"https:\/\/www.tamaulipas.gob.mx\/transparenciaparaelpueblodetamaulipas\/medidas-de-apremio\/","title":{"rendered":"Medidas de Apremio"},"content":{"rendered":"<p>Las autoridades garantes, en sus respectivos \u00e1mbitos de competencia, podr\u00e1n imponer a la persona servidora p\u00fablica encargada de cumplir con la resoluci\u00f3n, o a las y los miembros de los sindicatos, partidos pol\u00edticos o a la persona f\u00edsica o moral responsable, las siguientes medidas de apremio para asegurar el cumplimiento de sus determinaciones:<\/p>\n<p>I. Amonestaci\u00f3n p\u00fablica; y<br \/>\nII. Multa, de ciento cincuenta hasta mil quinientas veces la Unidad de Medida y Actualizaci\u00f3n vigente al momento en que se cometa el incumplimiento<\/p>\n<p style=\"text-align: right;\"><span style=\"font-size: 10pt;\">Art\u00edculos 155 a 175 de la Ley de Transparencia y Acceso a la Informaci\u00f3n P\u00fablica del Estado de Tamaulipas<\/span><\/p>\n<ul>\n<li>Medidas de Apremio<\/li>\n<\/ul>\n<p class=\"p1\"><div class=\"table-responsive\"><table class=\" aligncenter table table-gobtam\" style=\"height: 140px; width: 99.2266%;\" width=\"99.2266%\"><thead><tr><td style=\"text-align: center; width: 99.7635%;\" colspan=\"6\"><a href=\"https:\/\/itait.org.mx\/itait\/medidas-de-apremio-impuestas-por-el-itait\/\" target=\"_blank\" rel=\"noopener\"><b>Hist&#xF3;rico de Estad&#xED;stica ITAIT<\/b><\/a><b>\n<div class=\"jumbotron\"><h1>AVISO IMPORTANTE<\/h1>\nP&#xE1;gina web en mantenimiento.\n<p>Si usted desea obtener informaci&#xF3;n de este sitio deber&#xE1; comunicarse a Transparencia para el Pueblo de Tamaulipas<br>\n8343166551<br>\nExtensi&#xF3;n 00101 y 00105<br>\ntransparenciaparaelpueblodetamaulipas@tamaulipas.gob.mx<br><\/p><\/div>\n<\/b><p><\/p><\/td>\n<\/tr><tr><td style=\"text-align: center; width: 85.4401%;\" colspan=\"5\"><b>Hist&#xF3;rico de Estad&#xED;stica TPT de la SABG<\/b><b><br><\/b><\/td>\n<\/tr><tr><td style=\"text-align: center; width: 85.4401%;\" colspan=\"5\"><b>Ejercicio: 2025<\/b><b><br><\/b><\/td>\n<\/tr><tr style=\"height: 24px;\"><td style=\"width: 9.36888%; height: 24px; text-align: center;\">Expediente<\/td>\n<td style=\"width: 10.7583%; height: 24px; text-align: center;\">Fecha<\/td>\n<td style=\"width: 23.1269%; height: 24px; text-align: center;\">Servidor P&#xFA;blico<\/td>\n<td style=\"width: 23.7804%; text-align: center;\">Sujeto Obligado<\/td>\n<td style=\"width: 18.4056%; text-align: center;\">Medida de Apremio Impuesta<\/td>\n<\/tr><\/thead><tbody><tr><td style=\"text-align: center; width: 85.4401%;\" colspan=\"5\">Por el momento no se han aplicado medidas de apremio, toda vez que los requerimientos y las resoluciones emitidas por Transparencia para el Pueblo de Tamaulipas, han sido atendidas en tiempo y forma por los sujetos obligados.<\/td>\n<\/tr><tr style=\"height: 96px;\"><td style=\"width: 9.36888%; height: 66px; text-align: center;\"><\/td>\n<td style=\"width: 10.7583%; height: 66px; text-align: center;\"><\/td>\n<td style=\"width: 23.1269%; height: 66px; text-align: center;\"><\/td>\n<td style=\"width: 23.7804%; text-align: center;\"><\/td>\n<td style=\"width: 18.4056%; text-align: center;\"><\/td>\n<\/tr><\/tbody><\/table><\/div>\n","protected":false},"excerpt":{"rendered":"<p>Las autoridades garantes, en sus respectivos \u00e1mbitos de competencia, podr\u00e1n imponer a la persona servidora p\u00fablica encargada de cumplir con la resoluci\u00f3n, o a las\u2026<\/p>\n","protected":false},"author":1,"featured_media":0,"parent":0,"menu_order":0,"comment_status":"closed","ping_status":"closed","template":"","meta":{"footnotes":""},"class_list":["post-52","page","type-page","status-publish","hentry"],"publishpress_future_action":{"enabled":false,"date":"2026-04-22 20:30:25","action":"change-status","newStatus":"draft","terms":[],"taxonomy":""},"_links":{"self":[{"href":"https:\/\/www.tamaulipas.gob.mx\/transparenciaparaelpueblodetamaulipas\/wp-json\/wp\/v2\/pages\/52"}],"collection":[{"href":"https:\/\/www.tamaulipas.gob.mx\/transparenciaparaelpueblodetamaulipas\/wp-json\/wp\/v2\/pages"}],"about":[{"href":"https:\/\/www.tamaulipas.gob.mx\/transparenciaparaelpueblodetamaulipas\/wp-json\/wp\/v2\/types\/page"}],"author":[{"embeddable":true,"href":"https:\/\/www.tamaulipas.gob.mx\/transparenciaparaelpueblodetamaulipas\/wp-json\/wp\/v2\/users\/1"}],"replies":[{"embeddable":true,"href":"https:\/\/www.tamaulipas.gob.mx\/transparenciaparaelpueblodetamaulipas\/wp-json\/wp\/v2\/comments?post=52"}],"version-history":[{"count":17,"href":"https:\/\/www.tamaulipas.gob.mx\/transparenciaparaelpueblodetamaulipas\/wp-json\/wp\/v2\/pages\/52\/revisions"}],"predecessor-version":[{"id":316,"href":"https:\/\/www.tamaulipas.gob.mx\/transparenciaparaelpueblodetamaulipas\/wp-json\/wp\/v2\/pages\/52\/revisions\/316"}],"wp:attachment":[{"href":"https:\/\/www.tamaulipas.gob.mx\/transparenciaparaelpueblodetamaulipas\/wp-json\/wp\/v2\/media?parent=52"}],"curies":[{"name":"wp","href":"https:\/\/api.w.org\/{rel}","templated":true}]}}