{"id":42,"date":"2025-09-13T00:53:52","date_gmt":"2025-09-12T22:53:52","guid":{"rendered":"https:\/\/www.tamaulipas.gob.mx\/transparenciaparaelpueblodetamaulipas\/?page_id=42"},"modified":"2026-03-19T01:57:42","modified_gmt":"2026-03-19T00:57:42","slug":"verificacion","status":"publish","type":"page","link":"https:\/\/www.tamaulipas.gob.mx\/transparenciaparaelpueblodetamaulipas\/verificacion\/","title":{"rendered":"Verificaci\u00f3n"},"content":{"rendered":"<p><span style=\"font-weight: 400;\">Transparencia para el Pueblo de Tamaulipas verifica, de manera aleatoria o muestral y peri\u00f3dica, que las obligaciones de transparencia que publiquen las dependencias y entidades del Poder Ejecutivo, as\u00ed como de los municipios del Estado, cumplan con lo dispuesto en la Ley de Transparencia y Acceso a la Informaci\u00f3n P\u00fablica del Estado de Tamaulipas.<\/span><\/p>\n<p style=\"text-align: right;\"><span style=\"font-weight: 400; font-size: 10pt;\">Art\u00edculos 71 a 75 de la Ley de Transparencia y Acceso a la Informaci\u00f3n P\u00fablica del Estado de Tamaulipas<\/span><\/p>\n<ul>\n<li style=\"font-weight: 400;\" aria-level=\"1\"><span style=\"font-weight: 400;\">Padr\u00f3n de Sujetos Obligados competencia de Transparencia para el Pueblo de Tamaulipas.<\/span><\/li>\n<\/ul>\n<p class=\"p1\"><div class=\"table-responsive\"><table class=\" aligncenter table table-gobtam\" style=\"height: 267px; width: 99.5766%;\" width=\"99.2266%\"><thead><tr><td style=\"text-align: center; width: 99.7635%;\" colspan=\"6\"><a href=\"https:\/\/itait.org.mx\/itait\/verificaciones-de-sujetos-obligados\/\" target=\"_blank\" rel=\"noopener\"><b>Hist&#xF3;rico de Estad&#xED;stica ITAIT<\/b><\/a><b>\n<div class=\"jumbotron\"><h1>AVISO IMPORTANTE<\/h1>\nP&#xE1;gina web en mantenimiento.\n<p>Si usted desea obtener informaci&#xF3;n de este sitio deber&#xE1; comunicarse a Transparencia para el Pueblo de Tamaulipas<br>\n8343166551<br>\nExtensi&#xF3;n 00101 y 00105<br>\ntransparenciaparaelpueblodetamaulipas@tamaulipas.gob.mx<br><\/p><\/div>\n<\/b><p><\/p><\/td>\n<\/tr><tr><td style=\"text-align: center; width: 99.7635%;\" colspan=\"6\"><b>Hist&#xF3;rico de Estad&#xED;stica TPT de la SABG<\/b><\/td>\n<\/tr><tr><td style=\"text-align: center; width: 99.7635%;\" colspan=\"6\"><b>Ejercicio: 2025<\/b><b><br><\/b><\/td>\n<\/tr><tr style=\"height: 24px;\"><td style=\"width: 18.5879%; height: 24px; text-align: center;\">N&#xB0;<\/td>\n<td style=\"width: 21.5041%; height: 24px; text-align: center;\">Tipo de Sujeto Obligado<\/td>\n<td style=\"width: 29.9929%; height: 24px; text-align: center;\">Sujeto Obligado<\/td>\n<td style=\"width: 19.2589%; text-align: center;\">Porcentaje de cumplimiento de las obligaciones de Transparencia<\/td>\n<td style=\"width: 10.4197%; text-align: center;\">Dictamen<\/td>\n<\/tr><\/thead><tbody><tr style=\"height: 96px;\"><td style=\"width: 18.5879%; height: 66px; text-align: center;\">1<\/td>\n<td style=\"width: 21.5041%; height: 66px; text-align: center;\">Municipio<\/td>\n<td style=\"width: 29.9929%; height: 66px; text-align: center;\">Ayuntamiento de Reynosa<\/td>\n<td style=\"width: 19.2589%; text-align: center;\">97.61%<\/td>\n<td style=\"width: 10.4197%; text-align: center;\"><a href=\"http:\/\/www.tamaulipas.gob.mx\/transparenciaparaelpueblodetamaulipas\/wp-content\/uploads\/sites\/124\/2026\/03\/dictamen-de-verificacion-del-ay.-de-reynosa-97.61.pdf\" target=\"_blank\" style=\"text-decoration:none;\" rel=\"noopener\"><br><i class=\"fa fa-file-pdf-o\" style=\"font-size:24px; color:#d9534f;\"><\/i><br><\/a><\/td>\n<\/tr><tr style=\"height: 96px;\"><td style=\"width: 18.5879%; height: 66px; text-align: center;\">2<\/td>\n<td style=\"width: 21.5041%; height: 66px; text-align: center;\">Municipio<\/td>\n<td style=\"width: 29.9929%; height: 66px; text-align: center;\">Ayuntamiento de Victoria, Tamaulipas<\/td>\n<td style=\"width: 19.2589%; text-align: center;\">92.00%<\/td>\n<td style=\"width: 10.4197%; text-align: center;\"><a href=\"http:\/\/www.tamaulipas.gob.mx\/transparenciaparaelpueblodetamaulipas\/wp-content\/uploads\/sites\/124\/2026\/03\/dictamen-de-verificacion-del-ay.-de-victoria-92.pdf\" target=\"_blank\" style=\"text-decoration:none;\" rel=\"noopener\"><br><i class=\"fa fa-file-pdf-o\" style=\"font-size:24px; color:#d9534f;\"><\/i><br><\/a><\/td>\n<\/tr><tr style=\"height: 96px;\"><td style=\"width: 18.5879%; height: 66px; text-align: center;\">3<\/td>\n<td style=\"width: 21.5041%; height: 66px; text-align: center;\">Municipio<\/td>\n<td style=\"width: 29.9929%; height: 66px; text-align: center;\">Comisi&#xF3;n Municipal de Agua Potable y Alcantarillado del Municipio de Victoria, Tamaulipas<\/td>\n<td style=\"width: 19.2589%; text-align: center;\">93.00%<\/td>\n<td style=\"width: 10.4197%; text-align: center;\"><a href=\"http:\/\/www.tamaulipas.gob.mx\/transparenciaparaelpueblodetamaulipas\/wp-content\/uploads\/sites\/124\/2026\/03\/dictamen-de-verificacion-comapa-victoria-93.pdf\" target=\"_blank\" style=\"text-decoration:none;\" rel=\"noopener\"><br><i class=\"fa fa-file-pdf-o\" style=\"font-size:24px; color:#d9534f;\"><\/i><br><\/a><\/td>\n<\/tr><tr style=\"height: 96px;\"><td style=\"width: 18.5879%; height: 66px; text-align: center;\">4<\/td>\n<td style=\"width: 21.5041%; height: 66px; text-align: center;\">Municipio<\/td>\n<td style=\"width: 29.9929%; height: 66px; text-align: center;\">Juntas de Agua y Drenaje de la Ciudad de Matamoros, Tamaulipas.<\/td>\n<td style=\"width: 19.2589%; text-align: center;\">97.00%<\/td>\n<td style=\"width: 10.4197%; text-align: center;\"><a href=\"http:\/\/www.tamaulipas.gob.mx\/transparenciaparaelpueblodetamaulipas\/wp-content\/uploads\/sites\/124\/2026\/03\/dictamen-de-verificacion-juntas-de-agua-matamoros-97.pdf\" target=\"_blank\" style=\"text-decoration:none;\" rel=\"noopener\"><br><i class=\"fa fa-file-pdf-o\" style=\"font-size:24px; color:#d9534f;\"><\/i><br><\/a><\/td>\n<\/tr><\/tbody><\/table><\/div>\n","protected":false},"excerpt":{"rendered":"<p>Transparencia para el Pueblo de Tamaulipas verifica, de manera aleatoria o muestral y peri\u00f3dica, que las obligaciones de transparencia que publiquen las dependencias y entidades\u2026<\/p>\n","protected":false},"author":1,"featured_media":0,"parent":0,"menu_order":0,"comment_status":"closed","ping_status":"closed","template":"","meta":{"footnotes":""},"class_list":["post-42","page","type-page","status-publish","hentry"],"publishpress_future_action":{"enabled":false,"date":"2026-04-22 20:30:34","action":"change-status","newStatus":"draft","terms":[],"taxonomy":""},"_links":{"self":[{"href":"https:\/\/www.tamaulipas.gob.mx\/transparenciaparaelpueblodetamaulipas\/wp-json\/wp\/v2\/pages\/42"}],"collection":[{"href":"https:\/\/www.tamaulipas.gob.mx\/transparenciaparaelpueblodetamaulipas\/wp-json\/wp\/v2\/pages"}],"about":[{"href":"https:\/\/www.tamaulipas.gob.mx\/transparenciaparaelpueblodetamaulipas\/wp-json\/wp\/v2\/types\/page"}],"author":[{"embeddable":true,"href":"https:\/\/www.tamaulipas.gob.mx\/transparenciaparaelpueblodetamaulipas\/wp-json\/wp\/v2\/users\/1"}],"replies":[{"embeddable":true,"href":"https:\/\/www.tamaulipas.gob.mx\/transparenciaparaelpueblodetamaulipas\/wp-json\/wp\/v2\/comments?post=42"}],"version-history":[{"count":11,"href":"https:\/\/www.tamaulipas.gob.mx\/transparenciaparaelpueblodetamaulipas\/wp-json\/wp\/v2\/pages\/42\/revisions"}],"predecessor-version":[{"id":324,"href":"https:\/\/www.tamaulipas.gob.mx\/transparenciaparaelpueblodetamaulipas\/wp-json\/wp\/v2\/pages\/42\/revisions\/324"}],"wp:attachment":[{"href":"https:\/\/www.tamaulipas.gob.mx\/transparenciaparaelpueblodetamaulipas\/wp-json\/wp\/v2\/media?parent=42"}],"curies":[{"name":"wp","href":"https:\/\/api.w.org\/{rel}","templated":true}]}}