{"id":19,"date":"2025-09-13T00:27:57","date_gmt":"2025-09-12T22:27:57","guid":{"rendered":"https:\/\/www.tamaulipas.gob.mx\/transparenciaparaelpueblodetamaulipas\/?page_id=19"},"modified":"2025-10-13T21:53:00","modified_gmt":"2025-10-13T19:53:00","slug":"mision-vision-y-valores","status":"publish","type":"page","link":"https:\/\/www.tamaulipas.gob.mx\/transparenciaparaelpueblodetamaulipas\/transparencia-para-el-pueblo-de-tamaulipas\/mision-vision-y-valores\/","title":{"rendered":"Misi\u00f3n, Visi\u00f3n, Principios Rectores y Valores"},"content":{"rendered":"<h1><span style=\"color: #993300;\"><strong>Misi\u00f3n<\/strong> <\/span><\/h1>\n<p>Garantizar el derecho de acceso a la informaci\u00f3n y de la protecci\u00f3n de los datos personales a la ciudadan\u00eda del estado de Tamaulipas, vigilando el cumplimiento de la legislaci\u00f3n en materia de transparencia y protecci\u00f3n de datos personales por parte de los sujetos obligados.<\/p>\n<p>&nbsp;<\/p>\n<h1><strong><span style=\"color: #993300;\">Visi\u00f3n<\/span><\/strong><\/h1>\n<p>Ser la autoridad garante que brinde una seguridad razonable a la poblaci\u00f3n en la protecci\u00f3n del derecho de acceso a la informaci\u00f3n as\u00ed como el de protecci\u00f3n de datos personales, fomentando una cultura organizacional basada en la apertura y rendici\u00f3n de cuentas, contribuyendo a consolidar una administraci\u00f3n p\u00fablica m\u00e1s abierta, transparente, eficiente y cercana a la ciudadan\u00eda.<\/p>\n<p>&nbsp;<\/p>\n<h1><strong><span style=\"color: #993300;\">Principios Rectores<\/span><\/strong><\/h1>\n<p>Certeza, congruencia, documentaci\u00f3n, eficacia, excepcionalidad, exhaustividad, imparcialidad, independencia, legalidad, m\u00e1xima publicidad, objetividad, profesionalismo y transparencia.<\/p>\n<p>&nbsp;<\/p>\n<h1><strong><span style=\"color: #993300;\">Valores<\/span><\/strong><\/h1>\n<p>Confianza, cooperaci\u00f3n, cuidado del entorno cultural y ecol\u00f3gico, equidad de g\u00e9nero,igualdad y no discriminaci\u00f3n, inter\u00e9s p\u00fablico, liderazgo, probidad, respeto, respeto a losderechos humanos, solidaridad, veracidad, y verdad.<\/p>\n<p>&nbsp;<\/p>\n","protected":false},"excerpt":{"rendered":"<p>Misi\u00f3n Garantizar el derecho de acceso a la informaci\u00f3n y de la protecci\u00f3n de los datos personales a la ciudadan\u00eda del estado de Tamaulipas, vigilando\u2026<\/p>\n","protected":false},"author":1,"featured_media":0,"parent":27,"menu_order":0,"comment_status":"closed","ping_status":"closed","template":"","meta":{"footnotes":""},"class_list":["post-19","page","type-page","status-publish","hentry"],"publishpress_future_action":{"enabled":false,"date":"2026-04-22 20:43:24","action":"change-status","newStatus":"draft","terms":[],"taxonomy":""},"_links":{"self":[{"href":"https:\/\/www.tamaulipas.gob.mx\/transparenciaparaelpueblodetamaulipas\/wp-json\/wp\/v2\/pages\/19"}],"collection":[{"href":"https:\/\/www.tamaulipas.gob.mx\/transparenciaparaelpueblodetamaulipas\/wp-json\/wp\/v2\/pages"}],"about":[{"href":"https:\/\/www.tamaulipas.gob.mx\/transparenciaparaelpueblodetamaulipas\/wp-json\/wp\/v2\/types\/page"}],"author":[{"embeddable":true,"href":"https:\/\/www.tamaulipas.gob.mx\/transparenciaparaelpueblodetamaulipas\/wp-json\/wp\/v2\/users\/1"}],"replies":[{"embeddable":true,"href":"https:\/\/www.tamaulipas.gob.mx\/transparenciaparaelpueblodetamaulipas\/wp-json\/wp\/v2\/comments?post=19"}],"version-history":[{"count":4,"href":"https:\/\/www.tamaulipas.gob.mx\/transparenciaparaelpueblodetamaulipas\/wp-json\/wp\/v2\/pages\/19\/revisions"}],"predecessor-version":[{"id":182,"href":"https:\/\/www.tamaulipas.gob.mx\/transparenciaparaelpueblodetamaulipas\/wp-json\/wp\/v2\/pages\/19\/revisions\/182"}],"up":[{"embeddable":true,"href":"https:\/\/www.tamaulipas.gob.mx\/transparenciaparaelpueblodetamaulipas\/wp-json\/wp\/v2\/pages\/27"}],"wp:attachment":[{"href":"https:\/\/www.tamaulipas.gob.mx\/transparenciaparaelpueblodetamaulipas\/wp-json\/wp\/v2\/media?parent=19"}],"curies":[{"name":"wp","href":"https:\/\/api.w.org\/{rel}","templated":true}]}}