{"id":10,"date":"2025-09-13T00:14:24","date_gmt":"2025-09-12T22:14:24","guid":{"rendered":"https:\/\/www.tamaulipas.gob.mx\/transparenciaparaelpueblodetamaulipas\/?page_id=10"},"modified":"2025-09-29T20:30:42","modified_gmt":"2025-09-29T18:30:42","slug":"estructura-organica","status":"publish","type":"page","link":"https:\/\/www.tamaulipas.gob.mx\/transparenciaparaelpueblodetamaulipas\/transparencia-para-el-pueblo-de-tamaulipas\/estructura-organica\/","title":{"rendered":"Estructura Org\u00e1nica"},"content":{"rendered":"<p>El 11 de julio de 2025, fue creado Transparencia para el Pueblo de Tamaulipas como un \u00d3rgano desconcentrado de la Secretar\u00eda Anticorrupci\u00f3n y Buen Gobierno, dotado con la capacidad de conocer los asuntos en materia de transparencia y protecci\u00f3n de datos personales del Poder Ejecutivo y municipios de Tamaulipas.<\/p>\n<p>Este nuevo \u00f3rgano tiene su sede en las oficinas ubicadas en Calle Juan B. Tijerina con Mariano Abasolo, N\u00b01002, Colonia Centro, C.P. 87000, Ciudad Victoria, Tamaulipas.<br \/>\nTel: 01 (834) 3166551<br \/>\ntransparenciaparaelpueblodetamaulipas@tamaulipas.gob.mx<\/p>\n<p>Estructura Org\u00e1nica<\/p>\n<p>El 31 de julio de 20025 en la Edici\u00f3n Vespertina N\u00famero 92 del Peri\u00f3dico Oficial del Estado se public\u00f3 el <a href=\"https:\/\/po.tamaulipas.gob.mx\/wp-content\/uploads\/2025\/07\/cl-92-310725-EV.pdf\" target=\"_blank\" rel=\"noopener\">ACUERDO Gubernamental mediante el cual se reforma la estructura org\u00e1nica de la Contralor\u00eda Gubernamental que cambia su denominaci\u00f3n para quedar como Secretar\u00eda Anticorrupci\u00f3n y Buen Gobierno<\/a>, detallando en el Art\u00edculo 1:<\/p>\n<p>1.0.6. Transparencia para el Pueblo de Tamaulipas.<br \/>\n1.0.6.0.1. Departamento de Transparencia, Portales y Capacitaci\u00f3n.<br \/>\n1.0.6.0.2. Departamento de Recursos y Protecci\u00f3n de Datos Personales.<\/p>\n<p>&nbsp;<\/p>\n","protected":false},"excerpt":{"rendered":"<p>El 11 de julio de 2025, fue creado Transparencia para el Pueblo de Tamaulipas como un \u00d3rgano desconcentrado de la Secretar\u00eda Anticorrupci\u00f3n y Buen Gobierno,\u2026<\/p>\n","protected":false},"author":1,"featured_media":0,"parent":27,"menu_order":0,"comment_status":"closed","ping_status":"closed","template":"","meta":{"footnotes":""},"class_list":["post-10","page","type-page","status-publish","hentry"],"publishpress_future_action":{"enabled":false,"date":"2026-04-22 20:30:37","action":"change-status","newStatus":"draft","terms":[],"taxonomy":""},"_links":{"self":[{"href":"https:\/\/www.tamaulipas.gob.mx\/transparenciaparaelpueblodetamaulipas\/wp-json\/wp\/v2\/pages\/10"}],"collection":[{"href":"https:\/\/www.tamaulipas.gob.mx\/transparenciaparaelpueblodetamaulipas\/wp-json\/wp\/v2\/pages"}],"about":[{"href":"https:\/\/www.tamaulipas.gob.mx\/transparenciaparaelpueblodetamaulipas\/wp-json\/wp\/v2\/types\/page"}],"author":[{"embeddable":true,"href":"https:\/\/www.tamaulipas.gob.mx\/transparenciaparaelpueblodetamaulipas\/wp-json\/wp\/v2\/users\/1"}],"replies":[{"embeddable":true,"href":"https:\/\/www.tamaulipas.gob.mx\/transparenciaparaelpueblodetamaulipas\/wp-json\/wp\/v2\/comments?post=10"}],"version-history":[{"count":3,"href":"https:\/\/www.tamaulipas.gob.mx\/transparenciaparaelpueblodetamaulipas\/wp-json\/wp\/v2\/pages\/10\/revisions"}],"predecessor-version":[{"id":165,"href":"https:\/\/www.tamaulipas.gob.mx\/transparenciaparaelpueblodetamaulipas\/wp-json\/wp\/v2\/pages\/10\/revisions\/165"}],"up":[{"embeddable":true,"href":"https:\/\/www.tamaulipas.gob.mx\/transparenciaparaelpueblodetamaulipas\/wp-json\/wp\/v2\/pages\/27"}],"wp:attachment":[{"href":"https:\/\/www.tamaulipas.gob.mx\/transparenciaparaelpueblodetamaulipas\/wp-json\/wp\/v2\/media?parent=10"}],"curies":[{"name":"wp","href":"https:\/\/api.w.org\/{rel}","templated":true}]}}