{"id":423,"date":"2018-06-07T14:05:34","date_gmt":"2018-06-07T19:05:34","guid":{"rendered":"https:\/\/www.tamaulipas.gob.mx\/trabajo\/?page_id=423"},"modified":"2026-03-10T11:11:19","modified_gmt":"2026-03-10T17:11:19","slug":"cecpcist","status":"publish","type":"page","link":"https:\/\/www.tamaulipas.gob.mx\/trabajo\/comites\/cecpcist\/","title":{"rendered":"Directorio del Comit\u00e9 de \u00e9tica, conducta y prevenci\u00f3n de conflictos de inter\u00e9s"},"content":{"rendered":"<div class=\"table-responsive\"><table style=\"width: 101.003%;\" class=\" table table table-gobtam\"><thead><tr><td style=\"text-align: center; width: 127.399%;\" colspan=\"4\">Miembros del comit&#xE9;<\/td>\n<\/tr><\/thead><tbody><tr><td style=\"width: 27.011%;\">Presidente<\/td>\n<td style=\"width: 79.0731%;\">Mtra. Yleana Monserrat Balboa Rivera<\/td>\n<td style=\"width: 15.0185%;\">Tel. 8341078000 Ext. 43809<\/td>\n<td style=\"width: 6.29655%;\">yleana.balboa@tamaulipas.gob.mx<\/td>\n<\/tr><tr><td style=\"width: 27.011%;\">Secretaria T&#xE9;cnica<\/td>\n<td style=\"width: 79.0731%;\">Mtra. Yuliana Sara&#xED; Lara Calleja<\/td>\n<td style=\"width: 15.0185%;\">Tel. 8341078000 Ext. 43804<\/td>\n<td style=\"width: 6.29655%;\">yuliana.lara@tamaulipas.gob.mx<\/td>\n<\/tr><tr><td style=\"width: 27.011%;\">Coordinador<\/td>\n<td style=\"width: 79.0731%;\">Mtro. Jos&#xE9; Eduardo Leija L&#xF3;pez<\/td>\n<td style=\"width: 15.0185%;\">Tel. 8341078000 Ext. 43803<\/td>\n<td style=\"width: 6.29655%;\">jose.leija@tamaulipas.gob.mx<\/td>\n<\/tr><tr><td style=\"width: 27.011%;\">Vocal 1<\/td>\n<td style=\"width: 79.0731%;\">Lic. Claudia Yazmin Villarreal V&#xE1;zquez<\/td>\n<td style=\"width: 15.0185%;\">Tel. 8341078000 Ext. 45754<\/td>\n<td style=\"width: 6.29655%;\">claudia.villarreal@tamaulipas.gob.mx<\/td>\n<\/tr><tr><td style=\"width: 27.011%;\">Vocal 2<\/td>\n<td style=\"width: 79.0731%;\">Lic. Juan Carlos Cortina Garc&#xED;a<\/td>\n<td style=\"width: 15.0185%;\">Tel. 8341078000 Ext.45723<\/td>\n<td style=\"width: 6.29655%;\">dellanira.trujillo@tamaulipas.gob.mx<\/td>\n<\/tr><\/tbody><\/table><\/div>\n","protected":false},"excerpt":{"rendered":"","protected":false},"author":59,"featured_media":0,"parent":3292,"menu_order":0,"comment_status":"closed","ping_status":"closed","template":"","meta":{"footnotes":""},"class_list":["post-423","page","type-page","status-publish","hentry"],"publishpress_future_action":{"enabled":false,"date":"2026-04-28 16:18:41","action":"change-status","newStatus":"draft","terms":[],"taxonomy":""},"_links":{"self":[{"href":"https:\/\/www.tamaulipas.gob.mx\/trabajo\/wp-json\/wp\/v2\/pages\/423"}],"collection":[{"href":"https:\/\/www.tamaulipas.gob.mx\/trabajo\/wp-json\/wp\/v2\/pages"}],"about":[{"href":"https:\/\/www.tamaulipas.gob.mx\/trabajo\/wp-json\/wp\/v2\/types\/page"}],"author":[{"embeddable":true,"href":"https:\/\/www.tamaulipas.gob.mx\/trabajo\/wp-json\/wp\/v2\/users\/59"}],"replies":[{"embeddable":true,"href":"https:\/\/www.tamaulipas.gob.mx\/trabajo\/wp-json\/wp\/v2\/comments?post=423"}],"version-history":[{"count":47,"href":"https:\/\/www.tamaulipas.gob.mx\/trabajo\/wp-json\/wp\/v2\/pages\/423\/revisions"}],"predecessor-version":[{"id":3498,"href":"https:\/\/www.tamaulipas.gob.mx\/trabajo\/wp-json\/wp\/v2\/pages\/423\/revisions\/3498"}],"up":[{"embeddable":true,"href":"https:\/\/www.tamaulipas.gob.mx\/trabajo\/wp-json\/wp\/v2\/pages\/3292"}],"wp:attachment":[{"href":"https:\/\/www.tamaulipas.gob.mx\/trabajo\/wp-json\/wp\/v2\/media?parent=423"}],"curies":[{"name":"wp","href":"https:\/\/api.w.org\/{rel}","templated":true}]}}