{"id":37,"date":"2017-06-07T14:22:13","date_gmt":"2017-06-07T19:22:13","guid":{"rendered":"http:\/\/www.tamaulipas.gob.mx\/trabajo\/?page_id=37"},"modified":"2026-01-20T10:53:50","modified_gmt":"2026-01-20T16:53:50","slug":"direccion-general-del-sne","status":"publish","type":"page","link":"https:\/\/www.tamaulipas.gob.mx\/trabajo\/direccion-general-del-sne\/","title":{"rendered":"Direcci\u00f3n General del Servicio Nacional de Empleo"},"content":{"rendered":"<section>\n<h2>Director: Emanuel Res\u00e9ndez G\u00f3mez<\/h2>\n<p>correo: emanuel.resendez@tamaulipas.gob.mx<\/p>\n<h2>\u00bfQu\u00e9 es?<\/h2>\n<p style=\"text-align: justify;\">La Oficina del Servicio Nacional de Empleo (OSNE) brinda atenci\u00f3n personalizada a las personas buscadoras de empleo, ofreciendo servicios gratuitos de vinculaci\u00f3n laboral, asesor\u00eda, capacitaci\u00f3n y apoyo para su incorporaci\u00f3n al mercado de trabajo. Su funci\u00f3n es acercarte de forma directa a empresas, programas y oportunidades laborales acordes a tu perfil.<\/p>\n<h2>\u00bfQu\u00e9 hacemos?<\/h2>\n<ul>\n<li>Te orientamos y acompa\u00f1amos en tu b\u00fasqueda de empleo.<\/li>\n<li>Analizamos tu perfil para identificar oportunidades laborales adecuadas.<\/li>\n<li>Te vinculamos con empresas que est\u00e1n reclutando en la regi\u00f3n.<\/li>\n<li>Organizamos ferias y eventos de empleo.<\/li>\n<li>Ofrecemos asesor\u00eda laboral y orientaci\u00f3n profesional.<\/li>\n<li>Difundimos ofertas laborales actualizadas.<\/li>\n<li>Canalizamos solicitudes y damos seguimiento a tu proceso de colocaci\u00f3n.<\/li>\n<\/ul>\n<\/section>\n<div class=\"table-responsive\"><table style=\"border-collapse: collapse; width: 100%;\" class=\" table\"><tbody><tr><td style=\"width: 33.3333%; text-align: center;\"><a href=\"https:\/\/www.empleo.gob.mx\/PortalDigital\"><img loading=\"lazy\" decoding=\"async\" class=\"alignnone wp-image-3039 size-full\" src=\"https:\/\/www.tamaulipas.gob.mx\/trabajo\/wp-content\/uploads\/sites\/11\/2025\/06\/bolsa-de-traabajo.png\" alt=\"\" width=\"940\" height=\"788\"><\/a>\n<p style=\"text-align: center;\">\n<\/p><\/td>\n<td style=\"width: 33.3333%; text-align: center;\"><a href=\"https:\/\/www.tamaulipas.gob.mx\/trabajo\/direccion-general-del-sne\/programas-sne\/\"><img loading=\"lazy\" decoding=\"async\" class=\"alignnone wp-image-3133 size-full\" src=\"https:\/\/www.tamaulipas.gob.mx\/trabajo\/wp-content\/uploads\/sites\/11\/2025\/06\/programas-1.png\" alt=\"\" width=\"940\" height=\"788\"><\/a>\n<p style=\"text-align: center;\">\n<\/p><\/td>\n<td style=\"width: 33.3333%; text-align: center;\"><a href=\"https:\/\/www.tamaulipas.gob.mx\/trabajo\/direccion-general-del-sne\/convocatorias-sne\/\"><img loading=\"lazy\" decoding=\"async\" class=\"alignnone wp-image-3135 size-full\" src=\"https:\/\/www.tamaulipas.gob.mx\/trabajo\/wp-content\/uploads\/sites\/11\/2025\/06\/convocatorias-2-e1748986772950.png\" alt=\"\" width=\"940\" height=\"766\"><\/a>\n<p style=\"text-align: center;\">\n<\/p><\/td>\n<\/tr><tr><td style=\"width: 33.3333%; text-align: center;\" data-wp-editing=\"1\"><a href=\"https:\/\/www.tamaulipas.gob.mx\/trabajo\/direccion-general-del-sne\/calendario-de-actividades\/\"><img loading=\"lazy\" decoding=\"async\" class=\"alignnone wp-image-3134 size-full\" src=\"https:\/\/www.tamaulipas.gob.mx\/trabajo\/wp-content\/uploads\/sites\/11\/2025\/06\/calendario-1.png\" alt=\"\" width=\"940\" height=\"788\"><\/a>\n<p style=\"text-align: center;\">\n<\/p><\/td>\n<td style=\"width: 33.3333%; text-align: center;\"><a href=\"https:\/\/www.tamaulipas.gob.mx\/trabajo\/direccion-general-del-sne\/ubicacion\/\"><img loading=\"lazy\" decoding=\"async\" class=\"alignnone wp-image-3136 size-full\" src=\"https:\/\/www.tamaulipas.gob.mx\/trabajo\/wp-content\/uploads\/sites\/11\/2025\/06\/ubicacion-1.png\" alt=\"\" width=\"940\" height=\"788\"><\/a>\n<p style=\"text-align: center;\">\n<\/p><\/td>\n<td style=\"width: 33.3333%; text-align: center;\"><a href=\"https:\/\/www.tamaulipas.gob.mx\/trabajo\/direccion-general-del-sne\/servicios-sne\/\"><img loading=\"lazy\" decoding=\"async\" class=\"alignnone wp-image-3139 size-full\" src=\"https:\/\/www.tamaulipas.gob.mx\/trabajo\/wp-content\/uploads\/sites\/11\/2025\/06\/servicios-2-e1748986872687.png\" alt=\"\" width=\"940\" height=\"772\"><\/a>\n<p style=\"text-align: center;\">\n<\/p><\/td>\n<\/tr><tr><td style=\"width: 33.3333%; text-align: center;\" data-wp-editing=\"1\"><\/td>\n<td style=\"width: 33.3333%; text-align: center;\"><a href=\"https:\/\/www.tamaulipas.gob.mx\/trabajo\/wp-content\/uploads\/sites\/11\/2025\/09\/directorio-sne-tamaulipas-sep-2025-actualizado.pdf\" target=\"_blank\" rel=\"noopener\"><img loading=\"lazy\" decoding=\"async\" class=\"alignnone wp-image-3193 size-full\" src=\"https:\/\/www.tamaulipas.gob.mx\/trabajo\/wp-content\/uploads\/sites\/11\/2025\/06\/directorio-sne-1.png\" alt=\"\" width=\"940\" height=\"788\"><\/a><\/td>\n<td style=\"width: 33.3333%; text-align: center;\"><\/td>\n<\/tr><\/tbody><\/table><\/div>\n<p class=\"cvGsUA direction-ltr align-center para-style-body\" style=\"text-align: center;\">\n","protected":false},"excerpt":{"rendered":"<p>Director: Emanuel Res\u00e9ndez G\u00f3mez correo: emanuel.resendez@tamaulipas.gob.mx \u00bfQu\u00e9 es? La Oficina del Servicio Nacional de Empleo (OSNE) brinda atenci\u00f3n personalizada a las personas buscadoras de empleo,\u2026<\/p>\n","protected":false},"author":7,"featured_media":0,"parent":0,"menu_order":0,"comment_status":"closed","ping_status":"closed","template":"","meta":{"footnotes":""},"class_list":["post-37","page","type-page","status-publish","hentry"],"publishpress_future_action":{"enabled":false,"date":"2026-04-28 16:18:09","action":"change-status","newStatus":"draft","terms":[],"taxonomy":""},"_links":{"self":[{"href":"https:\/\/www.tamaulipas.gob.mx\/trabajo\/wp-json\/wp\/v2\/pages\/37"}],"collection":[{"href":"https:\/\/www.tamaulipas.gob.mx\/trabajo\/wp-json\/wp\/v2\/pages"}],"about":[{"href":"https:\/\/www.tamaulipas.gob.mx\/trabajo\/wp-json\/wp\/v2\/types\/page"}],"author":[{"embeddable":true,"href":"https:\/\/www.tamaulipas.gob.mx\/trabajo\/wp-json\/wp\/v2\/users\/7"}],"replies":[{"embeddable":true,"href":"https:\/\/www.tamaulipas.gob.mx\/trabajo\/wp-json\/wp\/v2\/comments?post=37"}],"version-history":[{"count":94,"href":"https:\/\/www.tamaulipas.gob.mx\/trabajo\/wp-json\/wp\/v2\/pages\/37\/revisions"}],"predecessor-version":[{"id":3402,"href":"https:\/\/www.tamaulipas.gob.mx\/trabajo\/wp-json\/wp\/v2\/pages\/37\/revisions\/3402"}],"wp:attachment":[{"href":"https:\/\/www.tamaulipas.gob.mx\/trabajo\/wp-json\/wp\/v2\/media?parent=37"}],"curies":[{"name":"wp","href":"https:\/\/api.w.org\/{rel}","templated":true}]}}