{"id":3292,"date":"2025-11-26T09:42:38","date_gmt":"2025-11-26T15:42:38","guid":{"rendered":"https:\/\/www.tamaulipas.gob.mx\/trabajo\/?page_id=3292"},"modified":"2026-01-16T08:14:49","modified_gmt":"2026-01-16T14:14:49","slug":"comites","status":"publish","type":"page","link":"https:\/\/www.tamaulipas.gob.mx\/trabajo\/comites\/","title":{"rendered":"Comit\u00e9s"},"content":{"rendered":"<table border=\"1\" cellspacing=\"0\" cellpadding=\"8\">\n<tbody>\n<tr>\n<th>Comit\u00e9<\/th>\n<th>Descripci\u00f3n \/ Funciones Principales<\/th>\n<\/tr>\n<tr>\n<td>Comit\u00e9 COCODI<br \/>\n(Control y Desempe\u00f1o Institucional)<\/td>\n<td>&#8211; Supervisa, eval\u00faa y da seguimiento al cumplimiento de objetivos, metas y acciones estrat\u00e9gicas de la STPS.<br \/>\n&#8211; Asegura legalidad, eficiencia, eficacia, transparencia y rendici\u00f3n de cuentas.<br \/>\n&#8211; Fortalece el control interno, previene riesgos, mejora procesos y orienta las actividades hacia resultados.<\/td>\n<\/tr>\n<tr>\n<td>Comit\u00e9 de \u00c9tica<br \/>\n(\u00c9tica, Conducta y Prevenci\u00f3n de Conflictos de Inter\u00e9s)<\/td>\n<td>&#8211; Difunde valores y reglas de integridad en el servicio p\u00fablico.<br \/>\n&#8211; Act\u00faa como \u00f3rgano de interpretaci\u00f3n, consulta y asesor\u00eda del C\u00f3digo de \u00c9tica.<br \/>\n&#8211; Atiende consultas internas sobre conducta, integridad y conflictos de inter\u00e9s.<\/td>\n<\/tr>\n<tr>\n<td>Comit\u00e9 Estatal de Fomento Laboral Penitenciario<\/td>\n<td>&#8211; Dise\u00f1a e implementa la pol\u00edtica p\u00fablica estatal de trabajo penitenciario.<br \/>\n&#8211; Realiza monitoreo y evaluaci\u00f3n permanente en favor de las personas privadas de la libertad.<br \/>\n&#8211; Act\u00faa con base en la Constituci\u00f3n, Ley Nacional de Ejecuci\u00f3n Penal y recomendaci\u00f3n 44\/2021 de la CNDH.<\/td>\n<\/tr>\n<tr>\n<td>Comit\u00e9 de Transparencia<\/td>\n<td>&#8211; Garantiza el derecho de acceso a la informaci\u00f3n p\u00fablica.<br \/>\n&#8211; Toma decisiones sobre clasificaci\u00f3n, acceso, resguardo y gesti\u00f3n de informaci\u00f3n.<br \/>\n&#8211; Integrado por un n\u00famero impar de servidores p\u00fablicos sin relaci\u00f3n jer\u00e1rquica, con suplentes conforme a la normatividad.<\/td>\n<\/tr>\n<\/tbody>\n<\/table>\n","protected":false},"excerpt":{"rendered":"<p>Comit\u00e9 Descripci\u00f3n \/ Funciones Principales Comit\u00e9 COCODI (Control y Desempe\u00f1o Institucional) &#8211; Supervisa, eval\u00faa y da seguimiento al cumplimiento de objetivos, metas y acciones estrat\u00e9gicas\u2026<\/p>\n","protected":false},"author":63,"featured_media":0,"parent":0,"menu_order":0,"comment_status":"closed","ping_status":"closed","template":"","meta":{"footnotes":""},"class_list":["post-3292","page","type-page","status-publish","hentry"],"publishpress_future_action":{"enabled":false,"date":"2026-04-28 16:18:50","action":"change-status","newStatus":"draft","terms":[],"taxonomy":""},"_links":{"self":[{"href":"https:\/\/www.tamaulipas.gob.mx\/trabajo\/wp-json\/wp\/v2\/pages\/3292"}],"collection":[{"href":"https:\/\/www.tamaulipas.gob.mx\/trabajo\/wp-json\/wp\/v2\/pages"}],"about":[{"href":"https:\/\/www.tamaulipas.gob.mx\/trabajo\/wp-json\/wp\/v2\/types\/page"}],"author":[{"embeddable":true,"href":"https:\/\/www.tamaulipas.gob.mx\/trabajo\/wp-json\/wp\/v2\/users\/63"}],"replies":[{"embeddable":true,"href":"https:\/\/www.tamaulipas.gob.mx\/trabajo\/wp-json\/wp\/v2\/comments?post=3292"}],"version-history":[{"count":4,"href":"https:\/\/www.tamaulipas.gob.mx\/trabajo\/wp-json\/wp\/v2\/pages\/3292\/revisions"}],"predecessor-version":[{"id":3350,"href":"https:\/\/www.tamaulipas.gob.mx\/trabajo\/wp-json\/wp\/v2\/pages\/3292\/revisions\/3350"}],"wp:attachment":[{"href":"https:\/\/www.tamaulipas.gob.mx\/trabajo\/wp-json\/wp\/v2\/media?parent=3292"}],"curies":[{"name":"wp","href":"https:\/\/api.w.org\/{rel}","templated":true}]}}