{"id":3151,"date":"2025-06-04T13:58:42","date_gmt":"2025-06-04T19:58:42","guid":{"rendered":"https:\/\/www.tamaulipas.gob.mx\/trabajo\/?page_id=3151"},"modified":"2026-01-16T10:33:35","modified_gmt":"2026-01-16T16:33:35","slug":"fomento-a-seguridad-laboral","status":"publish","type":"page","link":"https:\/\/www.tamaulipas.gob.mx\/trabajo\/direccion-de-inspeccion-y-prevision-social\/fomento-a-seguridad-laboral\/","title":{"rendered":"Fomento a la Seguridad Laboral"},"content":{"rendered":"<p style=\"text-align: justify;\">El Departamento de Fomento y Seguridad Laboral promueve y fortalece la cultura de prevenci\u00f3n de riesgos, seguridad, salud e higiene en los centros de trabajo del estado de Tamaulipas. Esto se logra mediante la implementaci\u00f3n de estrategias, programas de capacitaci\u00f3n, sesiones informativas y actividades acad\u00e9micas, con el objetivo de cumplir con el marco legal vigente, reducir accidentes y enfermedades laborales, y mejorar las condiciones de trabajo y el bienestar de los trabajadores.<\/p>\n<p>&nbsp;<\/p>\n<p><img loading=\"lazy\" decoding=\"async\" class=\"alignnone size-full wp-image-3152\" src=\"https:\/\/www.tamaulipas.gob.mx\/trabajo\/wp-content\/uploads\/sites\/11\/2025\/06\/objetivos-fomento-1.png\" alt=\"\" width=\"940\" height=\"788\" \/><\/p>\n","protected":false},"excerpt":{"rendered":"<p>El Departamento de Fomento y Seguridad Laboral promueve y fortalece la cultura de prevenci\u00f3n de riesgos, seguridad, salud e higiene en los centros de trabajo\u2026<\/p>\n","protected":false},"author":295,"featured_media":0,"parent":15,"menu_order":0,"comment_status":"closed","ping_status":"closed","template":"","meta":{"footnotes":""},"class_list":["post-3151","page","type-page","status-publish","hentry"],"publishpress_future_action":{"enabled":false,"date":"2026-04-28 18:24:38","action":"change-status","newStatus":"draft","terms":[],"taxonomy":""},"_links":{"self":[{"href":"https:\/\/www.tamaulipas.gob.mx\/trabajo\/wp-json\/wp\/v2\/pages\/3151"}],"collection":[{"href":"https:\/\/www.tamaulipas.gob.mx\/trabajo\/wp-json\/wp\/v2\/pages"}],"about":[{"href":"https:\/\/www.tamaulipas.gob.mx\/trabajo\/wp-json\/wp\/v2\/types\/page"}],"author":[{"embeddable":true,"href":"https:\/\/www.tamaulipas.gob.mx\/trabajo\/wp-json\/wp\/v2\/users\/295"}],"replies":[{"embeddable":true,"href":"https:\/\/www.tamaulipas.gob.mx\/trabajo\/wp-json\/wp\/v2\/comments?post=3151"}],"version-history":[{"count":2,"href":"https:\/\/www.tamaulipas.gob.mx\/trabajo\/wp-json\/wp\/v2\/pages\/3151\/revisions"}],"predecessor-version":[{"id":3390,"href":"https:\/\/www.tamaulipas.gob.mx\/trabajo\/wp-json\/wp\/v2\/pages\/3151\/revisions\/3390"}],"up":[{"embeddable":true,"href":"https:\/\/www.tamaulipas.gob.mx\/trabajo\/wp-json\/wp\/v2\/pages\/15"}],"wp:attachment":[{"href":"https:\/\/www.tamaulipas.gob.mx\/trabajo\/wp-json\/wp\/v2\/media?parent=3151"}],"curies":[{"name":"wp","href":"https:\/\/api.w.org\/{rel}","templated":true}]}}