{"id":3050,"date":"2025-06-03T12:48:35","date_gmt":"2025-06-03T18:48:35","guid":{"rendered":"https:\/\/www.tamaulipas.gob.mx\/trabajo\/?page_id=3050"},"modified":"2026-01-16T09:37:49","modified_gmt":"2026-01-16T15:37:49","slug":"difusion-de-vacantes","status":"publish","type":"page","link":"https:\/\/www.tamaulipas.gob.mx\/trabajo\/direccion-general-del-sne\/servicios-sne\/difusion-de-vacantes\/","title":{"rendered":"Difusi\u00f3n de Vacantes"},"content":{"rendered":"<p style=\"text-align: justify;\">Al registrarte con el Servicio Nacional de Empleo de Tamaulipas, tu empresa podr\u00e1 difundir gratuitamente sus vacantes o procesos de reclutamiento a trav\u00e9s de nuestras redes sociales oficiales. Llega a m\u00e1s candidatos de forma r\u00e1pida, sencilla y sin costo.<\/p>\n<p style=\"text-align: justify;\">\u00a1Aprovecha esta herramienta para encontrar el talento que tu empresa necesita!<\/p>\n<p>&nbsp;<\/p>\n<table style=\"border-collapse: collapse; width: 100%; height: 46px;\">\n<tbody>\n<tr style=\"height: 23px;\">\n<td style=\"width: 25%; height: 23px;\"><\/td>\n<td style=\"width: 25%; height: 23px;\"><\/td>\n<td style=\"width: 25%; height: 23px;\"><\/td>\n<td style=\"width: 25%; height: 23px;\"><\/td>\n<\/tr>\n<tr style=\"height: 23px;\">\n<td style=\"width: 25%; height: 23px;\"><a href=\"https:\/\/www.tamaulipas.gob.mx\/trabajo\/\" target=\"_blank\" rel=\"noopener\"><img loading=\"lazy\" decoding=\"async\" class=\"alignnone wp-image-3146 size-thumbnail\" src=\"https:\/\/www.tamaulipas.gob.mx\/trabajo\/wp-content\/uploads\/sites\/11\/2025\/06\/web-150x150.png\" alt=\"\" width=\"150\" height=\"150\" \/><\/a><\/td>\n<td style=\"width: 25%; height: 23px;\"><a href=\"https:\/\/www.facebook.com\/SNETamaulipas\" target=\"_blank\" rel=\"noopener\"><img loading=\"lazy\" decoding=\"async\" class=\"alignnone wp-image-3147 size-thumbnail\" src=\"https:\/\/www.tamaulipas.gob.mx\/trabajo\/wp-content\/uploads\/sites\/11\/2025\/06\/fb-150x150.png\" alt=\"\" width=\"150\" height=\"150\" \/><\/a><\/td>\n<td style=\"width: 25%; height: 23px;\"><a href=\"https:\/\/www.instagram.com\/snetamaulipas?igsh=MWg3czNuc25hb20wMw==\" target=\"_blank\" rel=\"noopener\"><img loading=\"lazy\" decoding=\"async\" class=\"alignnone wp-image-3148 size-thumbnail\" src=\"https:\/\/www.tamaulipas.gob.mx\/trabajo\/wp-content\/uploads\/sites\/11\/2025\/06\/ig-150x150.png\" alt=\"\" width=\"150\" height=\"150\" \/><\/a><\/td>\n<td style=\"width: 25%; height: 23px;\"><a href=\"https:\/\/x.com\/SNE_Tam\" target=\"_blank\" rel=\"noopener\"><img loading=\"lazy\" decoding=\"async\" class=\"alignnone wp-image-3149 size-thumbnail\" src=\"https:\/\/www.tamaulipas.gob.mx\/trabajo\/wp-content\/uploads\/sites\/11\/2025\/06\/x-150x150.png\" alt=\"\" width=\"150\" height=\"150\" \/><\/a><\/td>\n<\/tr>\n<\/tbody>\n<\/table>\n","protected":false},"excerpt":{"rendered":"<p>Al registrarte con el Servicio Nacional de Empleo de Tamaulipas, tu empresa podr\u00e1 difundir gratuitamente sus vacantes o procesos de reclutamiento a trav\u00e9s de nuestras\u2026<\/p>\n","protected":false},"author":295,"featured_media":0,"parent":2928,"menu_order":0,"comment_status":"closed","ping_status":"closed","template":"","meta":{"footnotes":""},"class_list":["post-3050","page","type-page","status-publish","hentry"],"publishpress_future_action":{"enabled":false,"date":"2026-04-28 19:26:50","action":"change-status","newStatus":"draft","terms":[],"taxonomy":""},"_links":{"self":[{"href":"https:\/\/www.tamaulipas.gob.mx\/trabajo\/wp-json\/wp\/v2\/pages\/3050"}],"collection":[{"href":"https:\/\/www.tamaulipas.gob.mx\/trabajo\/wp-json\/wp\/v2\/pages"}],"about":[{"href":"https:\/\/www.tamaulipas.gob.mx\/trabajo\/wp-json\/wp\/v2\/types\/page"}],"author":[{"embeddable":true,"href":"https:\/\/www.tamaulipas.gob.mx\/trabajo\/wp-json\/wp\/v2\/users\/295"}],"replies":[{"embeddable":true,"href":"https:\/\/www.tamaulipas.gob.mx\/trabajo\/wp-json\/wp\/v2\/comments?post=3050"}],"version-history":[{"count":5,"href":"https:\/\/www.tamaulipas.gob.mx\/trabajo\/wp-json\/wp\/v2\/pages\/3050\/revisions"}],"predecessor-version":[{"id":3376,"href":"https:\/\/www.tamaulipas.gob.mx\/trabajo\/wp-json\/wp\/v2\/pages\/3050\/revisions\/3376"}],"up":[{"embeddable":true,"href":"https:\/\/www.tamaulipas.gob.mx\/trabajo\/wp-json\/wp\/v2\/pages\/2928"}],"wp:attachment":[{"href":"https:\/\/www.tamaulipas.gob.mx\/trabajo\/wp-json\/wp\/v2\/media?parent=3050"}],"curies":[{"name":"wp","href":"https:\/\/api.w.org\/{rel}","templated":true}]}}