{"id":2928,"date":"2025-05-20T15:17:25","date_gmt":"2025-05-20T21:17:25","guid":{"rendered":"https:\/\/www.tamaulipas.gob.mx\/trabajo\/?page_id=2928"},"modified":"2026-01-16T09:38:45","modified_gmt":"2026-01-16T15:38:45","slug":"servicios-sne","status":"publish","type":"page","link":"https:\/\/www.tamaulipas.gob.mx\/trabajo\/direccion-general-del-sne\/servicios-sne\/","title":{"rendered":"Servicios"},"content":{"rendered":"<p style=\"text-align: justify;\">El Servicio Nacional de Empleo (SNE) de Tamaulipas es una instituci\u00f3n p\u00fablica adscrita a la Secretar\u00eda del Trabajo y Previsi\u00f3n Social (STPS) del estado de Tamaulipas. Su misi\u00f3n es brindar atenci\u00f3n gratuita y personalizada a las personas que enfrentan situaciones de desempleo o subempleo, promoviendo la inserci\u00f3n laboral y el desarrollo econ\u00f3mico de la regi\u00f3n.<\/p>\n<p>El SNE Tamaulipas te ofrece lo siguiente:<\/p>\n<table style=\"border-collapse: collapse; width: 100%; height: 163px;\">\n<tbody>\n<tr style=\"height: 140px;\">\n<td style=\"width: 50%; height: 140px;\"><img loading=\"lazy\" decoding=\"async\" class=\"alignnone wp-image-2952 size-full\" src=\"https:\/\/www.tamaulipas.gob.mx\/trabajo\/wp-content\/uploads\/sites\/11\/2025\/05\/capacitacion-e1747848060433.png\" alt=\"\" width=\"893\" height=\"224\" \/><\/td>\n<td style=\"width: 50%; height: 140px;\"><a href=\"https:\/\/www.tamaulipas.gob.mx\/trabajo\/direccion-general-del-sne\/servicios-sne\/difusion-de-vacantes\/\"><img loading=\"lazy\" decoding=\"async\" class=\"alignnone wp-image-3141 size-full\" src=\"https:\/\/www.tamaulipas.gob.mx\/trabajo\/wp-content\/uploads\/sites\/11\/2025\/06\/difusion-de-vacantes.png\" alt=\"\" width=\"940\" height=\"788\" \/><\/a><\/td>\n<\/tr>\n<tr style=\"height: 23px;\">\n<td style=\"width: 50%; height: 23px;\"><img loading=\"lazy\" decoding=\"async\" class=\"alignnone wp-image-2954 size-full\" src=\"https:\/\/www.tamaulipas.gob.mx\/trabajo\/wp-content\/uploads\/sites\/11\/2025\/05\/orientacion-e1747848125848.png\" alt=\"\" width=\"899\" height=\"236\" \/><\/td>\n<td style=\"width: 50%; height: 23px;\"><img loading=\"lazy\" decoding=\"async\" class=\"alignnone wp-image-2955 size-full\" src=\"https:\/\/www.tamaulipas.gob.mx\/trabajo\/wp-content\/uploads\/sites\/11\/2025\/05\/talleres-e1747848153328.png\" alt=\"\" width=\"910\" height=\"245\" \/><\/td>\n<\/tr>\n<\/tbody>\n<\/table>\n","protected":false},"excerpt":{"rendered":"<p>El Servicio Nacional de Empleo (SNE) de Tamaulipas es una instituci\u00f3n p\u00fablica adscrita a la Secretar\u00eda del Trabajo y Previsi\u00f3n Social (STPS) del estado de\u2026<\/p>\n","protected":false},"author":295,"featured_media":0,"parent":37,"menu_order":0,"comment_status":"closed","ping_status":"closed","template":"","meta":{"footnotes":""},"class_list":["post-2928","page","type-page","status-publish","hentry"],"publishpress_future_action":{"enabled":false,"date":"2026-04-28 17:46:49","action":"change-status","newStatus":"draft","terms":[],"taxonomy":""},"_links":{"self":[{"href":"https:\/\/www.tamaulipas.gob.mx\/trabajo\/wp-json\/wp\/v2\/pages\/2928"}],"collection":[{"href":"https:\/\/www.tamaulipas.gob.mx\/trabajo\/wp-json\/wp\/v2\/pages"}],"about":[{"href":"https:\/\/www.tamaulipas.gob.mx\/trabajo\/wp-json\/wp\/v2\/types\/page"}],"author":[{"embeddable":true,"href":"https:\/\/www.tamaulipas.gob.mx\/trabajo\/wp-json\/wp\/v2\/users\/295"}],"replies":[{"embeddable":true,"href":"https:\/\/www.tamaulipas.gob.mx\/trabajo\/wp-json\/wp\/v2\/comments?post=2928"}],"version-history":[{"count":9,"href":"https:\/\/www.tamaulipas.gob.mx\/trabajo\/wp-json\/wp\/v2\/pages\/2928\/revisions"}],"predecessor-version":[{"id":3378,"href":"https:\/\/www.tamaulipas.gob.mx\/trabajo\/wp-json\/wp\/v2\/pages\/2928\/revisions\/3378"}],"up":[{"embeddable":true,"href":"https:\/\/www.tamaulipas.gob.mx\/trabajo\/wp-json\/wp\/v2\/pages\/37"}],"wp:attachment":[{"href":"https:\/\/www.tamaulipas.gob.mx\/trabajo\/wp-json\/wp\/v2\/media?parent=2928"}],"curies":[{"name":"wp","href":"https:\/\/api.w.org\/{rel}","templated":true}]}}