{"id":27,"date":"2017-06-07T11:05:43","date_gmt":"2017-06-07T16:05:43","guid":{"rendered":"http:\/\/www.tamaulipas.gob.mx\/trabajo\/?page_id=27"},"modified":"2017-08-09T14:55:35","modified_gmt":"2017-08-09T19:55:35","slug":"creacion","status":"publish","type":"page","link":"https:\/\/www.tamaulipas.gob.mx\/trabajo\/creacion\/","title":{"rendered":"Creaci\u00f3n de la Secretar\u00eda"},"content":{"rendered":"<p>La Secretar\u00eda del Trabajo se cre\u00f3 mediante Decreto Gubernamental No. LX-1853, de fecha 27 de diciembre de 2010, y fue publicado en el Peri\u00f3dico Oficial del Estado n\u00famero 155, el 29 de diciembre del mismo a\u00f1o.<\/p>\n<p>&nbsp;<\/p>\n<p>El decreto se\u00f1alado reform\u00f3 la Ley Org\u00e1nica de la Administraci\u00f3n P\u00fablica del Estado, y se incorpora en el art\u00edculo 23 fracci\u00f3n V a la Secretar\u00eda del Trabajo como una dependencia del Poder Ejecutivo del Estado que estudie, planee y despache los asuntos de esta competencia.<\/p>\n<p>&nbsp;<\/p>\n<p>Con el prop\u00f3sito de fortalecer la administraci\u00f3n p\u00fablica del Estado, el 30 de agosto de 2012, fue publicado en el Peri\u00f3dico Oficial del Estado n\u00famero 105, el Decreto Gubernamental No. LXI-495 mediante el cual, se reformaron, adicionaron y derogaron diversas disposiciones, dando lugar a la Secretar\u00eda del Trabajo.<\/p>\n","protected":false},"excerpt":{"rendered":"<p>La Secretar\u00eda del Trabajo se cre\u00f3 mediante Decreto Gubernamental No. LX-1853, de fecha 27 de diciembre de 2010, y fue publicado en el Peri\u00f3dico Oficial\u2026<\/p>\n","protected":false},"author":7,"featured_media":0,"parent":0,"menu_order":0,"comment_status":"closed","ping_status":"closed","template":"","meta":{"footnotes":""},"class_list":["post-27","page","type-page","status-publish","hentry"],"publishpress_future_action":{"enabled":false,"date":"2026-05-10 04:49:33","action":"change-status","newStatus":"draft","terms":[],"taxonomy":""},"_links":{"self":[{"href":"https:\/\/www.tamaulipas.gob.mx\/trabajo\/wp-json\/wp\/v2\/pages\/27"}],"collection":[{"href":"https:\/\/www.tamaulipas.gob.mx\/trabajo\/wp-json\/wp\/v2\/pages"}],"about":[{"href":"https:\/\/www.tamaulipas.gob.mx\/trabajo\/wp-json\/wp\/v2\/types\/page"}],"author":[{"embeddable":true,"href":"https:\/\/www.tamaulipas.gob.mx\/trabajo\/wp-json\/wp\/v2\/users\/7"}],"replies":[{"embeddable":true,"href":"https:\/\/www.tamaulipas.gob.mx\/trabajo\/wp-json\/wp\/v2\/comments?post=27"}],"version-history":[{"count":5,"href":"https:\/\/www.tamaulipas.gob.mx\/trabajo\/wp-json\/wp\/v2\/pages\/27\/revisions"}],"predecessor-version":[{"id":152,"href":"https:\/\/www.tamaulipas.gob.mx\/trabajo\/wp-json\/wp\/v2\/pages\/27\/revisions\/152"}],"wp:attachment":[{"href":"https:\/\/www.tamaulipas.gob.mx\/trabajo\/wp-json\/wp\/v2\/media?parent=27"}],"curies":[{"name":"wp","href":"https:\/\/api.w.org\/{rel}","templated":true}]}}