{"id":2438,"date":"2022-12-07T20:29:01","date_gmt":"2022-12-08T02:29:01","guid":{"rendered":"https:\/\/www.tamaulipas.gob.mx\/trabajo\/?page_id=2438"},"modified":"2026-01-16T10:07:58","modified_gmt":"2026-01-16T16:07:58","slug":"direccion-de-capacitacion-y-productividad-laboral","status":"publish","type":"page","link":"https:\/\/www.tamaulipas.gob.mx\/trabajo\/direccion-de-capacitacion-y-productividad-laboral\/","title":{"rendered":"Direcci\u00f3n de Capacitaci\u00f3n y Productividad Laboral"},"content":{"rendered":"<div>\n<h2>Director: Luis Roberto Cerda Govea<\/h2>\n<p><strong>Correo:<\/strong> luis.cerda@tamaulipas.gob.mx<\/p>\n<h3>\u00bfQu\u00e9 es?<\/h3>\n<p>\n        La Direcci\u00f3n de Capacitaci\u00f3n y Productividad es el \u00e1rea encargada de planear, coordinar y supervisar<br \/>\n        las acciones de formaci\u00f3n, certificaci\u00f3n laboral y desarrollo profesional que impulsa la Secretar\u00eda del<br \/>\n        Trabajo y Previsi\u00f3n Social. Su prop\u00f3sito es fortalecer las competencias de los trabajadores, mejorar<br \/>\n        su productividad y promover entornos laborales m\u00e1s eficientes y competitivos.\n    <\/p>\n<h3>\u00bfQu\u00e9 hacemos?<\/h3>\n<ul>\n<li>Implementamos programas de capacitaci\u00f3n para el empleo.<\/li>\n<li>Evaluamos la efectividad de cursos, talleres y diplomados.<\/li>\n<li>Capacitamos al personal interno de la Secretar\u00eda.<\/li>\n<li>Colaboramos con instituciones acad\u00e9micas y organismos especializados.<\/li>\n<li>Desarrollamos herramientas formativas y nuevos contenidos de aprendizaje.<\/li>\n<li>Fortalecemos la vinculaci\u00f3n entre Gobierno e industria para mejorar la calidad de la capacitaci\u00f3n.<\/li>\n<li>Gestionamos solicitudes de cursos, talleres y diplomados para trabajadores p\u00fablicos y privados.<\/li>\n<\/ul>\n<h3>Los cursos y capacitaciones que ofrecemos son:<\/h3>\n<table border=\"1\" cellpadding=\"8\" cellspacing=\"0\">\n<tr>\n<th>Categor\u00eda<\/th>\n<th>Cursos<\/th>\n<\/tr>\n<tr>\n<td>Desarrollo Humano<\/td>\n<td>\n                1. Trabajo en equipo<br \/>\n                2. Inteligencia emocional<br \/>\n                3. Conocerme para conocerte<br \/>\n                4. Sanando tu ni\u00f1o interior<br \/>\n                5. Descodificando el s\u00edntoma\n            <\/td>\n<\/tr>\n<tr>\n<td>Desarrollo de Habilidades<\/td>\n<td>\n                6. Desarrollo de habilidades directivas, sensibilizaci\u00f3n y liderazgo<br \/>\n                7. Desarrollando el potencial sinergia<br \/>\n                8. Actitudes positivas<br \/>\n                9. Tecno-comunicaci\u00f3n<br \/>\n                10. 7 h\u00e1bitos de la gente altamente efectiva<br \/>\n                11. Comunicaci\u00f3n efectiva y asertiva<br \/>\n                12. Resultados con base en objetivos\n            <\/td>\n<\/tr>\n<tr>\n<td>Institucional<\/td>\n<td>\n                13. El ABC del servidor p\u00fablico<br \/>\n                14. Sentido de pertenencia \u2013 identidad institucional\n            <\/td>\n<\/tr>\n<tr>\n<td>Inclusi\u00f3n y G\u00e9nero<\/td>\n<td>\n                15. Mujer fuerte, mujer l\u00edder\n            <\/td>\n<\/tr>\n<\/table>\n<h3>\u00bfA qui\u00e9n va dirigido?<\/h3>\n<ul>\n<li>Servidores p\u00fablicos.<\/li>\n<li>Trabajadores del sector privado.<\/li>\n<li>Empresas o instituciones que requieren procesos de formaci\u00f3n.<\/li>\n<li>Personas interesadas en desarrollar habilidades laborales y personales.<\/li>\n<\/ul>\n<\/div>\n<div class=\"table-responsive\"><table style=\"border-collapse: collapse; width: 100%;\" class=\" table\"><tbody><tr><td style=\"width: 33.3333%; text-align: center;\"><a href=\"https:\/\/www.tamaulipas.gob.mx\/trabajo\/direccion-de-capacitacion-y-productividad-laboral\/certificados-dcpl\/\"><img loading=\"lazy\" decoding=\"async\" class=\"alignnone wp-image-2898 size-full\" src=\"https:\/\/www.tamaulipas.gob.mx\/trabajo\/wp-content\/uploads\/sites\/11\/2025\/05\/certificados.png\" alt=\"\" width=\"940\" height=\"788\"><\/a><\/td>\n<td style=\"width: 33.3333%; text-align: center;\"><a href=\"https:\/\/www.tamaulipas.gob.mx\/trabajo\/direccion-de-capacitacion-y-productividad-laboral\/alianzas-dcpl\/\"><img loading=\"lazy\" decoding=\"async\" class=\"alignnone wp-image-2899 size-full\" src=\"https:\/\/www.tamaulipas.gob.mx\/trabajo\/wp-content\/uploads\/sites\/11\/2025\/05\/alianzas.png\" alt=\"\" width=\"940\" height=\"788\"><\/a><\/td>\n<td style=\"width: 33.3333%; text-align: center;\"><a href=\"https:\/\/www.tamaulipas.gob.mx\/trabajo\/direccion-de-capacitacion-y-productividad-laboral\/capacitaciones-dcpl\/\"><img loading=\"lazy\" decoding=\"async\" class=\"alignnone wp-image-2900 size-full\" src=\"https:\/\/www.tamaulipas.gob.mx\/trabajo\/wp-content\/uploads\/sites\/11\/2025\/05\/capacitaciones.png\" alt=\"\" width=\"940\" height=\"788\"><\/a><\/td>\n<\/tr><tr><td style=\"width: 33.3333%; text-align: center;\" data-wp-editing=\"1\">&#xA0;\n<p style=\"text-align: center;\">\n<\/p><\/td>\n<td style=\"width: 33.3333%; text-align: center;\"><img loading=\"lazy\" decoding=\"async\" class=\"alignnone wp-image-2901 size-full\" src=\"https:\/\/www.tamaulipas.gob.mx\/trabajo\/wp-content\/uploads\/sites\/11\/2025\/05\/mass-informaacion.png\" alt=\"\" width=\"940\" height=\"788\"><\/td>\n<td style=\"width: 33.3333%; text-align: center;\">&#xA0;\n<p style=\"text-align: center;\">\n<\/p><\/td>\n<\/tr><\/tbody><\/table><\/div>\n","protected":false},"excerpt":{"rendered":"<p>Director: Luis Roberto Cerda Govea Correo: luis.cerda@tamaulipas.gob.mx \u00bfQu\u00e9 es? La Direcci\u00f3n de Capacitaci\u00f3n y Productividad es el \u00e1rea encargada de planear, coordinar y supervisar las\u2026<\/p>\n","protected":false},"author":295,"featured_media":0,"parent":0,"menu_order":0,"comment_status":"closed","ping_status":"closed","template":"","meta":{"footnotes":""},"class_list":["post-2438","page","type-page","status-publish","hentry"],"publishpress_future_action":{"enabled":false,"date":"2026-04-28 16:47:02","action":"change-status","newStatus":"draft","terms":[],"taxonomy":""},"_links":{"self":[{"href":"https:\/\/www.tamaulipas.gob.mx\/trabajo\/wp-json\/wp\/v2\/pages\/2438"}],"collection":[{"href":"https:\/\/www.tamaulipas.gob.mx\/trabajo\/wp-json\/wp\/v2\/pages"}],"about":[{"href":"https:\/\/www.tamaulipas.gob.mx\/trabajo\/wp-json\/wp\/v2\/types\/page"}],"author":[{"embeddable":true,"href":"https:\/\/www.tamaulipas.gob.mx\/trabajo\/wp-json\/wp\/v2\/users\/295"}],"replies":[{"embeddable":true,"href":"https:\/\/www.tamaulipas.gob.mx\/trabajo\/wp-json\/wp\/v2\/comments?post=2438"}],"version-history":[{"count":36,"href":"https:\/\/www.tamaulipas.gob.mx\/trabajo\/wp-json\/wp\/v2\/pages\/2438\/revisions"}],"predecessor-version":[{"id":3384,"href":"https:\/\/www.tamaulipas.gob.mx\/trabajo\/wp-json\/wp\/v2\/pages\/2438\/revisions\/3384"}],"wp:attachment":[{"href":"https:\/\/www.tamaulipas.gob.mx\/trabajo\/wp-json\/wp\/v2\/media?parent=2438"}],"curies":[{"name":"wp","href":"https:\/\/api.w.org\/{rel}","templated":true}]}}