{"id":17,"date":"2017-06-07T09:59:46","date_gmt":"2017-06-07T14:59:46","guid":{"rendered":"http:\/\/www.tamaulipas.gob.mx\/trabajo\/?page_id=17"},"modified":"2025-11-28T21:16:04","modified_gmt":"2025-11-29T03:16:04","slug":"procuraduria-de-la-defensa-del-trabajo","status":"publish","type":"page","link":"https:\/\/www.tamaulipas.gob.mx\/trabajo\/procuraduria-de-la-defensa-del-trabajo\/","title":{"rendered":"Procuradur\u00eda de la Defensa del Trabajo"},"content":{"rendered":"<p><title>Procuradur\u00eda de la Defensa del Trabajo<\/title><br \/>\n<\/head><br \/>\n<body><\/p>\n<h1>Procuradur\u00eda de la Defensa del Trabajo<\/h1>\n<p><strong>Procurador:<\/strong> Lic. N\u00e9stor Alberto Zu\u00f1iga Gudi\u00f1o<br \/>\n    <strong>Email:<\/strong> <a href=\"mailto:procuraduria.stps@tamaulipas.gob.mx\">procuraduria.stps@tamaulipas.gob.mx<\/a><\/p>\n<h2>\u00bfQu\u00e9 es?<\/h2>\n<p>\n        La Procuradur\u00eda de la Defensa del Trabajo es la instancia encargada de proteger y defender los<br \/>\n        derechos laborales de las y los trabajadores, sus beneficiarios y los sindicatos.<br \/>\n        A trav\u00e9s de servicios gratuitos de asesor\u00eda, representaci\u00f3n y conciliaci\u00f3n, garantiza el acceso a<br \/>\n        la justicia laboral y promueve soluciones \u00e1giles, pac\u00edficas y con pleno valor jur\u00eddico.\n    <\/p>\n<h2>\u00bfQu\u00e9 hacemos?<\/h2>\n<ul>\n<li>Brindamos asesor\u00eda y orientaci\u00f3n jur\u00eddica gratuita en temas relacionados con la relaci\u00f3n laboral y defensa de derechos.<\/li>\n<li>Representamos jur\u00eddicamente a las y los trabajadores ante las autoridades laborales, cuando as\u00ed lo solicitan.<\/li>\n<li>Mediamos y documentamos soluciones conciliatorias entre trabajadores y empleadores.<\/li>\n<li>Acompa\u00f1amos a las y los trabajadores en los Centros de Conciliaci\u00f3n, brindando asistencia t\u00e9cnica y jur\u00eddica durante el proceso.<\/li>\n<\/ul>\n<h2>Servicios<\/h2>\n<h3>Asesor\u00eda y orientaci\u00f3n jur\u00eddica<\/h3>\n<p>Atenci\u00f3n gratuita a trabajadores, beneficiarios y sindicatos sobre conflictos laborales, derechos y obligaciones derivados de la relaci\u00f3n de trabajo.<\/p>\n<h3>Representaci\u00f3n legal<\/h3>\n<p>Acompa\u00f1amiento y defensa ante autoridades laborales para garantizar una representaci\u00f3n adecuada, t\u00e9cnica y gratuita durante todo el procedimiento.<\/p>\n<h3>Conciliaci\u00f3n<\/h3>\n<p>Promoci\u00f3n de acuerdos entre empleadores y trabajadores para resolver conflictos sin juicio, mediante mecanismos \u00e1giles y con validez jur\u00eddica plena.<\/p>\n<h3>Acompa\u00f1amiento en Centros de Conciliaci\u00f3n<\/h3>\n<p>Asistencia legal durante la etapa prejudicial obligatoria para la soluci\u00f3n de controversias laborales.<\/p>\n<p><\/body><\/p>\n<h3>Leyes que nos rigen:<\/h3>\n<ul>\n<li>Constituci\u00f3n Pol\u00edtica de los Estados Unidos Mexicanos, Art\u00edculo 123 apartado \u201cA\u201d <\/li>\n<li>Constituci\u00f3n Pol\u00edtica del Estado de Tamaulipas<\/li>\n<li>Ley Federal del Trabajo<\/li>\n<li>Ley Org\u00e1nica de la Administraci\u00f3n P\u00fablica del Estado de Tamaulipas<\/li>\n<li>Reglamento de la Procuradur\u00eda de la Defensa del Trabajo para el Estado de Tamaulipas<\/li>\n<li>Reglamento Interior de la Secretar\u00eda del Trabajo<\/li>\n<\/ul>\n<p>&nbsp;<\/p>\n<h3>Directorio:<\/h3>\n<div class=\"table-responsive\"><table style=\"width: 100%; height: 408px;\" class=\" table table-gobtam\"><thead><tr style=\"height: 24px;\"><td style=\"height: 24px;\">Municipio<\/td>\n<td style=\"height: 24px;\">Direcci&#xF3;n<\/td>\n<td style=\"height: 24px;\">Maps<\/td>\n<td style=\"height: 24px;\">Tel&#xE9;fono<\/td>\n<\/tr><\/thead><tbody><tr style=\"height: 48px;\"><td style=\"height: 48px;\">Ciudad Victoria<\/td>\n<td style=\"height: 48px;\">Blvd. Emilio Portes Gil #1270, Colonia Tecnol&#xF3;gico; Edificio Tiempo Nuevo, Planta Baja<\/td>\n<td style=\"height: 48px;\"><a href=\"https:\/\/goo.gl\/maps\/1iR9hPGg17FJUcA86\" target=\"_blank\" rel=\"noopener\"><img loading=\"lazy\" decoding=\"async\" class=\"alignnone wp-image-2502\" src=\"https:\/\/www.tamaulipas.gob.mx\/trabajo\/wp-content\/uploads\/sites\/11\/2022\/12\/maps.jpg\" alt=\"\" width=\"50\" height=\"33\"><\/a><\/td>\n<td style=\"height: 48px;\">(834) 318-1037<\/td>\n<\/tr><tr style=\"height: 48px;\"><td style=\"height: 48px;\">Tampico<\/td>\n<td style=\"height: 48px;\">Blvd. Adolfo L&#xF3;pez Mateos #3203, Plaza BITAM Local 3, Colonia Santo Ni&#xF1;o. C.P. 89160<\/td>\n<td style=\"height: 48px;\"><a href=\"https:\/\/maps.app.goo.gl\/QVZXBoyh35ByuVoW7\" target=\"_blank\" rel=\"noopener\"><img loading=\"lazy\" decoding=\"async\" class=\"alignnone wp-image-2502\" src=\"https:\/\/www.tamaulipas.gob.mx\/trabajo\/wp-content\/uploads\/sites\/11\/2022\/12\/maps.jpg\" alt=\"\" width=\"50\" height=\"33\"><\/a><\/td>\n<td style=\"height: 48px;\">&#xA0;(833) 122-7104<\/td>\n<\/tr><tr style=\"height: 48px;\"><td style=\"height: 48px;\">Matamoros<\/td>\n<td style=\"height: 48px;\">Calle Gonz&#xE1;lez #100, entre 8 y 9, Zona Centro. C.P. 87300<\/td>\n<td style=\"height: 48px;\"><a href=\"https:\/\/maps.app.goo.gl\/ZHnLgB2vUB4aYh2c7\" target=\"_blank\" rel=\"noopener\"><img loading=\"lazy\" decoding=\"async\" class=\"alignnone wp-image-2502\" src=\"https:\/\/www.tamaulipas.gob.mx\/trabajo\/wp-content\/uploads\/sites\/11\/2022\/12\/maps.jpg\" alt=\"\" width=\"50\" height=\"33\"><\/a><\/td>\n<td style=\"height: 48px;\">&#xA0;(868) 134-7669<\/td>\n<\/tr><tr style=\"height: 40px;\"><td style=\"height: 40px;\">Nuevo Laredo<\/td>\n<td style=\"height: 40px;\">Calle Gonz&#xE1;lez #5317, Colonia Hidalgo,&#xA0;C.P.&#xA0;88160<\/td>\n<td style=\"height: 40px;\"><a href=\"https:\/\/maps.app.goo.gl\/zJhNRZ3QD3txW7sw9\" target=\"_blank\" rel=\"noopener\"><img loading=\"lazy\" decoding=\"async\" class=\"alignnone wp-image-2502\" src=\"https:\/\/www.tamaulipas.gob.mx\/trabajo\/wp-content\/uploads\/sites\/11\/2022\/12\/maps.jpg\" alt=\"\" width=\"50\" height=\"33\"><\/a><\/td>\n<td style=\"height: 40px;\">&#xA0;(867) 141-9199<\/td>\n<\/tr><tr style=\"height: 40px;\"><td style=\"height: 40px;\">Reynosa<\/td>\n<td style=\"height: 40px;\">Calle Bravo con Adolfo L&#xF3;pez Mateos, Colonia Bella Vista, C.P. 88600<\/td>\n<td style=\"height: 40px;\"><a href=\"https:\/\/maps.app.goo.gl\/KCiriD3ZkZYd6qFS7\" target=\"_blank\" rel=\"noopener\"><img loading=\"lazy\" decoding=\"async\" class=\"alignnone wp-image-2502\" src=\"https:\/\/www.tamaulipas.gob.mx\/trabajo\/wp-content\/uploads\/sites\/11\/2022\/12\/maps.jpg\" alt=\"\" width=\"50\" height=\"33\"><\/a><\/td>\n<td style=\"height: 40px;\">&#x2013;<\/td>\n<\/tr><tr style=\"height: 40px;\"><td style=\"height: 40px;\">Miguel Alem&#xE1;n<\/td>\n<td style=\"height: 40px;\">Calle S&#xE9;ptima esq. con Av. Emiliano Zapata No 205 Altos. Zona Centro, C.P. 88300<\/td>\n<td style=\"height: 40px;\"><a href=\"https:\/\/maps.app.goo.gl\/1Pj1y5MwcFwMwBSRA\" target=\"_blank\" rel=\"noopener\"><img loading=\"lazy\" decoding=\"async\" class=\"alignnone wp-image-2502\" src=\"https:\/\/www.tamaulipas.gob.mx\/trabajo\/wp-content\/uploads\/sites\/11\/2022\/12\/maps.jpg\" alt=\"\" width=\"50\" height=\"33\"><\/a><\/td>\n<td style=\"height: 40px;\">(867) 972-5763<\/td>\n<\/tr><tr style=\"height: 40px;\"><td style=\"height: 40px;\">R&#xED;o Bravo<\/td>\n<td style=\"height: 40px;\">Av. Francisco I. Madero #310 esq. Quintana Roo, Zona Centro, C.P. 88910 <\/td>\n<td style=\"height: 40px;\"><a href=\"https:\/\/maps.app.goo.gl\/diDpcpWzKdMZP8ET9\" target=\"_blank\" rel=\"noopener\"><img loading=\"lazy\" decoding=\"async\" class=\"alignnone wp-image-2502\" src=\"https:\/\/www.tamaulipas.gob.mx\/trabajo\/wp-content\/uploads\/sites\/11\/2022\/12\/maps.jpg\" alt=\"\" width=\"50\" height=\"33\"><\/a><\/td>\n<td style=\"height: 40px;\">&#x2013;<\/td>\n<\/tr><tr style=\"height: 40px;\"><td style=\"height: 40px;\">Gonz&#xE1;lez<\/td>\n<td style=\"height: 40px;\">Calle Zaragoza esq. con Francisco I. Madero, Zona Centro<\/td>\n<td style=\"height: 40px;\"><a href=\"https:\/\/maps.app.goo.gl\/GsL9EDaWK9jkvUyx7\" target=\"_blank\" rel=\"noopener\"><img loading=\"lazy\" decoding=\"async\" class=\"alignnone wp-image-2502\" src=\"https:\/\/www.tamaulipas.gob.mx\/trabajo\/wp-content\/uploads\/sites\/11\/2022\/12\/maps.jpg\" alt=\"\" width=\"50\" height=\"33\"><\/a><\/td>\n<td style=\"height: 40px;\">&#x2013;<\/td>\n<\/tr><tr style=\"height: 40px;\"><td style=\"height: 40px;\">Mante<\/td>\n<td style=\"height: 40px;\">Calle &#xC1;lvaro Obreg&#xF3;n #101, entre Hidalgo y Jos&#xE9; Mar&#xED;a Morelos, Zona Centro, C.P. 89800<\/td>\n<td style=\"height: 40px;\"><a href=\"https:\/\/maps.app.goo.gl\/KUNWroNj5K5pvmAq6\" target=\"_blank\" rel=\"noopener\"><img loading=\"lazy\" decoding=\"async\" class=\"alignnone wp-image-2502\" src=\"https:\/\/www.tamaulipas.gob.mx\/trabajo\/wp-content\/uploads\/sites\/11\/2022\/12\/maps.jpg\" alt=\"\" width=\"50\" height=\"33\"><\/a><\/td>\n<td style=\"height: 40px;\">&#x2013;<\/td>\n<\/tr><\/tbody><\/table><\/div>\n","protected":false},"excerpt":{"rendered":"<p>Procuradur\u00eda de la Defensa del Trabajo Procuradur\u00eda de la Defensa del Trabajo Procurador: Lic. N\u00e9stor Alberto Zu\u00f1iga Gudi\u00f1o Email: procuraduria.stps@tamaulipas.gob.mx \u00bfQu\u00e9 es? La Procuradur\u00eda de\u2026<\/p>\n","protected":false},"author":7,"featured_media":0,"parent":0,"menu_order":0,"comment_status":"closed","ping_status":"closed","template":"","meta":{"footnotes":""},"class_list":["post-17","page","type-page","status-publish","hentry"],"publishpress_future_action":{"enabled":false,"date":"2026-04-28 16:45:52","action":"change-status","newStatus":"draft","terms":[],"taxonomy":""},"_links":{"self":[{"href":"https:\/\/www.tamaulipas.gob.mx\/trabajo\/wp-json\/wp\/v2\/pages\/17"}],"collection":[{"href":"https:\/\/www.tamaulipas.gob.mx\/trabajo\/wp-json\/wp\/v2\/pages"}],"about":[{"href":"https:\/\/www.tamaulipas.gob.mx\/trabajo\/wp-json\/wp\/v2\/types\/page"}],"author":[{"embeddable":true,"href":"https:\/\/www.tamaulipas.gob.mx\/trabajo\/wp-json\/wp\/v2\/users\/7"}],"replies":[{"embeddable":true,"href":"https:\/\/www.tamaulipas.gob.mx\/trabajo\/wp-json\/wp\/v2\/comments?post=17"}],"version-history":[{"count":31,"href":"https:\/\/www.tamaulipas.gob.mx\/trabajo\/wp-json\/wp\/v2\/pages\/17\/revisions"}],"predecessor-version":[{"id":3310,"href":"https:\/\/www.tamaulipas.gob.mx\/trabajo\/wp-json\/wp\/v2\/pages\/17\/revisions\/3310"}],"wp:attachment":[{"href":"https:\/\/www.tamaulipas.gob.mx\/trabajo\/wp-json\/wp\/v2\/media?parent=17"}],"curies":[{"name":"wp","href":"https:\/\/api.w.org\/{rel}","templated":true}]}}