{"id":15,"date":"2017-06-06T14:50:21","date_gmt":"2017-06-06T19:50:21","guid":{"rendered":"http:\/\/www.tamaulipas.gob.mx\/trabajo\/?page_id=15"},"modified":"2026-01-16T10:34:24","modified_gmt":"2026-01-16T16:34:24","slug":"direccion-de-inspeccion-y-prevision-social","status":"publish","type":"page","link":"https:\/\/www.tamaulipas.gob.mx\/trabajo\/direccion-de-inspeccion-y-prevision-social\/","title":{"rendered":"Direcci\u00f3n de Inspecci\u00f3n y Previsi\u00f3n Social"},"content":{"rendered":"<h2 style=\"text-align: center;\"><\/h2>\n<p>&nbsp;<\/p>\n<p style=\"text-align: justify;\"><span class=\"OYPEnA font-feature-liga-off font-feature-clig-off font-feature-calt-off text-decoration-none text-strikethrough-none\">Esta encargada de vigilar el cumplimiento de las Normas del Trabajo, las de Seguridad y de Salud Laboral, el respeto a los derechos laborales de los grupos vulnerables, entre los que se incluyen los Menores en edad permitida de trabajo, Mujeres Embarazadas y en Periodo de Lactancia y Personas con Discapacidad, lleva a cabo acciones de Fomento a la seguridad laboral y de Erradicaci\u00f3n de Trabajo de Menores.<\/span><\/p>\n<p>&nbsp;<\/p>\n<div class=\"table-responsive\"><table style=\"border-collapse: collapse; width: 100%; height: 277px;\" class=\" table\"><tbody><tr style=\"height: 254px;\"><td style=\"width: 33.3333%; text-align: center; height: 254px;\"><a href=\"https:\/\/www.tamaulipas.gob.mx\/trabajo\/direccion-de-inspeccion-y-prevision-social\/orientacion-seguridad-social\/\"><img loading=\"lazy\" decoding=\"async\" class=\"alignnone wp-image-2893 size-full\" src=\"https:\/\/www.tamaulipas.gob.mx\/trabajo\/wp-content\/uploads\/sites\/11\/2025\/05\/orientacion-y-seguridad-social.png\" alt=\"\" width=\"940\" height=\"788\"><\/a>\n<p style=\"text-align: center;\">\n<\/p><\/td>\n<td style=\"width: 33.3333%; text-align: center; height: 254px;\"><a href=\"https:\/\/www.tamaulipas.gob.mx\/trabajo\/direccion-de-inspeccion-y-prevision-social\/trabajo-menores\/\"><img loading=\"lazy\" decoding=\"async\" class=\"alignnone wp-image-2894 size-full\" src=\"https:\/\/www.tamaulipas.gob.mx\/trabajo\/wp-content\/uploads\/sites\/11\/2025\/05\/trabajo-de-menores.png\" alt=\"\" width=\"940\" height=\"788\"><\/a>\n<p style=\"text-align: center;\">\n<\/p><\/td>\n<td style=\"width: 33.3333%; text-align: center; height: 254px;\"><a href=\"https:\/\/www.tamaulipas.gob.mx\/trabajo\/direccion-de-inspeccion-y-prevision-social\/fomento-a-seguridad-laboral\/\"><img loading=\"lazy\" decoding=\"async\" class=\"alignnone wp-image-2895 size-full\" src=\"https:\/\/www.tamaulipas.gob.mx\/trabajo\/wp-content\/uploads\/sites\/11\/2025\/05\/fomento-a-la-seguridad-laboral.png\" alt=\"\" width=\"940\" height=\"788\"><\/a><\/td>\n<\/tr><tr style=\"height: 23px;\"><td style=\"width: 33.3333%; text-align: center; height: 23px;\"><a href=\"https:\/\/www.tamaulipas.gob.mx\/trabajo\/wp-content\/uploads\/sites\/11\/2025\/06\/directorio-inspeccion.pdf\" target=\"_blank\" rel=\"noopener\"><img loading=\"lazy\" decoding=\"async\" class=\"alignnone wp-image-3196 size-full\" src=\"https:\/\/www.tamaulipas.gob.mx\/trabajo\/wp-content\/uploads\/sites\/11\/2025\/06\/directorio-inspeccion-2-e1749158568519.png\" alt=\"\" width=\"631\" height=\"570\"><\/a><\/td>\n<td style=\"width: 33.3333%; text-align: center; height: 23px;\"><a href=\"https:\/\/www.tamaulipas.gob.mx\/trabajo\/direccion-de-inspeccion-y-prevision-social\/ubicacion-inspeccion\/\"><img loading=\"lazy\" decoding=\"async\" class=\"alignnone wp-image-3179 size-full\" src=\"https:\/\/www.tamaulipas.gob.mx\/trabajo\/wp-content\/uploads\/sites\/11\/2025\/06\/ubicacion-1-1.png\" alt=\"\" width=\"940\" height=\"788\"><\/a><\/td>\n<td style=\"width: 33.3333%; text-align: center; height: 23px;\"><\/td>\n<\/tr><\/tbody><\/table><\/div>\n<p class=\"cvGsUA direction-ltr align-center para-style-body\" style=\"text-align: center;\"><span class=\"OYPEnA font-feature-liga-off font-feature-clig-off font-feature-calt-off text-decoration-none text-strikethrough-none\">Director de Inspecci\u00f3n y Previsi\u00f3n Social<br \/>\n<\/span><span class=\"OYPEnA font-feature-liga-off font-feature-clig-off font-feature-calt-off text-decoration-none text-strikethrough-none\">Ing. Alejandro Oliverio Castillo Lopez<\/span><\/p>\n","protected":false},"excerpt":{"rendered":"<p>&nbsp; Esta encargada de vigilar el cumplimiento de las Normas del Trabajo, las de Seguridad y de Salud Laboral, el respeto a los derechos laborales\u2026<\/p>\n","protected":false},"author":7,"featured_media":0,"parent":0,"menu_order":0,"comment_status":"closed","ping_status":"closed","template":"","meta":{"footnotes":""},"class_list":["post-15","page","type-page","status-publish","hentry"],"publishpress_future_action":{"enabled":false,"date":"2026-04-28 16:46:21","action":"change-status","newStatus":"draft","terms":[],"taxonomy":""},"_links":{"self":[{"href":"https:\/\/www.tamaulipas.gob.mx\/trabajo\/wp-json\/wp\/v2\/pages\/15"}],"collection":[{"href":"https:\/\/www.tamaulipas.gob.mx\/trabajo\/wp-json\/wp\/v2\/pages"}],"about":[{"href":"https:\/\/www.tamaulipas.gob.mx\/trabajo\/wp-json\/wp\/v2\/types\/page"}],"author":[{"embeddable":true,"href":"https:\/\/www.tamaulipas.gob.mx\/trabajo\/wp-json\/wp\/v2\/users\/7"}],"replies":[{"embeddable":true,"href":"https:\/\/www.tamaulipas.gob.mx\/trabajo\/wp-json\/wp\/v2\/comments?post=15"}],"version-history":[{"count":36,"href":"https:\/\/www.tamaulipas.gob.mx\/trabajo\/wp-json\/wp\/v2\/pages\/15\/revisions"}],"predecessor-version":[{"id":3393,"href":"https:\/\/www.tamaulipas.gob.mx\/trabajo\/wp-json\/wp\/v2\/pages\/15\/revisions\/3393"}],"wp:attachment":[{"href":"https:\/\/www.tamaulipas.gob.mx\/trabajo\/wp-json\/wp\/v2\/media?parent=15"}],"curies":[{"name":"wp","href":"https:\/\/api.w.org\/{rel}","templated":true}]}}