{"id":8,"date":"2019-03-15T10:47:16","date_gmt":"2019-03-15T16:47:16","guid":{"rendered":"https:\/\/www.tamaulipas.gob.mx\/siproddis\/?page_id=8"},"modified":"2022-12-13T14:49:09","modified_gmt":"2022-12-13T20:49:09","slug":"integrantes","status":"publish","type":"page","link":"https:\/\/www.tamaulipas.gob.mx\/siproddis\/integrantes\/","title":{"rendered":"\u00bfQui\u00e9nes lo conforman?"},"content":{"rendered":"<p>El Sistema Intersectorial de Protecci\u00f3n y Gesti\u00f3n Integral de Derechos de las Personas con Discapacidad est\u00e1 presidido por el Gobernador del Estado de Tamaulipas y representantes de distintas dependencias y entidades de la Administraci\u00f3n P\u00fablica Estatal, quienes en conjunto tendr\u00e1n la tarea de promover, impulsar, difundir, fomentar y coordinar acciones para asegurar el ejercicio y goce de los derechos de las personas con discapacidad, as\u00ed como contribuir a su desarrollo integral e inclusi\u00f3n plena.<\/p>\n<p><strong>Integrantes<\/strong><\/p>\n<ol style=\"list-style-type: upper-roman;\">\n<li>El Gobernador del Estado, quien lo presidir\u00e1;<\/li>\n<li>El Secretario General de Gobierno;<\/li>\n<li>Secretar\u00eda de Bienestar Social;<\/li>\n<li>Secretar\u00eda de Salud;<\/li>\n<li>Secretar\u00eda de Desarrollo Econ\u00f3mico;<\/li>\n<li>Secretar\u00eda de Educaci\u00f3n de Tamaulipas;<\/li>\n<li>Secretar\u00eda de Desarrollo Urbano y Medio Ambiente<\/li>\n<li>Secretar\u00eda de Finanzas;<\/li>\n<li>Secretar\u00eda de Obras P\u00fablicas;<\/li>\n<li>Secretar\u00eda del Trabajo;<\/li>\n<li>Comisi\u00f3n Estatal de los Derechos Humanos;<\/li>\n<li>La Direcci\u00f3n General del Sistema DIF Estatal; y<\/li>\n<li>Representantes de la Sociedad Civil que ser\u00e1n nombrados por el propio Sistema Intersectorial dentro de los representantes sectoriales de ni\u00f1as, ni\u00f1os, adolescentes, mujeres y adultos mayores de las Organizaciones de la Sociedad Civil.<\/li>\n<\/ol>\n<blockquote><p>A invitaci\u00f3n del Sistema Intersectorial, podr\u00e1n asistir las dependencias federales que implementan programas en beneficio de las personas con discapacidad.<\/p><\/blockquote>\n","protected":false},"excerpt":{"rendered":"<p>El Sistema Intersectorial de Protecci\u00f3n y Gesti\u00f3n Integral de Derechos de las Personas con Discapacidad est\u00e1 presidido por el Gobernador del Estado de Tamaulipas y\u2026<\/p>\n","protected":false},"author":1,"featured_media":0,"parent":0,"menu_order":0,"comment_status":"closed","ping_status":"closed","template":"","meta":{"footnotes":""},"class_list":["post-8","page","type-page","status-publish","hentry"],"publishpress_future_action":{"enabled":false,"date":"2026-05-20 10:35:26","action":"change-status","newStatus":"draft","terms":[],"taxonomy":""},"_links":{"self":[{"href":"https:\/\/www.tamaulipas.gob.mx\/siproddis\/wp-json\/wp\/v2\/pages\/8"}],"collection":[{"href":"https:\/\/www.tamaulipas.gob.mx\/siproddis\/wp-json\/wp\/v2\/pages"}],"about":[{"href":"https:\/\/www.tamaulipas.gob.mx\/siproddis\/wp-json\/wp\/v2\/types\/page"}],"author":[{"embeddable":true,"href":"https:\/\/www.tamaulipas.gob.mx\/siproddis\/wp-json\/wp\/v2\/users\/1"}],"replies":[{"embeddable":true,"href":"https:\/\/www.tamaulipas.gob.mx\/siproddis\/wp-json\/wp\/v2\/comments?post=8"}],"version-history":[{"count":4,"href":"https:\/\/www.tamaulipas.gob.mx\/siproddis\/wp-json\/wp\/v2\/pages\/8\/revisions"}],"predecessor-version":[{"id":178,"href":"https:\/\/www.tamaulipas.gob.mx\/siproddis\/wp-json\/wp\/v2\/pages\/8\/revisions\/178"}],"wp:attachment":[{"href":"https:\/\/www.tamaulipas.gob.mx\/siproddis\/wp-json\/wp\/v2\/media?parent=8"}],"curies":[{"name":"wp","href":"https:\/\/api.w.org\/{rel}","templated":true}]}}