{"id":26,"date":"2019-03-15T11:23:42","date_gmt":"2019-03-15T17:23:42","guid":{"rendered":"https:\/\/www.tamaulipas.gob.mx\/siproddis\/?page_id=26"},"modified":"2019-05-17T10:50:00","modified_gmt":"2019-05-17T15:50:00","slug":"fechas","status":"publish","type":"page","link":"https:\/\/www.tamaulipas.gob.mx\/siproddis\/fechas\/","title":{"rendered":"Fechas conmemorativas"},"content":{"rendered":"<div class=\"panel-group\" id=\"custom-collapse-0\">\n<div class=\"panel panel-default\">\n\t\t\t\t<div class=\"panel-heading\">\n\t\t\t\t\t<h4 class=\"panel-title\">\n\t\t\t\t\t\t<a class=\"\" data-toggle=\"collapse\" data-parent=\"#custom-collapse-0\" href=\"#custom-collapse-0-0\">Enero<\/a>\n\t\t\t\t\t<\/h4>\n\t\t\t\t<\/div>\n\t\t\t\t<div id=\"custom-collapse-0-0\" class=\"panel-collapse in\">\n\t\t\t\t\t<div class=\"panel-body\">\n<ul>\n<li>4 de enero: D\u00eda mundial de Braille<\/li>\n<\/ul>\n<\/div>\n\t\t\t\t<\/div>\n\t\t\t<\/div>\n<div class=\"panel panel-default\">\n\t\t\t\t<div class=\"panel-heading\">\n\t\t\t\t\t<h4 class=\"panel-title\">\n\t\t\t\t\t\t<a class=\"collapsed\" data-toggle=\"collapse\" data-parent=\"#custom-collapse-0\" href=\"#custom-collapse-0-1\">Febrero<\/a>\n\t\t\t\t\t<\/h4>\n\t\t\t\t<\/div>\n\t\t\t\t<div id=\"custom-collapse-0-1\" class=\"panel-collapse collapse\">\n\t\t\t\t\t<div class=\"panel-body\">\n<ul>\n<li>18 de febrero: D\u00eda Internacional del S\u00edndrome de Asperger<\/li>\n<li>25 de febrero: D\u00eda Internacional del Implante Coclear<\/li>\n<li>27 de febrero: D\u00eda Nacional por la Inclusi\u00f3n Laboral<\/li>\n<\/ul>\n<\/div>\n\t\t\t\t<\/div>\n\t\t\t<\/div>\n<div class=\"panel panel-default\">\n\t\t\t\t<div class=\"panel-heading\">\n\t\t\t\t\t<h4 class=\"panel-title\">\n\t\t\t\t\t\t<a class=\"collapsed\" data-toggle=\"collapse\" data-parent=\"#custom-collapse-0\" href=\"#custom-collapse-0-2\">Marzo<\/a>\n\t\t\t\t\t<\/h4>\n\t\t\t\t<\/div>\n\t\t\t\t<div id=\"custom-collapse-0-2\" class=\"panel-collapse collapse\">\n\t\t\t\t\t<div class=\"panel-body\">\n<ul>\n<li>1 de marzo: D\u00eda Internacional para la Cero Discriminaci\u00f3n<\/li>\n<li>8 de marzo: D\u00eda internacional de la Mujer<\/li>\n<li>21 de marzo: D\u00eda mundial del s\u00edndrome de Down<\/li>\n<li>23 de marzo: D\u00eda mundial de la Rehabilitaci\u00f3n Motriz<\/li>\n<\/ul>\n<\/div>\n\t\t\t\t<\/div>\n\t\t\t<\/div>\n<div class=\"panel panel-default\">\n\t\t\t\t<div class=\"panel-heading\">\n\t\t\t\t\t<h4 class=\"panel-title\">\n\t\t\t\t\t\t<a class=\"collapsed\" data-toggle=\"collapse\" data-parent=\"#custom-collapse-0\" href=\"#custom-collapse-0-3\">Abril<\/a>\n\t\t\t\t\t<\/h4>\n\t\t\t\t<\/div>\n\t\t\t\t<div id=\"custom-collapse-0-3\" class=\"panel-collapse collapse\">\n\t\t\t\t\t<div class=\"panel-body\">\n<ul>\n<li>2 de abril: D\u00eda mundial de Concienciaci\u00f3n sobre el Autismo<\/li>\n<li>11 de abril: D\u00eda mundial del mal de Parkinson<\/li>\n<li>12 de abril: D\u00eda mundial contra la contaminaci\u00f3n ac\u00fastica<\/li>\n<li>16 de abril: D\u00eda mundial de la voz<\/li>\n<li>30 de abril: D\u00eda del Ni\u00f1o y de la Ni\u00f1a<\/li>\n<\/ul>\n<\/div>\n\t\t\t\t<\/div>\n\t\t\t<\/div>\n<div class=\"panel panel-default\">\n\t\t\t\t<div class=\"panel-heading\">\n\t\t\t\t\t<h4 class=\"panel-title\">\n\t\t\t\t\t\t<a class=\"collapsed\" data-toggle=\"collapse\" data-parent=\"#custom-collapse-0\" href=\"#custom-collapse-0-4\">Mayo<\/a>\n\t\t\t\t\t<\/h4>\n\t\t\t\t<\/div>\n\t\t\t\t<div id=\"custom-collapse-0-4\" class=\"panel-collapse collapse\">\n\t\t\t\t\t<div class=\"panel-body\">\n<ul>\n<li>2 de mayo: D\u00eda mundial de la Espondilitis (inflamaci\u00f3n de vertebras)<\/li>\n<li>3 de mayo: Aniversario de la entrada en vigor de la Convenci\u00f3n sobre los Derechos de las Personas con Discapacidad<\/li>\n<li>6 de mayo: D\u00eda mundial de la Ontog\u00e9nesis Imperfecta o mejor conocida como huesos de cristal<\/li>\n<li>12 de mayo: D\u00eda del Fonoaudi\u00f3logo<\/li>\n<li>29 de mayo: D\u00eda mundial de la Esclerosis M\u00faltiple (\u00faltimo mi\u00e9rcoles de mayo)<\/li>\n<li>31 de mayo de 2011 entro en entr\u00f3 en vigor la Ley General para la Inclusi\u00f3n de las Personas con Discapacidad, ordenamiento que establece en su Art\u00edculo 38, la creaci\u00f3n del Consejo Nacional para el Desarrollo y la Inclusi\u00f3n de las Personas con Discapacidad CONADDIS<\/li>\n<\/ul>\n<\/div>\n\t\t\t\t<\/div>\n\t\t\t<\/div>\n<div class=\"panel panel-default\">\n\t\t\t\t<div class=\"panel-heading\">\n\t\t\t\t\t<h4 class=\"panel-title\">\n\t\t\t\t\t\t<a class=\"collapsed\" data-toggle=\"collapse\" data-parent=\"#custom-collapse-0\" href=\"#custom-collapse-0-5\">Junio<\/a>\n\t\t\t\t\t<\/h4>\n\t\t\t\t<\/div>\n\t\t\t\t<div id=\"custom-collapse-0-5\" class=\"panel-collapse collapse\">\n\t\t\t\t\t<div class=\"panel-body\">\n<ul>\n<li>1 de junio de 1983: Convenio 159 de la OIT sobre Readaptaci\u00f3n Profesional y el Empleo de Personas con Discapacidad<\/li>\n<li>7 de junio de 1999: Convenci\u00f3n sobre la Eliminaci\u00f3n de Todas las Formas de Discriminaci\u00f3n contra las Personas con Discapacidad (OEA) \u2013 Ratificada POR M\u00e9xico el 25 de enero de 2001<\/li>\n<li>10 de junio: D\u00eda Nacional de la Lengua de Se\u00f1as Mexicana<\/li>\n<li>11 de junio de 2003: Se publica la Ley Federal para Prevenir y Eliminar la Discriminaci\u00f3n<\/li>\n<li>21 de junio: 27 de junio: D\u00eda mundial de la Sordoceguera y de las personas Sordociegas<\/li>\n<\/ul>\n<\/div>\n\t\t\t\t<\/div>\n\t\t\t<\/div>\n<div class=\"panel panel-default\">\n\t\t\t\t<div class=\"panel-heading\">\n\t\t\t\t\t<h4 class=\"panel-title\">\n\t\t\t\t\t\t<a class=\"collapsed\" data-toggle=\"collapse\" data-parent=\"#custom-collapse-0\" href=\"#custom-collapse-0-6\">Julio<\/a>\n\t\t\t\t\t<\/h4>\n\t\t\t\t<\/div>\n\t\t\t\t<div id=\"custom-collapse-0-6\" class=\"panel-collapse collapse\">\n\t\t\t\t\t<div class=\"panel-body\">\n<ul>\n<li>3 de julio: D\u00eda internacional del s\u00edndrome de Rubinstein-Tayb<\/li>\n<\/ul>\n<\/div>\n\t\t\t\t<\/div>\n\t\t\t<\/div>\n<div class=\"panel panel-default\">\n\t\t\t\t<div class=\"panel-heading\">\n\t\t\t\t\t<h4 class=\"panel-title\">\n\t\t\t\t\t\t<a class=\"collapsed\" data-toggle=\"collapse\" data-parent=\"#custom-collapse-0\" href=\"#custom-collapse-0-7\">Agosto<\/a>\n\t\t\t\t\t<\/h4>\n\t\t\t\t<\/div>\n\t\t\t\t<div id=\"custom-collapse-0-7\" class=\"panel-collapse collapse\">\n\t\t\t\t\t<div class=\"panel-body\">\n<\/div>\n\t\t\t\t<\/div>\n\t\t\t<\/div>\n<div class=\"panel panel-default\">\n\t\t\t\t<div class=\"panel-heading\">\n\t\t\t\t\t<h4 class=\"panel-title\">\n\t\t\t\t\t\t<a class=\"collapsed\" data-toggle=\"collapse\" data-parent=\"#custom-collapse-0\" href=\"#custom-collapse-0-8\">Septiembre<\/a>\n\t\t\t\t\t<\/h4>\n\t\t\t\t<\/div>\n\t\t\t\t<div id=\"custom-collapse-0-8\" class=\"panel-collapse collapse\">\n\t\t\t\t\t<div class=\"panel-body\">\n<ul>\n<li>21 de septiembre: D\u00eda mundial del Alzheimer<\/li>\n<li>28 de septiembre: D\u00eda mundial de la Comunidad Sorda (\u00faltimo s\u00e1bado de septiembre)<\/li>\n<li>29 D\u00eda Mundial d la Retinosis Pigmentaria<\/li>\n<\/ul>\n<\/div>\n\t\t\t\t<\/div>\n\t\t\t<\/div>\n<div class=\"panel panel-default\">\n\t\t\t\t<div class=\"panel-heading\">\n\t\t\t\t\t<h4 class=\"panel-title\">\n\t\t\t\t\t\t<a class=\"collapsed\" data-toggle=\"collapse\" data-parent=\"#custom-collapse-0\" href=\"#custom-collapse-0-9\">Octubre<\/a>\n\t\t\t\t\t<\/h4>\n\t\t\t\t<\/div>\n\t\t\t\t<div id=\"custom-collapse-0-9\" class=\"panel-collapse collapse\">\n\t\t\t\t\t<div class=\"panel-body\">\n<ul>\n<li>1 de octubre: D\u00eda mundial de la discapacidad auditiva<\/li>\n<li>1 de octubre: D\u00eda internacional de las personas adultas mayores<\/li>\n<li>2 de octubre: D\u00eda mundial de la par\u00e1lisis Cerebral (primer mi\u00e9rcoles de octubre)<\/li>\n<li>10 de octubre: D\u00eda mundial de la salud mental<\/li>\n<li>12 de octubre: D\u00eda mundial de Visi\u00f3n<\/li>\n<li>15 de octubre: D\u00eda internacional del bast\u00f3n blanco<\/li>\n<li>19 de octubre: Dia mundial contra el c\u00e1ncer de mama<\/li>\n<li>24 de octubre: D\u00eda internacional de la lucha contra la Polio<\/li>\n<li>25 de octubre: D\u00eda mundial de las personas de baja talla<\/li>\n<\/ul>\n<\/div>\n\t\t\t\t<\/div>\n\t\t\t<\/div>\n<div class=\"panel panel-default\">\n\t\t\t\t<div class=\"panel-heading\">\n\t\t\t\t\t<h4 class=\"panel-title\">\n\t\t\t\t\t\t<a class=\"collapsed\" data-toggle=\"collapse\" data-parent=\"#custom-collapse-0\" href=\"#custom-collapse-0-10\">Noviembre<\/a>\n\t\t\t\t\t<\/h4>\n\t\t\t\t<\/div>\n\t\t\t\t<div id=\"custom-collapse-0-10\" class=\"panel-collapse collapse\">\n\t\t\t\t\t<div class=\"panel-body\">\n<ul>\n<li>28 de noviembre: D\u00eda Nacional del Sordo<\/li>\n<\/ul>\n<\/div>\n\t\t\t\t<\/div>\n\t\t\t<\/div>\n<div class=\"panel panel-default\">\n\t\t\t\t<div class=\"panel-heading\">\n\t\t\t\t\t<h4 class=\"panel-title\">\n\t\t\t\t\t\t<a class=\"collapsed\" data-toggle=\"collapse\" data-parent=\"#custom-collapse-0\" href=\"#custom-collapse-0-11\">Diciembre<\/a>\n\t\t\t\t\t<\/h4>\n\t\t\t\t<\/div>\n\t\t\t\t<div id=\"custom-collapse-0-11\" class=\"panel-collapse collapse\">\n\t\t\t\t\t<div class=\"panel-body\">\n<ul>\n<li>3 de diciembre: D\u00eda internacional de las Personas con Discapacidad<\/li>\n<li>9 de diciembre de 1975: Declaraci\u00f3n de los derechos de los Impedidos, proclamada por la Asamblea General de las Naciones Unidas<\/li>\n<li>10 de diciembre: D\u00eda de la declaraci\u00f3n Universal de los Derechos Humanos (D\u00eda Mundial de los Derechos Humanos)<\/li>\n<li>18 de diciembre: D\u00eda mundial de la Esclerosis M\u00faltiple<\/li>\n<li>20 de diciembre de 1993: Normas Uniformes sobre la Igualdad de Oportunidades para las Personas con Discapacidad<\/li>\n<\/ul>\n<\/div>\n\t\t\t\t<\/div>\n\t\t\t<\/div>\n<\/div>\n","protected":false},"excerpt":{"rendered":"","protected":false},"author":1,"featured_media":0,"parent":0,"menu_order":0,"comment_status":"closed","ping_status":"closed","template":"","meta":{"footnotes":""},"class_list":["post-26","page","type-page","status-publish","hentry"],"publishpress_future_action":{"enabled":false,"date":"2026-05-20 09:27:20","action":"change-status","newStatus":"draft","terms":[],"taxonomy":""},"_links":{"self":[{"href":"https:\/\/www.tamaulipas.gob.mx\/siproddis\/wp-json\/wp\/v2\/pages\/26"}],"collection":[{"href":"https:\/\/www.tamaulipas.gob.mx\/siproddis\/wp-json\/wp\/v2\/pages"}],"about":[{"href":"https:\/\/www.tamaulipas.gob.mx\/siproddis\/wp-json\/wp\/v2\/types\/page"}],"author":[{"embeddable":true,"href":"https:\/\/www.tamaulipas.gob.mx\/siproddis\/wp-json\/wp\/v2\/users\/1"}],"replies":[{"embeddable":true,"href":"https:\/\/www.tamaulipas.gob.mx\/siproddis\/wp-json\/wp\/v2\/comments?post=26"}],"version-history":[{"count":3,"href":"https:\/\/www.tamaulipas.gob.mx\/siproddis\/wp-json\/wp\/v2\/pages\/26\/revisions"}],"predecessor-version":[{"id":89,"href":"https:\/\/www.tamaulipas.gob.mx\/siproddis\/wp-json\/wp\/v2\/pages\/26\/revisions\/89"}],"wp:attachment":[{"href":"https:\/\/www.tamaulipas.gob.mx\/siproddis\/wp-json\/wp\/v2\/media?parent=26"}],"curies":[{"name":"wp","href":"https:\/\/api.w.org\/{rel}","templated":true}]}}