{"id":13,"date":"2019-03-15T10:53:24","date_gmt":"2019-03-15T16:53:24","guid":{"rendered":"https:\/\/www.tamaulipas.gob.mx\/siproddis\/?page_id=13"},"modified":"2019-03-15T10:53:24","modified_gmt":"2019-03-15T16:53:24","slug":"atribuciones","status":"publish","type":"page","link":"https:\/\/www.tamaulipas.gob.mx\/siproddis\/atribuciones\/","title":{"rendered":"Atribuciones"},"content":{"rendered":"<ul>\n<li>Establecer con el Instituto Nacional de Estad\u00edstica y Geograf\u00eda, pautas de coordinaci\u00f3n para la elaboraci\u00f3n y actualizaci\u00f3n del Registro Estatal de las Personas con Discapacidad. Para lo cual implementar\u00e1 una estrategia diferenciada en la obtenci\u00f3n de la informaci\u00f3n que parta del reconocimiento del perfil sociodemogr\u00e1fico de la poblaci\u00f3n; para ello, recibir\u00e1 el apoyo y permanente participaci\u00f3n de todas las instancias del sector p\u00fablico, privado y social;<\/li>\n<li>Coordinar la formulaci\u00f3n, dise\u00f1o e instrumentaci\u00f3n del Programa Estatal en base a la integraci\u00f3n de los programas interinstitucionales, concebidos estos bajo los fundamentos del modelo social, y que conforman el Sistema Intersectorial, as\u00ed como a la informaci\u00f3n contenida en el Registro Estatal de las Personas con Discapacidad y toda aquella que sea proporcionada por las instancias p\u00fablicas, privadas y sociales relacionadas con este segmento social;<\/li>\n<li>Convocar, por instrucciones del Presidente, a las sesiones de Sistema Intersectorial as\u00ed como elaborar el acta de las sesiones que se lleven a cabo;<\/li>\n<li>Supervisar la ejecuci\u00f3n de los programas estatales en base al establecimiento de un sistema de gesti\u00f3n de indicadores el cual forma parte sustantiva del programa estatal;<\/li>\n<li>Generar informes derivados de la supervisi\u00f3n y turnarlos al Sistema Intersectorial;<\/li>\n<li>Instrumentar talleres de capacitaci\u00f3n al personal que integra el Sistema Intersectorial, sobre el Modelo Social de Atenci\u00f3n, sobre el contenido de la Convenci\u00f3n de Derechos de las Personas con Discapacidad as\u00ed como diversas metodolog\u00edas de gesti\u00f3n de programas y proyectos;<\/li>\n<li>Desarrollar los canales, mecanismos y procedimientos para que las personas con discapacidad y las organizaciones de la sociedad civil puedan canalizar sus propuestas y sugerencias al Sistema Intersectorial para su incorporaci\u00f3n al programa estatal de atenci\u00f3n de personas con Discapacidad;<\/li>\n<li>Solicitar a las Dependencias y Entidades de la Administraci\u00f3n P\u00fablica Estatal y a los Ayuntamientos de la Entidad, la informaci\u00f3n o documentaci\u00f3n relativa para garantizar el cumplimiento de los objetivos de la presente Ley, su reglamento y dem\u00e1s disposiciones aplicables; y<\/li>\n<li>Las dem\u00e1s que se\u00f1ale el Reglamento o le sean conferidas por el Presidente del Sistema.<\/li>\n<\/ul>\n","protected":false},"excerpt":{"rendered":"<p>Establecer con el Instituto Nacional de Estad\u00edstica y Geograf\u00eda, pautas de coordinaci\u00f3n para la elaboraci\u00f3n y actualizaci\u00f3n del Registro Estatal de las Personas con Discapacidad.\u2026<\/p>\n","protected":false},"author":1,"featured_media":0,"parent":0,"menu_order":0,"comment_status":"closed","ping_status":"closed","template":"","meta":{"footnotes":""},"class_list":["post-13","page","type-page","status-publish","hentry"],"publishpress_future_action":{"enabled":false,"date":"2026-05-20 10:35:45","action":"change-status","newStatus":"draft","terms":[],"taxonomy":""},"_links":{"self":[{"href":"https:\/\/www.tamaulipas.gob.mx\/siproddis\/wp-json\/wp\/v2\/pages\/13"}],"collection":[{"href":"https:\/\/www.tamaulipas.gob.mx\/siproddis\/wp-json\/wp\/v2\/pages"}],"about":[{"href":"https:\/\/www.tamaulipas.gob.mx\/siproddis\/wp-json\/wp\/v2\/types\/page"}],"author":[{"embeddable":true,"href":"https:\/\/www.tamaulipas.gob.mx\/siproddis\/wp-json\/wp\/v2\/users\/1"}],"replies":[{"embeddable":true,"href":"https:\/\/www.tamaulipas.gob.mx\/siproddis\/wp-json\/wp\/v2\/comments?post=13"}],"version-history":[{"count":1,"href":"https:\/\/www.tamaulipas.gob.mx\/siproddis\/wp-json\/wp\/v2\/pages\/13\/revisions"}],"predecessor-version":[{"id":14,"href":"https:\/\/www.tamaulipas.gob.mx\/siproddis\/wp-json\/wp\/v2\/pages\/13\/revisions\/14"}],"wp:attachment":[{"href":"https:\/\/www.tamaulipas.gob.mx\/siproddis\/wp-json\/wp\/v2\/media?parent=13"}],"curies":[{"name":"wp","href":"https:\/\/api.w.org\/{rel}","templated":true}]}}