{"id":698,"date":"2019-01-15T13:23:18","date_gmt":"2019-01-15T19:23:18","guid":{"rendered":"https:\/\/www.tamaulipas.gob.mx\/sipinna\/?page_id=698"},"modified":"2020-01-06T12:10:56","modified_gmt":"2020-01-06T18:10:56","slug":"derecho-de-acceso-a-las-tecnologias-de-la-informacion-y-comunicacion","status":"publish","type":"page","link":"https:\/\/www.tamaulipas.gob.mx\/sipinna\/derecho-de-acceso-a-las-tecnologias-de-la-informacion-y-comunicacion\/","title":{"rendered":"Derecho de Acceso a las Tecnolog\u00edas de la Informaci\u00f3n y Comunicaci\u00f3n"},"content":{"rendered":"<p><a href=\"https:\/\/www.tamaulipas.gob.mx\/sipinna\/wp-content\/uploads\/sites\/32\/2020\/01\/derecho-de-las-tecnologas-17.png\"><img loading=\"lazy\" decoding=\"async\" class=\"aligncenter size-full wp-image-846\" src=\"https:\/\/www.tamaulipas.gob.mx\/sipinna\/wp-content\/uploads\/sites\/32\/2020\/01\/derecho-de-las-tecnologas-17.png\" alt=\"\" width=\"1200\" height=\"445\" \/><\/a><\/p>\n<p>Ni\u00f1as, ni\u00f1os y adolescentes gozan del derecho de acceso universal a las Tecnolog\u00edas de la Informaci\u00f3n y Comunicaci\u00f3n, as\u00ed como a los servicios de radiodifusi\u00f3n y telecomunicaciones, incluido el de banda ancha e Internet establecidos en la Constituci\u00f3n Pol\u00edtica de los Estados Unidos Mexicanos y en la Ley Federal de Telecomunicaciones y Radiodifusi\u00f3n.<\/p>\n<p>El Estado garantizar\u00e1 a ni\u00f1as, ni\u00f1os y adolescentes su integraci\u00f3n a la sociedad de la informaci\u00f3n y el conocimiento, acorde a los fines establecidos en el art\u00edculo 3o. constitucional, mediante una pol\u00edtica de inclusi\u00f3n digital universal en condiciones de equidad, asequibilidad, disponibilidad, accesibilidad y calidad.<\/p>\n<p>Ni\u00f1as, ni\u00f1os y adolescentes tienen derecho al acceso y uso seguro del Internet como medio efectivo para ejercer los derechos a la informaci\u00f3n, comunicaci\u00f3n, educaci\u00f3n, salud, esparcimiento, no discriminaci\u00f3n, entre otros, de conformidad con el principio de interdependencia, en t\u00e9rminos de las disposiciones aplicables.<\/p>\n","protected":false},"excerpt":{"rendered":"<p>Ni\u00f1as, ni\u00f1os y adolescentes gozan del derecho de acceso universal a las Tecnolog\u00edas de la Informaci\u00f3n y Comunicaci\u00f3n, as\u00ed como a los servicios de radiodifusi\u00f3n\u2026<\/p>\n","protected":false},"author":7,"featured_media":0,"parent":0,"menu_order":0,"comment_status":"closed","ping_status":"closed","template":"","meta":{"footnotes":""},"class_list":["post-698","page","type-page","status-publish","hentry"],"publishpress_future_action":{"enabled":false,"date":"2026-04-26 10:42:30","action":"change-status","newStatus":"draft","terms":[],"taxonomy":""},"_links":{"self":[{"href":"https:\/\/www.tamaulipas.gob.mx\/sipinna\/wp-json\/wp\/v2\/pages\/698"}],"collection":[{"href":"https:\/\/www.tamaulipas.gob.mx\/sipinna\/wp-json\/wp\/v2\/pages"}],"about":[{"href":"https:\/\/www.tamaulipas.gob.mx\/sipinna\/wp-json\/wp\/v2\/types\/page"}],"author":[{"embeddable":true,"href":"https:\/\/www.tamaulipas.gob.mx\/sipinna\/wp-json\/wp\/v2\/users\/7"}],"replies":[{"embeddable":true,"href":"https:\/\/www.tamaulipas.gob.mx\/sipinna\/wp-json\/wp\/v2\/comments?post=698"}],"version-history":[{"count":3,"href":"https:\/\/www.tamaulipas.gob.mx\/sipinna\/wp-json\/wp\/v2\/pages\/698\/revisions"}],"predecessor-version":[{"id":847,"href":"https:\/\/www.tamaulipas.gob.mx\/sipinna\/wp-json\/wp\/v2\/pages\/698\/revisions\/847"}],"wp:attachment":[{"href":"https:\/\/www.tamaulipas.gob.mx\/sipinna\/wp-json\/wp\/v2\/media?parent=698"}],"curies":[{"name":"wp","href":"https:\/\/api.w.org\/{rel}","templated":true}]}}