{"id":695,"date":"2019-01-15T12:29:02","date_gmt":"2019-01-15T18:29:02","guid":{"rendered":"https:\/\/www.tamaulipas.gob.mx\/sipinna\/?page_id=695"},"modified":"2020-01-06T11:28:42","modified_gmt":"2020-01-06T17:28:42","slug":"de-las-ninas-ninos-y-adolescentes-migrantes","status":"publish","type":"page","link":"https:\/\/www.tamaulipas.gob.mx\/sipinna\/de-las-ninas-ninos-y-adolescentes-migrantes\/","title":{"rendered":"DERECHO DE LAS NI\u00d1AS, NI\u00d1OS Y ADOLESCENTES MIGRANTES"},"content":{"rendered":"<p><a href=\"https:\/\/www.tamaulipas.gob.mx\/sipinna\/wp-content\/uploads\/sites\/32\/2020\/01\/derechos-04.png\"><img loading=\"lazy\" decoding=\"async\" class=\"aligncenter size-full wp-image-803\" src=\"https:\/\/www.tamaulipas.gob.mx\/sipinna\/wp-content\/uploads\/sites\/32\/2020\/01\/derechos-04.png\" alt=\"\" width=\"1200\" height=\"445\" \/><\/a><\/p>\n<p><strong>ART\u00cdCULO 61.<\/strong><\/p>\n<ol>\n<li>Las autoridades, de conformidad con sus atribuciones, deber\u00e1n proporcionar los servicios<br \/>\ncorrespondientes a ni\u00f1as, ni\u00f1os y adolescentes en situaci\u00f3n de migraci\u00f3n, independientemente de su<br \/>\nnacionalidad o su situaci\u00f3n migratoria.<\/li>\n<li>En tanto el Instituto Nacional de Migraci\u00f3n determine la condici\u00f3n migratoria de la ni\u00f1a, ni\u00f1o o<br \/>\nadolescente, el Sistema DIF Tamaulipas y los Sistemas DIF Municipales en coordinaci\u00f3n con el Sistema<br \/>\nNacional DIF, deber\u00e1 brindar la protecci\u00f3n que prev\u00e9 esta Ley y dem\u00e1s disposiciones aplicables.<\/li>\n<li>El principio del inter\u00e9s superior de la ni\u00f1ez ser\u00e1 una consideraci\u00f3n primordial que se tomar\u00e1 en cuenta<br \/>\ndurante el procedimiento administrativo migratorio al que est\u00e9n sujetos ni\u00f1as, ni\u00f1os y adolescentes<br \/>\nmigrantes, en el que se estimar\u00e1n las posibles repercusiones de la decisi\u00f3n que se tome en cada caso.<\/li>\n<\/ol>\n<p>&nbsp;<\/p>\n<p><strong>ART\u00cdCULO 62.<\/strong><br \/>\nEl Instituto Nacional de Migraci\u00f3n, los Jueces, el Sistema DIF Tamaulipas y los Sistemas DIF Municipales y<br \/>\nlas autoridades competentes, una vez en contacto con la ni\u00f1a, ni\u00f1o o adolescente deber\u00e1n de adoptar las<br \/>\nmedidas correspondientes para la protecci\u00f3n de sus derechos. En consecuencia, dar\u00e1n una soluci\u00f3n que<br \/>\nresuelva todas sus necesidades de protecci\u00f3n, teniendo en cuenta sus opiniones y privilegiando la<br \/>\nreunificaci\u00f3n familiar, excepto que sea contrario a su inter\u00e9s superior o voluntad.<\/p>\n<p>&nbsp;<\/p>\n<p><strong>ART\u00cdCULO 63.<\/strong><br \/>\nLas garant\u00edas de debido proceso que se deber\u00e1n aplicar en los procesos migratorios que involucran a ni\u00f1as,<br \/>\nni\u00f1os y adolescentes son los establecidos en la Ley General.<\/p>\n<p>&nbsp;<\/p>\n<p><strong>ART\u00cdCULO 64.<\/strong><\/p>\n<ol>\n<li>Durante el proceso administrativo migratorio podr\u00e1 prevalecer la unidad familiar o en su caso la<br \/>\nreunificaci\u00f3n familiar en t\u00e9rminos de la Ley General y dem\u00e1s disposiciones aplicables, siempre y cuando<br \/>\n\u00e9sta no sea contraria al inter\u00e9s superior de la ni\u00f1ez.<\/li>\n<li>Para resolver sobre la reunificaci\u00f3n familiar se deber\u00e1 tomar en cuenta la opini\u00f3n de ni\u00f1as, ni\u00f1os y<br \/>\nadolescentes migrantes, as\u00ed como todos los elementos que resulten necesarios para tal efecto.<\/li>\n<\/ol>\n<p>&nbsp;<\/p>\n<p><strong>ART\u00cdCULO 65.<\/strong><\/p>\n<ol>\n<li>Para garantizar la protecci\u00f3n integral de los derechos, el Sistema DIF Tamaulipas y los Sistemas DIF<br \/>\nMunicipales, en coordinaci\u00f3n con el Sistema Nacional DIF, habilitar\u00e1n espacios de alojamiento o albergues,<br \/>\npudiendo ser p\u00fablicos o privados, para recibir a ni\u00f1as, ni\u00f1os y adolescentes migrantes.<\/li>\n<li>Asimismo, acordar\u00e1n los est\u00e1ndares m\u00ednimos para que los espacios de alojamiento o albergues brinden<br \/>\nla atenci\u00f3n adecuada a ni\u00f1as, ni\u00f1os y adolescentes migrantes.<\/li>\n<\/ol>\n<p>&nbsp;<\/p>\n<p><strong>ART\u00cdCULO 66.<\/strong><br \/>\nLos espacios de alojamiento de ni\u00f1as, ni\u00f1os y adolescentes migrantes, respetar\u00e1n el principio de<br \/>\nseparaci\u00f3n y el derecho a la unidad familiar, de modo tal que si se trata de ni\u00f1as, ni\u00f1os o adolescentes no<br \/>\nacompa\u00f1ados o separados, deber\u00e1n alojarse en sitios distintos al que corresponde a las personas adultas.<br \/>\nTrat\u00e1ndose de ni\u00f1as, ni\u00f1os o adolescentes acompa\u00f1ados, podr\u00e1n alojarse con sus familiares, salvo que lo<br \/>\nm\u00e1s conveniente sea la separaci\u00f3n de \u00e9stos en aplicaci\u00f3n del principio del inter\u00e9s superior de la ni\u00f1ez.<\/p>\n<p>&nbsp;<\/p>\n<p><strong>ART\u00cdCULO 67.<\/strong><br \/>\nEst\u00e1 prohibido devolver, expulsar, deportar, retornar, rechazar en frontera o no admitir, o de cualquier<br \/>\nmanera transferir o remover a una ni\u00f1a, ni\u00f1o o adolescente cuando su vida, seguridad y\/o libertad est\u00e9n en<br \/>\npeligro a causa de persecuci\u00f3n o amenaza de la misma, violencia generalizada o violaciones masivas a los<br \/>\nderechos humanos, entre otros, as\u00ed como donde pueda ser sometido a tortura u otros tratos crueles,<br \/>\ninhumanos o degradantes.<\/p>\n<p>&nbsp;<\/p>\n<p><strong>ART\u00cdCULO 68.<\/strong><br \/>\nEl Sistema DIF Tamaulipas y los Sistemas DIF Municipales, en coordinaci\u00f3n con las instituciones<br \/>\ncompetentes, deber\u00e1n identificar a las ni\u00f1as, ni\u00f1os y adolescentes extranjeros que requieren de protecci\u00f3n\u00a0internacional, ya sea como refugiado o de alg\u00fan otro tipo, a trav\u00e9s de una evaluaci\u00f3n inicial con garant\u00edas<br \/>\nde seguridad y privacidad, con el fin de proporcionarles el tratamiento adecuado e individualizado que sea<br \/>\nnecesario mediante la adopci\u00f3n de medidas de protecci\u00f3n especial.<\/p>\n<p>&nbsp;<\/p>\n<p><strong>ART\u00cdCULO 69.<\/strong><br \/>\nEl Sistema DIF Tamaulipas y los Sistemas DIF Municipales enviar\u00e1n al Sistema Nacional DIF la informaci\u00f3n<br \/>\nen el momento en que se genere a fin de que se incorpore en las bases que operar\u00e1 \u00e9ste \u00faltimo, en<br \/>\ncoordinaci\u00f3n con el Instituto Nacional de Migraci\u00f3n, bajo los criterios establecidos en la ley respectiva.<\/p>\n","protected":false},"excerpt":{"rendered":"<p>ART\u00cdCULO 61. Las autoridades, de conformidad con sus atribuciones, deber\u00e1n proporcionar los servicios correspondientes a ni\u00f1as, ni\u00f1os y adolescentes en situaci\u00f3n de migraci\u00f3n, independientemente de\u2026<\/p>\n","protected":false},"author":7,"featured_media":0,"parent":0,"menu_order":0,"comment_status":"closed","ping_status":"closed","template":"","meta":{"footnotes":""},"class_list":["post-695","page","type-page","status-publish","hentry"],"publishpress_future_action":{"enabled":false,"date":"2026-04-26 07:33:22","action":"change-status","newStatus":"draft","terms":[],"taxonomy":""},"_links":{"self":[{"href":"https:\/\/www.tamaulipas.gob.mx\/sipinna\/wp-json\/wp\/v2\/pages\/695"}],"collection":[{"href":"https:\/\/www.tamaulipas.gob.mx\/sipinna\/wp-json\/wp\/v2\/pages"}],"about":[{"href":"https:\/\/www.tamaulipas.gob.mx\/sipinna\/wp-json\/wp\/v2\/types\/page"}],"author":[{"embeddable":true,"href":"https:\/\/www.tamaulipas.gob.mx\/sipinna\/wp-json\/wp\/v2\/users\/7"}],"replies":[{"embeddable":true,"href":"https:\/\/www.tamaulipas.gob.mx\/sipinna\/wp-json\/wp\/v2\/comments?post=695"}],"version-history":[{"count":3,"href":"https:\/\/www.tamaulipas.gob.mx\/sipinna\/wp-json\/wp\/v2\/pages\/695\/revisions"}],"predecessor-version":[{"id":841,"href":"https:\/\/www.tamaulipas.gob.mx\/sipinna\/wp-json\/wp\/v2\/pages\/695\/revisions\/841"}],"wp:attachment":[{"href":"https:\/\/www.tamaulipas.gob.mx\/sipinna\/wp-json\/wp\/v2\/media?parent=695"}],"curies":[{"name":"wp","href":"https:\/\/api.w.org\/{rel}","templated":true}]}}