{"id":693,"date":"2019-01-15T12:24:15","date_gmt":"2019-01-15T18:24:15","guid":{"rendered":"https:\/\/www.tamaulipas.gob.mx\/sipinna\/?page_id=693"},"modified":"2020-01-06T11:26:50","modified_gmt":"2020-01-06T17:26:50","slug":"derecho-a-la-seguridad-juridica-y-al-debido-proceso","status":"publish","type":"page","link":"https:\/\/www.tamaulipas.gob.mx\/sipinna\/derecho-a-la-seguridad-juridica-y-al-debido-proceso\/","title":{"rendered":"DERECHO A LA SEGURIDAD JUR\u00cdDICA Y AL DEBIDO PROCESO"},"content":{"rendered":"<p><a href=\"https:\/\/www.tamaulipas.gob.mx\/sipinna\/wp-content\/uploads\/sites\/32\/2020\/01\/derechos-20.png\"><img loading=\"lazy\" decoding=\"async\" class=\"aligncenter size-full wp-image-819\" src=\"https:\/\/www.tamaulipas.gob.mx\/sipinna\/wp-content\/uploads\/sites\/32\/2020\/01\/derechos-20.png\" alt=\"\" width=\"1200\" height=\"445\" \/><\/a><\/p>\n<p><strong>ART\u00cdCULO 56.<\/strong><br \/>\nNi\u00f1as, ni\u00f1os y adolescentes gozan de los derechos y garant\u00edas de seguridad jur\u00eddica y debido proceso,<br \/>\nestablecidos en la Constituci\u00f3n Federal, los tratados internacionales, esta Ley y dem\u00e1s disposiciones<br \/>\naplicables.<\/p>\n<p>&nbsp;<\/p>\n<p><strong>ART\u00cdCULO 57.<\/strong><br \/>\nLas autoridades que sustancien procedimientos de car\u00e1cter jurisdiccional o administrativo o que realicen<br \/>\ncualquier acto de autoridad en los que est\u00e9n relacionados ni\u00f1as, ni\u00f1os o adolescentes, de conformidad con<br \/>\nsu edad, desarrollo evolutivo, cognoscitivo y grado de madurez estar\u00e1n obligadas a:<\/p>\n<ol style=\"list-style-type: upper-roman;\">\n<li>Garantizar la protecci\u00f3n y prevalencia del inter\u00e9s superior de la ni\u00f1ez;<\/li>\n<li>Garantizar el ejercicio de los derechos de ni\u00f1as, ni\u00f1os y adolescentes, establecidos en la Constituci\u00f3n<br \/>\nFederal, los tratados internacionales, la Ley General, esta Ley y dem\u00e1s disposiciones aplicables;<\/li>\n<li>Proporcionar informaci\u00f3n clara, sencilla y comprensible para las ni\u00f1as, ni\u00f1os y adolescentes sobre el<br \/>\nprocedimiento judicial o administrativo de que se trate y la importancia de su participaci\u00f3n en el mismo,<br \/>\nincluyendo, en su caso, formatos accesibles de f\u00e1cil comprensi\u00f3n y lectura para ni\u00f1as, ni\u00f1os y adolescentes<br \/>\ncon discapacidad;<\/li>\n<li>Implementar mecanismos de apoyo al presentar una denuncia, participar en una investigaci\u00f3n o en un<br \/>\nproceso judicial;<\/li>\n<li>Garantizar el derecho de ni\u00f1as, ni\u00f1os y adolescentes a ser representados en t\u00e9rminos de lo dispuesto en<br \/>\nla presente Ley, as\u00ed como informaci\u00f3n sobre las medidas de protecci\u00f3n disponibles;<\/li>\n<li>Proporcionar asistencia de profesionales especializados cuando la naturaleza del procedimiento lo<br \/>\nrequiera;<\/li>\n<li>Proporcionar la asistencia de un traductor o int\u00e9rprete;<\/li>\n<li>Ponderar, antes de citar a una ni\u00f1a, ni\u00f1o o adolescente a alguna audiencia, la pertinencia de la misma,<br \/>\nconsiderando su edad, madurez, estado psicol\u00f3gico, as\u00ed como cualquier otra condici\u00f3n espec\u00edfica;<\/li>\n<li>Garantizar el acompa\u00f1amiento de quien ejerza sobre ellos la patria potestad, tutela, guarda o custodia<br \/>\ndurante la sustanciaci\u00f3n de todo el procedimiento, salvo disposici\u00f3n judicial en contrario;<\/li>\n<li>Mantener a ni\u00f1as, ni\u00f1os o adolescentes apartados de los adultos que puedan influir en su<br \/>\ncomportamiento o estabilidad emocional, cuando as\u00ed lo determine la autoridad competente, antes y durante<br \/>\nla realizaci\u00f3n de la audiencia o comparecencia respectiva;<\/li>\n<li>Implementar medidas para proteger a ni\u00f1as, ni\u00f1os o adolescentes de sufrimientos durante su<br \/>\nparticipaci\u00f3n y garantizar el resguardo de su intimidad y datos personales;<\/li>\n<li>Destinar espacios l\u00fadicos, de descanso y aseo para ni\u00f1as, ni\u00f1os y adolescentes en los recintos en que<br \/>\nse lleven a cabo procedimientos en que deban intervenir; y<\/li>\n<li>Atendiendo al principio de celeridad procesal, ajustarse al tiempo de participaci\u00f3n m\u00e1ximo para la<br \/>\nintervenci\u00f3n de ni\u00f1as, ni\u00f1os o adolescentes durante la sustanciaci\u00f3n de los procedimientos.<\/li>\n<\/ol>\n<p>&nbsp;<\/p>\n<p><strong>ART\u00cdCULO 58.<\/strong><\/p>\n<ol>\n<li>En aquellos casos en que el Ministerio P\u00fablico o cualquier otra autoridad, tenga conocimiento de la<br \/>\npresunta comisi\u00f3n o participaci\u00f3n de una ni\u00f1a o ni\u00f1o en un hecho que la ley se\u00f1ale como delito, de manera<br \/>\ninmediata dar\u00e1 aviso a la Procuradur\u00eda de Protecci\u00f3n.<\/li>\n<li>Ni\u00f1as o ni\u00f1os, en ning\u00fan caso podr\u00e1n ser detenidos, retenidos o privados de su libertad por la supuesta<br \/>\ncomisi\u00f3n o participaci\u00f3n en un hecho que la ley se\u00f1ale como delito.<\/li>\n<li>La Procuradur\u00eda de Protecci\u00f3n, en el marco de sus atribuciones, deber\u00e1, en su caso, solicitar a la<br \/>\nautoridad competente de manera inmediata las medidas necesarias para la protecci\u00f3n integral, de<br \/>\nasistencia social y en su caso, restituci\u00f3n de sus derechos y garantizar que ni\u00f1as y ni\u00f1os no sean objeto de<br \/>\ndiscriminaci\u00f3n.<\/li>\n<li>Toda medida que se adopte ser\u00e1 susceptible de revisi\u00f3n por \u00f3rgano judicial competente en un proceso<br \/>\ncontradictorio en el que se garantice, por lo menos, el derecho a ser o\u00eddo y la asistencia de un abogado<br \/>\nespecializado.<\/li>\n<\/ol>\n<p>&nbsp;<\/p>\n<p><strong>ART\u00cdCULO 59.<\/strong><br \/>\nLos jueces, garantizar\u00e1n que en los procedimientos jurisdiccionales en que est\u00e9n relacionadas ni\u00f1as, ni\u00f1os<br \/>\no adolescentes como probables v\u00edctimas del delito o testigos, de conformidad con su edad, desarrollo<br \/>\nevolutivo, cognoscitivo y grado de madurez, tengan al menos los siguientes derechos:<\/p>\n<ol style=\"list-style-type: upper-roman;\">\n<li>Se les informe sobre la naturaleza del procedimiento y el car\u00e1cter de su participaci\u00f3n en el mismo;<\/li>\n<li>Que su participaci\u00f3n en un procedimiento se lleve a cabo de la manera m\u00e1s expedita, asistidos por un<br \/>\nprofesional en derecho;<\/li>\n<li>Garantizar el acompa\u00f1amiento de quien ejerza sobre ellos la patria potestad, tutela o guarda y custodia<br \/>\ndurante la sustanciaci\u00f3n de todo el procedimiento, salvo disposici\u00f3n judicial en contrario, con base en el<br \/>\ninter\u00e9s superior de la ni\u00f1ez;<\/li>\n<li>Que se preserve su derecho a la intimidad, que no se divulguen sus datos de identificaci\u00f3n en los<br \/>\nt\u00e9rminos de esta Ley y las dem\u00e1s aplicables;<\/li>\n<li>Tener acceso gratuito a asistencia jur\u00eddica, psicol\u00f3gica y cualquier otra necesaria atendiendo a las<br \/>\ncaracter\u00edsticas del caso, a fin de salvaguardar sus derechos, en t\u00e9rminos de las disposiciones aplicables; y<\/li>\n<li>Adoptar las medidas necesarias para evitar la revictimizaci\u00f3n de ni\u00f1as, ni\u00f1os y adolescentes que<br \/>\npresuntamente son v\u00edctimas de la comisi\u00f3n de un delito o violaci\u00f3n a sus derechos humanos.<\/li>\n<\/ol>\n<p><strong>ART\u00cdCULO 60.<\/strong><br \/>\nSiempre que se encuentre una ni\u00f1a, ni\u00f1o o adolescente en el contexto de la comisi\u00f3n de un delito, se<br \/>\nnotificar\u00e1 de inmediato a quienes ejerzan la patria potestad, tutela o guarda y custodia, as\u00ed como a la<br \/>\nProcuradur\u00eda de Protecci\u00f3n.<\/p>\n","protected":false},"excerpt":{"rendered":"<p>ART\u00cdCULO 56. Ni\u00f1as, ni\u00f1os y adolescentes gozan de los derechos y garant\u00edas de seguridad jur\u00eddica y debido proceso, establecidos en la Constituci\u00f3n Federal, los tratados\u2026<\/p>\n","protected":false},"author":7,"featured_media":0,"parent":0,"menu_order":0,"comment_status":"closed","ping_status":"closed","template":"","meta":{"footnotes":""},"class_list":["post-693","page","type-page","status-publish","hentry"],"publishpress_future_action":{"enabled":false,"date":"2026-04-26 10:42:32","action":"change-status","newStatus":"draft","terms":[],"taxonomy":""},"_links":{"self":[{"href":"https:\/\/www.tamaulipas.gob.mx\/sipinna\/wp-json\/wp\/v2\/pages\/693"}],"collection":[{"href":"https:\/\/www.tamaulipas.gob.mx\/sipinna\/wp-json\/wp\/v2\/pages"}],"about":[{"href":"https:\/\/www.tamaulipas.gob.mx\/sipinna\/wp-json\/wp\/v2\/types\/page"}],"author":[{"embeddable":true,"href":"https:\/\/www.tamaulipas.gob.mx\/sipinna\/wp-json\/wp\/v2\/users\/7"}],"replies":[{"embeddable":true,"href":"https:\/\/www.tamaulipas.gob.mx\/sipinna\/wp-json\/wp\/v2\/comments?post=693"}],"version-history":[{"count":2,"href":"https:\/\/www.tamaulipas.gob.mx\/sipinna\/wp-json\/wp\/v2\/pages\/693\/revisions"}],"predecessor-version":[{"id":840,"href":"https:\/\/www.tamaulipas.gob.mx\/sipinna\/wp-json\/wp\/v2\/pages\/693\/revisions\/840"}],"wp:attachment":[{"href":"https:\/\/www.tamaulipas.gob.mx\/sipinna\/wp-json\/wp\/v2\/media?parent=693"}],"curies":[{"name":"wp","href":"https:\/\/api.w.org\/{rel}","templated":true}]}}