{"id":691,"date":"2019-01-15T12:07:08","date_gmt":"2019-01-15T18:07:08","guid":{"rendered":"https:\/\/www.tamaulipas.gob.mx\/sipinna\/?page_id=691"},"modified":"2020-01-06T12:01:37","modified_gmt":"2020-01-06T18:01:37","slug":"derecho-a-la-intimidad","status":"publish","type":"page","link":"https:\/\/www.tamaulipas.gob.mx\/sipinna\/derecho-a-la-intimidad\/","title":{"rendered":"DERECHO A LA INTIMIDAD"},"content":{"rendered":"<p><a href=\"https:\/\/www.tamaulipas.gob.mx\/sipinna\/wp-content\/uploads\/sites\/32\/2020\/01\/derecho-a-la-privacidad-14.png\"><img loading=\"lazy\" decoding=\"async\" class=\"aligncenter size-full wp-image-842\" src=\"https:\/\/www.tamaulipas.gob.mx\/sipinna\/wp-content\/uploads\/sites\/32\/2020\/01\/derecho-a-la-privacidad-14.png\" alt=\"\" width=\"1200\" height=\"445\" \/><\/a><\/p>\n<p><strong>ART\u00cdCULO 51.<\/strong><\/p>\n<p>1. Ni\u00f1as, ni\u00f1os y adolescentes tienen derecho a la intimidad personal y familiar, as\u00ed como a la protecci\u00f3n de<br \/>\nsus datos personales.<br \/>\n2. Ni\u00f1as, ni\u00f1os y adolescentes no podr\u00e1n ser objeto de injerencias arbitrarias o ilegales en su vida privada,<br \/>\nsu familia, su domicilio o su correspondencia; tampoco de divulgaciones o difusiones il\u00edcitas de informaci\u00f3n\u00a0o datos personales, incluyendo aqu\u00e9lla que tenga car\u00e1cter informativo a la opini\u00f3n p\u00fablica o de noticia que<br \/>\npermita identificarlos y que atenten contra su honra, imagen o reputaci\u00f3n.<br \/>\n3. Quienes ejerzan la patria potestad, tutela o guarda y custodia, deber\u00e1n orientar, supervisar y, en su caso,<br \/>\nrestringir, las conductas y h\u00e1bitos de ni\u00f1as, ni\u00f1os y adolescentes, siempre que atiendan al inter\u00e9s superior<br \/>\nde la ni\u00f1ez.<\/p>\n<p>&nbsp;<\/p>\n<p><strong>ART\u00cdCULO 52.<\/strong><br \/>\nSe considerar\u00e1 violaci\u00f3n a la intimidad de ni\u00f1as, ni\u00f1os o adolescentes cualquier manejo directo de su<br \/>\nimagen, nombre, datos personales o referencias que permitan su identificaci\u00f3n en los medios de<br \/>\ncomunicaci\u00f3n locales que menoscabe su honra o reputaci\u00f3n, sea contrario a sus derechos o que los ponga<br \/>\nen riesgo, conforme al principio de inter\u00e9s superior de la ni\u00f1ez.<\/p>\n<p>&nbsp;<\/p>\n<p><strong>ART\u00cdCULO 53.<\/strong><br \/>\n1. Cualquier medio de comunicaci\u00f3n local que difunda entrevistas a ni\u00f1as, ni\u00f1os y adolescentes, proceder\u00e1<br \/>\ncomo sigue:<\/p>\n<ol style=\"list-style-type: upper-roman;\">\n<li>Deber\u00e1 recabar el consentimiento por escrito o cualquier otro medio, de quienes ejerzan la patria<br \/>\npotestad o tutela, as\u00ed como la opini\u00f3n de la ni\u00f1a, ni\u00f1o o adolescente, respectivamente, respetando en todo<br \/>\nmomento los derechos humanos de la la ni\u00f1a, ni\u00f1o o adolescente ; y<\/li>\n<li>La persona que realice la entrevista ser\u00e1 respetuosa y no podr\u00e1 mostrar actitudes ni emitir comentarios<br \/>\nque afecten o impidan objetivamente el desarrollo integral de ni\u00f1as, ni\u00f1os y adolescentes.<\/li>\n<\/ol>\n<p>2. En el caso de que no sea posible recabar el consentimiento de quienes ejerzan la patria potestad o tutela<br \/>\nde un adolescente, \u00e9ste podr\u00e1 otorgarlo siempre que ello no implique una afectaci\u00f3n a su derecho a la<br \/>\nprivacidad por el menoscabo a su honra o reputaci\u00f3n.<br \/>\n3. No se requerir\u00e1 el consentimiento de quienes ejerzan la patria potestad o tutela de ni\u00f1as, ni\u00f1os o<br \/>\nadolescentes, cuando la entrevista tenga por objeto que \u00e9stos expresen libremente, en el ejercicio de su<br \/>\nderecho a la libertad de expresi\u00f3n, su opini\u00f3n respecto de los asuntos que les afecten directamente,<br \/>\nsiempre que ello no implique una afectaci\u00f3n a sus derechos, en especial a su honra y reputaci\u00f3n.<\/p>\n<p>&nbsp;<\/p>\n<p><strong>ART\u00cdCULO 54.<\/strong><br \/>\n1. Los medios de comunicaci\u00f3n locales deber\u00e1n asegurarse que las im\u00e1genes, voz o datos a difundir, no<br \/>\npongan en peligro, de forma individual o colectiva, la vida, integridad, dignidad o vulneren el ejercicio de<br \/>\nderechos de ni\u00f1as, ni\u00f1os y adolescentes, aun cuando se modifiquen, se difuminen o no se especifiquen sus<br \/>\nidentidades, y evitar\u00e1n la difusi\u00f3n de im\u00e1genes o noticias que propicien o sean tendentes a su<br \/>\ndiscriminaci\u00f3n, criminalizaci\u00f3n o estigmatizaci\u00f3n, en contravenci\u00f3n a las disposiciones aplicables.<br \/>\n2. En caso de incumplimiento a lo establecido en el presente art\u00edculo, ni\u00f1as, ni\u00f1os o adolescentes<br \/>\nafectados, por conducto de su representante legal o, en su caso, de la Procuradur\u00eda de Protecci\u00f3n,<br \/>\nactuando de oficio o en representaci\u00f3n sustituta, podr\u00e1 promover las acciones civiles de reparaci\u00f3n del da\u00f1o<br \/>\ne iniciar los procedimientos por la responsabilidad administrativa a que haya lugar; as\u00ed como dar<br \/>\nseguimiento a los procedimientos hasta su conclusi\u00f3n.<br \/>\n3. Ni\u00f1as, ni\u00f1os o adolescentes afectados, podr\u00e1n solicitar la intervenci\u00f3n de la Procuradur\u00eda de Protecci\u00f3n.<br \/>\n4. En los procedimientos civiles o administrativos que sean iniciados o promovidos por quienes ejerzan la<br \/>\npatria potestad, tutela o guarda y custodia de ni\u00f1as, ni\u00f1os y adolescentes, la Procuradur\u00eda de Protecci\u00f3n<br \/>\nejercer\u00e1 su representaci\u00f3n coadyuvante.<br \/>\n5. Los autoridades estatales y municipales, deber\u00e1n garantizar la protecci\u00f3n de la identidad e intimidad de<br \/>\nni\u00f1as y ni\u00f1os que sean v\u00edctimas, ofendidos, testigos o que est\u00e9n relacionados de cualquier manera en la<br \/>\ncomisi\u00f3n de un delito, a fin de evitar su identificaci\u00f3n p\u00fablica. La misma protecci\u00f3n se otorgar\u00e1 a<br \/>\nadolescentes a quienes se les atribuya la realizaci\u00f3n o participaci\u00f3n en un delito, conforme a la Ley de<br \/>\nJusticia para Adolescentes del Estado de Tamaulipas.<\/p>\n<p>&nbsp;<\/p>\n<p><strong>ART\u00cdCULO 55.<\/strong><br \/>\n1. En los procedimientos ante \u00f3rganos jurisdiccionales, se podr\u00e1 solicitar ante la autoridad federal<br \/>\ncompetente que se imponga como medida cautelar la suspensi\u00f3n o bloqueo de cuentas de usuarios en<br \/>\nmedios electr\u00f3nicos, a fin de evitar la difusi\u00f3n de informaci\u00f3n, im\u00e1genes, sonidos o datos que puedan<br \/>\ncontravenir el inter\u00e9s superior de la ni\u00f1ez.<br \/>\n2. El \u00f3rgano jurisdiccional federal competente, con base en este art\u00edculo y en las disposiciones aplicables,<br \/>\npodr\u00e1 requerir a las empresas de prestaci\u00f3n de servicios en materia de medios electr\u00f3nicos que realicen las<br \/>\nacciones necesarias para el cumplimiento de las medidas cautelares que ordene.<\/p>\n","protected":false},"excerpt":{"rendered":"<p>ART\u00cdCULO 51. 1. Ni\u00f1as, ni\u00f1os y adolescentes tienen derecho a la intimidad personal y familiar, as\u00ed como a la protecci\u00f3n de sus datos personales. 2.\u2026<\/p>\n","protected":false},"author":7,"featured_media":0,"parent":0,"menu_order":0,"comment_status":"closed","ping_status":"closed","template":"","meta":{"footnotes":""},"class_list":["post-691","page","type-page","status-publish","hentry"],"publishpress_future_action":{"enabled":false,"date":"2026-04-26 10:43:49","action":"change-status","newStatus":"draft","terms":[],"taxonomy":""},"_links":{"self":[{"href":"https:\/\/www.tamaulipas.gob.mx\/sipinna\/wp-json\/wp\/v2\/pages\/691"}],"collection":[{"href":"https:\/\/www.tamaulipas.gob.mx\/sipinna\/wp-json\/wp\/v2\/pages"}],"about":[{"href":"https:\/\/www.tamaulipas.gob.mx\/sipinna\/wp-json\/wp\/v2\/types\/page"}],"author":[{"embeddable":true,"href":"https:\/\/www.tamaulipas.gob.mx\/sipinna\/wp-json\/wp\/v2\/users\/7"}],"replies":[{"embeddable":true,"href":"https:\/\/www.tamaulipas.gob.mx\/sipinna\/wp-json\/wp\/v2\/comments?post=691"}],"version-history":[{"count":4,"href":"https:\/\/www.tamaulipas.gob.mx\/sipinna\/wp-json\/wp\/v2\/pages\/691\/revisions"}],"predecessor-version":[{"id":844,"href":"https:\/\/www.tamaulipas.gob.mx\/sipinna\/wp-json\/wp\/v2\/pages\/691\/revisions\/844"}],"wp:attachment":[{"href":"https:\/\/www.tamaulipas.gob.mx\/sipinna\/wp-json\/wp\/v2\/media?parent=691"}],"curies":[{"name":"wp","href":"https:\/\/api.w.org\/{rel}","templated":true}]}}