{"id":689,"date":"2019-01-15T12:03:11","date_gmt":"2019-01-15T18:03:11","guid":{"rendered":"https:\/\/www.tamaulipas.gob.mx\/sipinna\/?page_id=689"},"modified":"2020-01-06T11:23:32","modified_gmt":"2020-01-06T17:23:32","slug":"derecho-de-asociacion-y-reunion","status":"publish","type":"page","link":"https:\/\/www.tamaulipas.gob.mx\/sipinna\/derecho-de-asociacion-y-reunion\/","title":{"rendered":"DERECHO DE ASOCIACI\u00d3N Y REUNI\u00d3N"},"content":{"rendered":"<p><a href=\"https:\/\/www.tamaulipas.gob.mx\/sipinna\/wp-content\/uploads\/sites\/32\/2020\/01\/derechos-18.png\"><img loading=\"lazy\" decoding=\"async\" class=\"aligncenter size-full wp-image-817\" src=\"https:\/\/www.tamaulipas.gob.mx\/sipinna\/wp-content\/uploads\/sites\/32\/2020\/01\/derechos-18.png\" alt=\"\" width=\"1200\" height=\"446\" \/><\/a><\/p>\n<p><strong>ART\u00cdCULO 50.<\/strong><\/p>\n<ol>\n<li>Ni\u00f1as, ni\u00f1os y adolescentes tienen derecho a asociarse y reunirse, sin m\u00e1s limitaciones que las<br \/>\nestablecidas en la Constituci\u00f3n Federal.<\/li>\n<li>Quienes ejerzan la patria potestad, tutela o guarda y custodia representar\u00e1n a ni\u00f1as, ni\u00f1os y<br \/>\nadolescentes para el ejercicio del derecho de asociaci\u00f3n, cuando ello sea necesario para satisfacer las<br \/>\nformalidades que establezcan las disposiciones aplicables.<\/li>\n<\/ol>\n","protected":false},"excerpt":{"rendered":"<p>ART\u00cdCULO 50. Ni\u00f1as, ni\u00f1os y adolescentes tienen derecho a asociarse y reunirse, sin m\u00e1s limitaciones que las establecidas en la Constituci\u00f3n Federal. Quienes ejerzan la\u2026<\/p>\n","protected":false},"author":7,"featured_media":0,"parent":0,"menu_order":0,"comment_status":"closed","ping_status":"closed","template":"","meta":{"footnotes":""},"class_list":["post-689","page","type-page","status-publish","hentry"],"publishpress_future_action":{"enabled":false,"date":"2026-04-26 10:42:41","action":"change-status","newStatus":"draft","terms":[],"taxonomy":""},"_links":{"self":[{"href":"https:\/\/www.tamaulipas.gob.mx\/sipinna\/wp-json\/wp\/v2\/pages\/689"}],"collection":[{"href":"https:\/\/www.tamaulipas.gob.mx\/sipinna\/wp-json\/wp\/v2\/pages"}],"about":[{"href":"https:\/\/www.tamaulipas.gob.mx\/sipinna\/wp-json\/wp\/v2\/types\/page"}],"author":[{"embeddable":true,"href":"https:\/\/www.tamaulipas.gob.mx\/sipinna\/wp-json\/wp\/v2\/users\/7"}],"replies":[{"embeddable":true,"href":"https:\/\/www.tamaulipas.gob.mx\/sipinna\/wp-json\/wp\/v2\/comments?post=689"}],"version-history":[{"count":2,"href":"https:\/\/www.tamaulipas.gob.mx\/sipinna\/wp-json\/wp\/v2\/pages\/689\/revisions"}],"predecessor-version":[{"id":838,"href":"https:\/\/www.tamaulipas.gob.mx\/sipinna\/wp-json\/wp\/v2\/pages\/689\/revisions\/838"}],"wp:attachment":[{"href":"https:\/\/www.tamaulipas.gob.mx\/sipinna\/wp-json\/wp\/v2\/media?parent=689"}],"curies":[{"name":"wp","href":"https:\/\/api.w.org\/{rel}","templated":true}]}}