{"id":687,"date":"2019-01-15T12:01:34","date_gmt":"2019-01-15T18:01:34","guid":{"rendered":"https:\/\/www.tamaulipas.gob.mx\/sipinna\/?page_id=687"},"modified":"2020-01-06T11:00:59","modified_gmt":"2020-01-06T17:00:59","slug":"derecho-a-la-participacion","status":"publish","type":"page","link":"https:\/\/www.tamaulipas.gob.mx\/sipinna\/derecho-a-la-participacion\/","title":{"rendered":"DERECHO A LA PARTICIPACI\u00d3N"},"content":{"rendered":"<p><a href=\"https:\/\/www.tamaulipas.gob.mx\/sipinna\/wp-content\/uploads\/sites\/32\/2020\/01\/derechos-03.png\"><img loading=\"lazy\" decoding=\"async\" class=\"aligncenter size-full wp-image-802\" src=\"https:\/\/www.tamaulipas.gob.mx\/sipinna\/wp-content\/uploads\/sites\/32\/2020\/01\/derechos-03.png\" alt=\"\" width=\"1200\" height=\"445\" \/><\/a><\/p>\n<p><strong>ART\u00cdCULO 47.<\/strong><br \/>\nNi\u00f1as, ni\u00f1os y adolescentes tienen derecho a ser escuchados y tomados en cuenta en los asuntos de su<br \/>\ninter\u00e9s, conforme a su edad, desarrollo evolutivo, cognoscitivo y madurez.<\/p>\n<p><strong>ART\u00cdCULO 48.<\/strong><br \/>\nLas autoridades estatales y municipales, est\u00e1n obligados a disponer e implementar los mecanismos que<br \/>\ngaranticen la participaci\u00f3n permanente y activa de ni\u00f1as, ni\u00f1os y adolescentes en las decisiones que se<br \/>\ntoman en los \u00e1mbitos familiar, escolar, social, comunitario o cualquier otro en el que se desarrollen.<\/p>\n<p><strong>ART\u00cdCULO 49.<\/strong><br \/>\nNi\u00f1as, ni\u00f1os y adolescentes tienen derecho a participar, a ser escuchados y tomados en cuenta en todos<br \/>\nlos procesos judiciales y de procuraci\u00f3n de justicia donde se diriman controversias que les afectan.<\/p>\n","protected":false},"excerpt":{"rendered":"<p>ART\u00cdCULO 47. Ni\u00f1as, ni\u00f1os y adolescentes tienen derecho a ser escuchados y tomados en cuenta en los asuntos de su inter\u00e9s, conforme a su edad,\u2026<\/p>\n","protected":false},"author":7,"featured_media":0,"parent":0,"menu_order":0,"comment_status":"closed","ping_status":"closed","template":"","meta":{"footnotes":""},"class_list":["post-687","page","type-page","status-publish","hentry"],"publishpress_future_action":{"enabled":false,"date":"2026-04-26 12:07:52","action":"change-status","newStatus":"draft","terms":[],"taxonomy":""},"_links":{"self":[{"href":"https:\/\/www.tamaulipas.gob.mx\/sipinna\/wp-json\/wp\/v2\/pages\/687"}],"collection":[{"href":"https:\/\/www.tamaulipas.gob.mx\/sipinna\/wp-json\/wp\/v2\/pages"}],"about":[{"href":"https:\/\/www.tamaulipas.gob.mx\/sipinna\/wp-json\/wp\/v2\/types\/page"}],"author":[{"embeddable":true,"href":"https:\/\/www.tamaulipas.gob.mx\/sipinna\/wp-json\/wp\/v2\/users\/7"}],"replies":[{"embeddable":true,"href":"https:\/\/www.tamaulipas.gob.mx\/sipinna\/wp-json\/wp\/v2\/comments?post=687"}],"version-history":[{"count":3,"href":"https:\/\/www.tamaulipas.gob.mx\/sipinna\/wp-json\/wp\/v2\/pages\/687\/revisions"}],"predecessor-version":[{"id":834,"href":"https:\/\/www.tamaulipas.gob.mx\/sipinna\/wp-json\/wp\/v2\/pages\/687\/revisions\/834"}],"wp:attachment":[{"href":"https:\/\/www.tamaulipas.gob.mx\/sipinna\/wp-json\/wp\/v2\/media?parent=687"}],"curies":[{"name":"wp","href":"https:\/\/api.w.org\/{rel}","templated":true}]}}