{"id":684,"date":"2019-01-15T11:54:32","date_gmt":"2019-01-15T17:54:32","guid":{"rendered":"https:\/\/www.tamaulipas.gob.mx\/sipinna\/?page_id=684"},"modified":"2020-01-06T11:15:35","modified_gmt":"2020-01-06T17:15:35","slug":"derechos-a-la-libertad-de-expresion-y-de-acceso-a-la-informacion","status":"publish","type":"page","link":"https:\/\/www.tamaulipas.gob.mx\/sipinna\/derechos-a-la-libertad-de-expresion-y-de-acceso-a-la-informacion\/","title":{"rendered":"DERECHOS A LA LIBERTAD DE EXPRESI\u00d3N Y DE ACCESO A LA INFORMACI\u00d3N"},"content":{"rendered":"<p><a href=\"https:\/\/www.tamaulipas.gob.mx\/sipinna\/wp-content\/uploads\/sites\/32\/2020\/01\/derechos-12.png\"><img loading=\"lazy\" decoding=\"async\" class=\"aligncenter size-full wp-image-811\" src=\"https:\/\/www.tamaulipas.gob.mx\/sipinna\/wp-content\/uploads\/sites\/32\/2020\/01\/derechos-12.png\" alt=\"\" width=\"1200\" height=\"446\" \/><\/a><\/p>\n<p><strong>ART\u00cdCULO 43.<\/strong><\/p>\n<ol>\n<li>Las autoridades estatales y municipales, en el \u00e1mbito de sus respectivas competencias deber\u00e1n<br \/>\ngarantizar el derecho de ni\u00f1as, ni\u00f1os y adolescentes a expresar su opini\u00f3n libremente, as\u00ed como a buscar,<br \/>\nrecibir y difundir informaci\u00f3n e ideas de todo tipo y por cualquier medio, sin m\u00e1s limitaciones que las<br \/>\nestablecidas en el art\u00edculo 6o. de la Constituci\u00f3n Federal.<\/li>\n<li>La libertad de expresi\u00f3n de ni\u00f1as, ni\u00f1os y adolescentes conlleva el derecho a que se tome en cuenta su<br \/>\nopini\u00f3n respecto de los asuntos que les afecten directamente, o a sus familias o comunidades. Dichas<br \/>\nautoridades, en el \u00e1mbito de sus respectivas competencias, deber\u00e1n establecer las acciones que permitan<br \/>\nla recopilaci\u00f3n de opiniones y realizaci\u00f3n de entrevistas a ni\u00f1as, ni\u00f1os y adolescentes sobre temas de<br \/>\ninter\u00e9s general para ellos.<\/li>\n<\/ol>\n<p>&nbsp;<\/p>\n<p><strong>ART\u00cdCULO 44.<\/strong><br \/>\nNi\u00f1as, ni\u00f1os y adolescentes tienen derecho al libre acceso a la informaci\u00f3n. Las autoridades estatales y<br \/>\nmunicipales, en el \u00e1mbito de sus respectivas competencias promover\u00e1n la difusi\u00f3n de informaci\u00f3n y material<br \/>\nque tengan por finalidad asegurar su bienestar social y \u00e9tico, as\u00ed como su desarrollo cultural y salud f\u00edsica y<br \/>\nmental. En todos los casos, ser\u00e1n los padres o quienes ejerzan la patria potestad, tutela o guarda y custodia<br \/>\nlos primeros responsables de orientar y supervisar a ni\u00f1as, ni\u00f1os y adolescentes en el ejercicio de este<br \/>\nderecho, a fin de que contribuya a su desarrollo integral.<\/p>\n<p>&nbsp;<\/p>\n<p><strong>ART\u00cdCULO 45.<\/strong><br \/>\nLas autoridades estatales y municipales, en el \u00e1mbito de sus respectivas competencias, promover\u00e1n<br \/>\nmecanismos para la protecci\u00f3n de los intereses de ni\u00f1as, ni\u00f1os y adolescentes respecto de los riesgos<br \/>\nderivados del acceso a medios de comunicaci\u00f3n y uso de sistemas de informaci\u00f3n que afecten o impidan<br \/>\nobjetivamente su desarrollo integral, a trav\u00e9s de:<\/p>\n<ol style=\"list-style-type: upper-roman;\">\n<li>La difusi\u00f3n de informaci\u00f3n y materiales pertinentes, necesarios que contribuyan a orientar a ni\u00f1as, ni\u00f1os<br \/>\ny adolescentes en el conocimiento de sus derechos, y les ayude al pleno desarrollo de sus cualidades<br \/>\nintelectuales, emocionales y contribuyan a salvaguardar su integridad f\u00edsica y moral;<\/li>\n<li>Campa\u00f1as sobre la cultura de la denuncia a la violaci\u00f3n de los derechos de ni\u00f1as, ni\u00f1os y adolescentes;<br \/>\nLey de los Derechos de Ni\u00f1as, Ni\u00f1os y Adolescentes del Estado de Tamaulipas P\u00e1g. 21<\/li>\n<li>La prevenci\u00f3n de violaciones a los derechos humanos de ni\u00f1as, ni\u00f1os y adolescentes y la comisi\u00f3n de<br \/>\nactos delictivos; y<\/li>\n<li>La informaci\u00f3n y participaci\u00f3n de ni\u00f1as, ni\u00f1os y adolescentes para la prevenci\u00f3n y atenci\u00f3n de las<br \/>\nadicciones.<\/li>\n<\/ol>\n<p>&nbsp;<\/p>\n<p><strong>ART\u00cdCULO 46.<\/strong><\/p>\n<ol>\n<li>La Procuradur\u00eda de Protecci\u00f3n y cualquier persona interesada, por conducto de \u00e9stas, podr\u00e1n promover<br \/>\nante las autoridades administrativas competentes la imposici\u00f3n de sanciones a los medios de comunicaci\u00f3n,<br \/>\nen los t\u00e9rminos que establece la Ley General y dem\u00e1s disposiciones aplicables.<\/li>\n<li>Asimismo, la Procuradur\u00eda de Protecci\u00f3n estar\u00e1 facultada para promover acciones colectivas ante el<br \/>\n\u00f3rgano jurisdiccional competente, con el objeto de que \u00e9ste ordene a los medios de comunicaci\u00f3n que se<br \/>\nabstengan de difundir informaci\u00f3n o contenidos que pongan en peligro de forma individual o colectiva, la<br \/>\nvida, la integridad, la dignidad u otros derechos de ni\u00f1as, ni\u00f1os y adolescentes y, en su caso, reparen los<br \/>\nda\u00f1os que se hubieren ocasionado, sin menoscabo de las atribuciones que sobre esta materia tengan las<br \/>\nautoridades competentes.<\/li>\n<li>Lo anterior, sin perjuicio de cualquier otra responsabilidad a la que hubiere lugar de conformidad con las<br \/>\ndisposiciones aplicables.<\/li>\n<\/ol>\n","protected":false},"excerpt":{"rendered":"<p>ART\u00cdCULO 43. Las autoridades estatales y municipales, en el \u00e1mbito de sus respectivas competencias deber\u00e1n garantizar el derecho de ni\u00f1as, ni\u00f1os y adolescentes a expresar\u2026<\/p>\n","protected":false},"author":7,"featured_media":0,"parent":0,"menu_order":0,"comment_status":"closed","ping_status":"closed","template":"","meta":{"footnotes":""},"class_list":["post-684","page","type-page","status-publish","hentry"],"publishpress_future_action":{"enabled":false,"date":"2026-04-26 12:06:55","action":"change-status","newStatus":"draft","terms":[],"taxonomy":""},"_links":{"self":[{"href":"https:\/\/www.tamaulipas.gob.mx\/sipinna\/wp-json\/wp\/v2\/pages\/684"}],"collection":[{"href":"https:\/\/www.tamaulipas.gob.mx\/sipinna\/wp-json\/wp\/v2\/pages"}],"about":[{"href":"https:\/\/www.tamaulipas.gob.mx\/sipinna\/wp-json\/wp\/v2\/types\/page"}],"author":[{"embeddable":true,"href":"https:\/\/www.tamaulipas.gob.mx\/sipinna\/wp-json\/wp\/v2\/users\/7"}],"replies":[{"embeddable":true,"href":"https:\/\/www.tamaulipas.gob.mx\/sipinna\/wp-json\/wp\/v2\/comments?post=684"}],"version-history":[{"count":3,"href":"https:\/\/www.tamaulipas.gob.mx\/sipinna\/wp-json\/wp\/v2\/pages\/684\/revisions"}],"predecessor-version":[{"id":837,"href":"https:\/\/www.tamaulipas.gob.mx\/sipinna\/wp-json\/wp\/v2\/pages\/684\/revisions\/837"}],"wp:attachment":[{"href":"https:\/\/www.tamaulipas.gob.mx\/sipinna\/wp-json\/wp\/v2\/media?parent=684"}],"curies":[{"name":"wp","href":"https:\/\/api.w.org\/{rel}","templated":true}]}}