{"id":682,"date":"2019-01-15T11:51:17","date_gmt":"2019-01-15T17:51:17","guid":{"rendered":"https:\/\/www.tamaulipas.gob.mx\/sipinna\/?page_id=682"},"modified":"2020-01-06T11:03:56","modified_gmt":"2020-01-06T17:03:56","slug":"derecho-de-la-libertad-de-convicciones-eticas-pensamiento-conciencia-religion-y-cultura","status":"publish","type":"page","link":"https:\/\/www.tamaulipas.gob.mx\/sipinna\/derecho-de-la-libertad-de-convicciones-eticas-pensamiento-conciencia-religion-y-cultura\/","title":{"rendered":"DERECHO DE LA LIBERTAD DE CONVICCIONES \u00c9TICAS, PENSAMIENTO, CONCIENCIA, RELIGI\u00d3N Y CULTURA"},"content":{"rendered":"<p><a href=\"https:\/\/www.tamaulipas.gob.mx\/sipinna\/wp-content\/uploads\/sites\/32\/2020\/01\/derechos-19.png\"><img loading=\"lazy\" decoding=\"async\" class=\"aligncenter size-full wp-image-818\" src=\"https:\/\/www.tamaulipas.gob.mx\/sipinna\/wp-content\/uploads\/sites\/32\/2020\/01\/derechos-19.png\" alt=\"\" width=\"1200\" height=\"445\" \/><\/a><\/p>\n<p><strong>ART\u00cdCULO 41.<\/strong><br \/>\n1. Ni\u00f1as, ni\u00f1os y adolescentes tienen derecho a la libertad de convicciones \u00e9ticas, pensamiento, conciencia,<br \/>\nreligi\u00f3n y cultura. Las autoridades estatales y municipales en el \u00e1mbito de sus respectivas competencias<br \/>\ngarantizar\u00e1n este derecho en el marco del Estado laico.<br \/>\n2. La libertad de profesar la propia religi\u00f3n o creencias estar\u00e1 sujeta \u00fanicamente a las limitaciones prescritas<br \/>\npor la ley que sean necesarias para proteger los derechos y libertades fundamentales de los dem\u00e1s.<br \/>\n3. Ni\u00f1as, ni\u00f1os y adolescentes no podr\u00e1n ser discriminados de forma alguna por ejercer su libertad de<br \/>\nconvicciones \u00e9ticas, pensamiento, conciencia, religi\u00f3n y cultura.<\/p>\n<p>&nbsp;<\/p>\n<p><strong>ART\u00cdCULO 42.<\/strong><br \/>\n1. Ni\u00f1as, ni\u00f1os y adolescentes tienen derecho a disfrutar libremente de su lengua, cultura, usos,<br \/>\ncostumbres, pr\u00e1cticas culturales, religi\u00f3n, recursos y formas espec\u00edficas de organizaci\u00f3n social y todos los<br \/>\nelementos que constituyan su identidad cultural, as\u00ed como al acceso a espacios culturales y a expresar sus<br \/>\nmanifestaciones culturales de acuerdo a sus propios intereses y expectativas. Las autoridades estatales<br \/>\ndeber\u00e1n:<\/p>\n<ol style=\"list-style-type: upper-roman;\">\n<li>Establecer pol\u00edticas tendientes a garantizar la promoci\u00f3n, difusi\u00f3n y protecci\u00f3n de la diversidad de las<br \/>\nexpresiones culturales, regionales y universales, entre ni\u00f1as, ni\u00f1os y adolescentes;<\/li>\n<li>Promover y garantizar, por todos los medios a su alcance, las expresiones culturales de ni\u00f1as, ni\u00f1os y<br \/>\nadolescentes y el intercambio cultural a nivel estatal, nacional e internacional;<\/li>\n<li>Contemplar un sistema de promoci\u00f3n y apoyo a iniciativas culturales de ni\u00f1as, ni\u00f1os y adolescentes,<br \/>\nponiendo \u00e9nfasis en el rescate de elementos culturales de los sectores populares y de los pueblos<br \/>\nind\u00edgenas asentados en el Estado;<\/li>\n<li>Establecer espacios para la expresi\u00f3n del talento infantil, garantizando el acceso preferencial de ni\u00f1as,<br \/>\nni\u00f1os y adolescentes a los eventos culturales propios de su edad;<\/li>\n<li>Apoyar a los organismos de la sociedad civil que promuevan la cultura entre ni\u00f1as, los ni\u00f1os y<br \/>\nadolescentes; y<\/li>\n<li>Garantizar que los docentes cuenten con formaci\u00f3n en educaci\u00f3n intercultural y que las estrategias<br \/>\npedag\u00f3gicas aplicadas partan de los saberes, costumbres y experiencias de los educandos.<\/li>\n<\/ol>\n<p>2. Lo dispuesto en este cap\u00edtulo se ejercer\u00e1 en concordancia con el derecho a la educaci\u00f3n y no ser\u00e1<br \/>\nlimitativo del deber de educaci\u00f3n de los padres o de quienes ejerzan la patria potestad, tutela o guarda y<br \/>\ncustodia, de guiar y orientar a ni\u00f1as, ni\u00f1os y adolescentes en el ejercicio de estos derechos, a fin de que<br \/>\ncontribuya con su desarrollo integral.<\/p>\n","protected":false},"excerpt":{"rendered":"<p>ART\u00cdCULO 41. 1. Ni\u00f1as, ni\u00f1os y adolescentes tienen derecho a la libertad de convicciones \u00e9ticas, pensamiento, conciencia, religi\u00f3n y cultura. Las autoridades estatales y municipales\u2026<\/p>\n","protected":false},"author":7,"featured_media":0,"parent":0,"menu_order":0,"comment_status":"closed","ping_status":"closed","template":"","meta":{"footnotes":""},"class_list":["post-682","page","type-page","status-publish","hentry"],"publishpress_future_action":{"enabled":false,"date":"2026-04-26 12:06:44","action":"change-status","newStatus":"draft","terms":[],"taxonomy":""},"_links":{"self":[{"href":"https:\/\/www.tamaulipas.gob.mx\/sipinna\/wp-json\/wp\/v2\/pages\/682"}],"collection":[{"href":"https:\/\/www.tamaulipas.gob.mx\/sipinna\/wp-json\/wp\/v2\/pages"}],"about":[{"href":"https:\/\/www.tamaulipas.gob.mx\/sipinna\/wp-json\/wp\/v2\/types\/page"}],"author":[{"embeddable":true,"href":"https:\/\/www.tamaulipas.gob.mx\/sipinna\/wp-json\/wp\/v2\/users\/7"}],"replies":[{"embeddable":true,"href":"https:\/\/www.tamaulipas.gob.mx\/sipinna\/wp-json\/wp\/v2\/comments?post=682"}],"version-history":[{"count":2,"href":"https:\/\/www.tamaulipas.gob.mx\/sipinna\/wp-json\/wp\/v2\/pages\/682\/revisions"}],"predecessor-version":[{"id":835,"href":"https:\/\/www.tamaulipas.gob.mx\/sipinna\/wp-json\/wp\/v2\/pages\/682\/revisions\/835"}],"wp:attachment":[{"href":"https:\/\/www.tamaulipas.gob.mx\/sipinna\/wp-json\/wp\/v2\/media?parent=682"}],"curies":[{"name":"wp","href":"https:\/\/api.w.org\/{rel}","templated":true}]}}