{"id":680,"date":"2019-01-15T11:46:16","date_gmt":"2019-01-15T17:46:16","guid":{"rendered":"https:\/\/www.tamaulipas.gob.mx\/sipinna\/?page_id=680"},"modified":"2020-01-06T10:55:46","modified_gmt":"2020-01-06T16:55:46","slug":"derecho-al-descanso-y-al-esparcimiento","status":"publish","type":"page","link":"https:\/\/www.tamaulipas.gob.mx\/sipinna\/derecho-al-descanso-y-al-esparcimiento\/","title":{"rendered":"DERECHO AL DESCANSO Y AL ESPARCIMIENTO"},"content":{"rendered":"<p><a href=\"https:\/\/www.tamaulipas.gob.mx\/sipinna\/wp-content\/uploads\/sites\/32\/2020\/01\/derechos-11.png\"><img loading=\"lazy\" decoding=\"async\" class=\"aligncenter size-full wp-image-810\" src=\"https:\/\/www.tamaulipas.gob.mx\/sipinna\/wp-content\/uploads\/sites\/32\/2020\/01\/derechos-11.png\" alt=\"\" width=\"1200\" height=\"445\" \/><\/a><\/p>\n<p><strong>ART\u00cdCULO 39.<\/strong><\/p>\n<ol>\n<li>Ni\u00f1as, ni\u00f1os y adolescentes tienen derecho al descanso, al esparcimiento, al juego y a las actividades<br \/>\nrecreativas propias de su edad, as\u00ed como a participar libremente en actividades culturales, deportivas y<br \/>\nart\u00edsticas, como factores primordiales de su desarrollo y crecimiento.<\/li>\n<li>Quienes ejerzan la patria potestad, tutela o guarda y custodia de ni\u00f1as, ni\u00f1os y adolescentes deber\u00e1n<br \/>\nrespetar el ejercicio de estos derechos y, por lo tanto, no podr\u00e1n imponerles reg\u00edmenes de vida, estudio,<br \/>\ntrabajo o reglas de disciplina desproporcionadas a su edad, desarrollo evolutivo, cognoscitivo y madurez,<br \/>\nque impliquen la renuncia o el menoscabo de los mismos.<\/li>\n<\/ol>\n<p>&nbsp;<\/p>\n<p><strong>ART\u00cdCULO 40.<\/strong><br \/>\nLas autoridades estatales y municipales, en el \u00e1mbito de sus respectivas competencias, est\u00e1n obligadas a<br \/>\ngarantizar el derecho de ni\u00f1as, ni\u00f1os y adolescentes al descanso y el esparcimiento y a fomentar<br \/>\noportunidades apropiadas, en condiciones de igualdad, para su participaci\u00f3n en actividades culturales,<br \/>\nart\u00edsticas y deportivas dentro de su comunidad.<\/p>\n","protected":false},"excerpt":{"rendered":"<p>ART\u00cdCULO 39. Ni\u00f1as, ni\u00f1os y adolescentes tienen derecho al descanso, al esparcimiento, al juego y a las actividades recreativas propias de su edad, as\u00ed como\u2026<\/p>\n","protected":false},"author":7,"featured_media":0,"parent":0,"menu_order":0,"comment_status":"closed","ping_status":"closed","template":"","meta":{"footnotes":""},"class_list":["post-680","page","type-page","status-publish","hentry"],"publishpress_future_action":{"enabled":false,"date":"2026-04-26 07:33:16","action":"change-status","newStatus":"draft","terms":[],"taxonomy":""},"_links":{"self":[{"href":"https:\/\/www.tamaulipas.gob.mx\/sipinna\/wp-json\/wp\/v2\/pages\/680"}],"collection":[{"href":"https:\/\/www.tamaulipas.gob.mx\/sipinna\/wp-json\/wp\/v2\/pages"}],"about":[{"href":"https:\/\/www.tamaulipas.gob.mx\/sipinna\/wp-json\/wp\/v2\/types\/page"}],"author":[{"embeddable":true,"href":"https:\/\/www.tamaulipas.gob.mx\/sipinna\/wp-json\/wp\/v2\/users\/7"}],"replies":[{"embeddable":true,"href":"https:\/\/www.tamaulipas.gob.mx\/sipinna\/wp-json\/wp\/v2\/comments?post=680"}],"version-history":[{"count":2,"href":"https:\/\/www.tamaulipas.gob.mx\/sipinna\/wp-json\/wp\/v2\/pages\/680\/revisions"}],"predecessor-version":[{"id":832,"href":"https:\/\/www.tamaulipas.gob.mx\/sipinna\/wp-json\/wp\/v2\/pages\/680\/revisions\/832"}],"wp:attachment":[{"href":"https:\/\/www.tamaulipas.gob.mx\/sipinna\/wp-json\/wp\/v2\/media?parent=680"}],"curies":[{"name":"wp","href":"https:\/\/api.w.org\/{rel}","templated":true}]}}