{"id":672,"date":"2019-01-15T11:11:47","date_gmt":"2019-01-15T17:11:47","guid":{"rendered":"https:\/\/www.tamaulipas.gob.mx\/sipinna\/?page_id=672"},"modified":"2020-01-06T10:38:43","modified_gmt":"2020-01-06T16:38:43","slug":"derecho-a-la-proteccion-de-la-salud-y-a-la-seguridad-social","status":"publish","type":"page","link":"https:\/\/www.tamaulipas.gob.mx\/sipinna\/derecho-a-la-proteccion-de-la-salud-y-a-la-seguridad-social\/","title":{"rendered":"DERECHO A LA PROTECCI\u00d3N DE LA SALUD Y A LA SEGURIDAD SOCIAL"},"content":{"rendered":"<p><a href=\"https:\/\/www.tamaulipas.gob.mx\/sipinna\/wp-content\/uploads\/sites\/32\/2020\/01\/derechos-10.png\"><img loading=\"lazy\" decoding=\"async\" class=\"aligncenter size-full wp-image-809\" src=\"https:\/\/www.tamaulipas.gob.mx\/sipinna\/wp-content\/uploads\/sites\/32\/2020\/01\/derechos-10.png\" alt=\"\" width=\"1200\" height=\"445\" \/><\/a><\/p>\n<p><strong>ART\u00cdCULO 34.<\/strong><br \/>\n1. Ni\u00f1as, ni\u00f1os y adolescentes tienen derecho a disfrutar del m\u00e1s alto nivel posible de salud, as\u00ed como a<br \/>\nrecibir la prestaci\u00f3n de servicios de atenci\u00f3n m\u00e9dica gratuita y de calidad de conformidad con la legislaci\u00f3n<br \/>\naplicable, con el fin de prevenir, proteger y restaurar su salud. Las autoridades se coordinar\u00e1n a fin de:<\/p>\n<ol style=\"list-style-type: upper-roman;\">\n<li>Reducir la morbilidad y mortalidad;<\/li>\n<li>Asegurar la prestaci\u00f3n de la asistencia m\u00e9dica y sanitaria que sean necesarias a ni\u00f1as, ni\u00f1os y<br \/>\nadolescentes, haciendo hincapi\u00e9 en la atenci\u00f3n primaria;<\/li>\n<li>Promover en todos los grupos de la sociedad y, en particular, en quienes ejerzan la patria potestad,<br \/>\ntutela o guarda y custodia, de ni\u00f1os, ni\u00f1as y adolescentes, los principios b\u00e1sicos de la salud y la nutrici\u00f3n,<br \/>\nlas ventajas de la lactancia materna, la higiene y el saneamiento ambiental y las medidas de prevenci\u00f3n de<br \/>\naccidentes;<\/li>\n<li>Adoptar medidas tendentes a la eliminaci\u00f3n las pr\u00e1cticas culturales, usos y costumbres que sean<br \/>\nperjudiciales para la salud de ni\u00f1as, ni\u00f1os y adolescentes;<\/li>\n<li>Desarrollar la atenci\u00f3n sanitaria preventiva, la orientaci\u00f3n a quienes ejerzan la patria potestad, tutela o<br \/>\nguarda y custodia de ni\u00f1as, ni\u00f1os y adolescentes, y la educaci\u00f3n y servicios en materia de salud sexual y<br \/>\nreproductiva;<\/li>\n<li>Establecer las medidas tendentes a prevenir embarazos de las ni\u00f1as y las adolescentes;<\/li>\n<li>Asegurar la prestaci\u00f3n de servicios de atenci\u00f3n m\u00e9dica respetuosa, efectiva e integral durante el<br \/>\nembarazo, parto y puerperio, as\u00ed como para sus hijas e hijos, y promover la lactancia materna exclusiva<br \/>\ndentro de los primeros seis meses y complementaria hasta los dos a\u00f1os, as\u00ed como garantizar el acceso a<br \/>\nm\u00e9todos anticonceptivos;<\/li>\n<li>Combatir la desnutrici\u00f3n cr\u00f3nica y aguda, sobrepeso y obesidad, as\u00ed como otros trastornos de<br \/>\nconducta alimentaria mediante la promoci\u00f3n de una alimentaci\u00f3n equilibrada, el consumo de agua potable,<br \/>\nel fomento del ejercicio f\u00edsico, e impulsar programas de prevenci\u00f3n e informaci\u00f3n sobre estos temas;<\/li>\n<li>Fomentar y ejecutar los programas de vacunaci\u00f3n y el control de la ni\u00f1ez y adolescencia sana para<br \/>\nvigilar su crecimiento y desarrollo en forma peri\u00f3dica;<\/li>\n<li>Atender de manera especial las enfermedades respiratorias, renales, gastrointestinales, epid\u00e9micas,<br \/>\nc\u00e1ncer, VIH\/SIDA y otras enfermedades de transmisi\u00f3n sexual e impulsar programas de prevenci\u00f3n e<br \/>\ninformaci\u00f3n sobre \u00e9stas;<\/li>\n<li>Proporcionar asesor\u00eda y orientaci\u00f3n sobre salud sexual y reproductiva;<\/li>\n<li>Disponer lo necesario para que ni\u00f1as, ni\u00f1os y adolescentes con discapacidad reciban la atenci\u00f3n<br \/>\napropiada a su condici\u00f3n, que los rehabilite, mejore su calidad de vida, facilite su interacci\u00f3n e inclusi\u00f3n<br \/>\nsocial y permita un ejercicio igualitario de sus derechos;<\/li>\n<li>Prohibir, sancionar y erradicar la esterilizaci\u00f3n forzada de ni\u00f1as, ni\u00f1os y adolescentes y cualquier<br \/>\nforma de violencia obst\u00e9trica;<\/li>\n<li>Establecer las medidas para que en los servicios de salud se detecten y atiendan de manera especial<br \/>\nlos casos de v\u00edctimas de delitos o violaciones a sus derechos, o sujetos de violencia sexual y familiar, de<br \/>\nconformidad con las disposiciones aplicables en la materia;<\/li>\n<li>Establecer medidas tendentes a la prevenci\u00f3n, atenci\u00f3n, combate y rehabilitaci\u00f3n de los problemas de<br \/>\nsalud p\u00fablica causados por las adicciones;<\/li>\n<li>Establecer medidas tendentes a que en los servicios de salud se detecten y atiendan de manera<br \/>\nespecial los casos de ni\u00f1as, ni\u00f1os y adolescentes con problemas de salud mental;<\/li>\n<li>Establecer medidas para la detecci\u00f3n temprana de discapacidades a efecto de prevenir y reducir al<br \/>\nm\u00e1ximo la aparici\u00f3n de nuevas discapacidades y asegurar los mayores niveles de atenci\u00f3n y rehabilitaci\u00f3n;<br \/>\ny<\/li>\n<li>Proporcionar el acceso a los bienes, servicios, ayudas t\u00e9cnicas y rehabilitaci\u00f3n que requieren ni\u00f1as,<br \/>\nni\u00f1os y adolescentes con discapacidad.<\/li>\n<\/ol>\n<p>2. Asimismo, garantizar\u00e1n que todos los sectores de la sociedad tengan acceso a educaci\u00f3n y asistencia en<br \/>\nmateria de principios b\u00e1sicos de salud y nutrici\u00f3n, ventajas de la lactancia materna exclusiva durante los<br \/>\nprimeros seis meses y complementaria hasta los dos a\u00f1os de edad, as\u00ed como la prevenci\u00f3n de embarazos,<br \/>\nhigiene, medidas de prevenci\u00f3n de accidentes y dem\u00e1s aspectos relacionados con la salud de ni\u00f1as, ni\u00f1os<br \/>\ny adolescentes.<br \/>\n3. El Sistema Estatal de Salud deber\u00e1 garantizar el pleno cumplimiento del derecho a la salud atendiendo al<br \/>\nderecho de prioridad, al inter\u00e9s superior de la ni\u00f1ez, la igualdad sustantiva y la no discriminaci\u00f3n, as\u00ed como<br \/>\nestablecer acciones afirmativas a favor de ni\u00f1as, ni\u00f1os y adolescentes.<br \/>\n4. Las autoridades estatales y municipales en el \u00e1mbito de sus respectivas competencias y de conformidad<br \/>\ncon las disposiciones jur\u00eddicas aplicables, deber\u00e1n garantizar el derecho de ni\u00f1as, ni\u00f1os y adolescentes a la<br \/>\nseguridad social.<br \/>\n5. En todos los casos se respetar\u00e1 el derecho a la intimidad de ni\u00f1as, ni\u00f1os y adolescentes, de conformidad<br \/>\ncon la presente Ley, as\u00ed como el derecho a la informaci\u00f3n de quienes detenten la patria potestad, tutela o<br \/>\nguarda y custodia de ni\u00f1os ni\u00f1as y adolescentes en relaci\u00f3n a su estado de su salud, para cumplir con su<br \/>\nobligaci\u00f3n constitucional de proteger y exigir el cumplimiento del derecho a la salud de ni\u00f1as, ni\u00f1os y<br \/>\nadolescentes.<\/p>\n","protected":false},"excerpt":{"rendered":"<p>ART\u00cdCULO 34. 1. Ni\u00f1as, ni\u00f1os y adolescentes tienen derecho a disfrutar del m\u00e1s alto nivel posible de salud, as\u00ed como a recibir la prestaci\u00f3n de\u2026<\/p>\n","protected":false},"author":7,"featured_media":0,"parent":0,"menu_order":0,"comment_status":"closed","ping_status":"closed","template":"","meta":{"footnotes":""},"class_list":["post-672","page","type-page","status-publish","hentry"],"publishpress_future_action":{"enabled":false,"date":"2026-04-26 10:42:30","action":"change-status","newStatus":"draft","terms":[],"taxonomy":""},"_links":{"self":[{"href":"https:\/\/www.tamaulipas.gob.mx\/sipinna\/wp-json\/wp\/v2\/pages\/672"}],"collection":[{"href":"https:\/\/www.tamaulipas.gob.mx\/sipinna\/wp-json\/wp\/v2\/pages"}],"about":[{"href":"https:\/\/www.tamaulipas.gob.mx\/sipinna\/wp-json\/wp\/v2\/types\/page"}],"author":[{"embeddable":true,"href":"https:\/\/www.tamaulipas.gob.mx\/sipinna\/wp-json\/wp\/v2\/users\/7"}],"replies":[{"embeddable":true,"href":"https:\/\/www.tamaulipas.gob.mx\/sipinna\/wp-json\/wp\/v2\/comments?post=672"}],"version-history":[{"count":2,"href":"https:\/\/www.tamaulipas.gob.mx\/sipinna\/wp-json\/wp\/v2\/pages\/672\/revisions"}],"predecessor-version":[{"id":828,"href":"https:\/\/www.tamaulipas.gob.mx\/sipinna\/wp-json\/wp\/v2\/pages\/672\/revisions\/828"}],"wp:attachment":[{"href":"https:\/\/www.tamaulipas.gob.mx\/sipinna\/wp-json\/wp\/v2\/media?parent=672"}],"curies":[{"name":"wp","href":"https:\/\/api.w.org\/{rel}","templated":true}]}}