{"id":670,"date":"2019-01-15T10:53:09","date_gmt":"2019-01-15T16:53:09","guid":{"rendered":"https:\/\/www.tamaulipas.gob.mx\/sipinna\/?page_id=670"},"modified":"2020-01-06T10:36:43","modified_gmt":"2020-01-06T16:36:43","slug":"derecho-de-acceso-a-una-vida-libre-de-violencia-y-a-la-integridad-personal","status":"publish","type":"page","link":"https:\/\/www.tamaulipas.gob.mx\/sipinna\/derecho-de-acceso-a-una-vida-libre-de-violencia-y-a-la-integridad-personal\/","title":{"rendered":"DERECHO DE ACCESO A UNA VIDA LIBRE DE VIOLENCIA Y A LA INTEGRIDAD PERSONAL"},"content":{"rendered":"<p><a href=\"https:\/\/www.tamaulipas.gob.mx\/sipinna\/wp-content\/uploads\/sites\/32\/2020\/01\/derechos-010.png\"><img loading=\"lazy\" decoding=\"async\" class=\"aligncenter size-full wp-image-808\" src=\"https:\/\/www.tamaulipas.gob.mx\/sipinna\/wp-content\/uploads\/sites\/32\/2020\/01\/derechos-010.png\" alt=\"\" width=\"1200\" height=\"445\" \/><\/a><\/p>\n<p><strong>ART\u00cdCULO 31.<\/strong><br \/>\nNi\u00f1as, ni\u00f1os y adolescentes tienen derecho a vivir una vida libre de toda forma de violencia y a que se<br \/>\nresguarde su integridad personal, a fin de lograr las mejores condiciones de bienestar y el libre desarrollo de<br \/>\nsu personalidad.<\/p>\n<p>&nbsp;<\/p>\n<p><strong>ART\u00cdCULO 32.<\/strong><br \/>\nLas autoridades estatales y municipales, en el \u00e1mbito de sus respectivas competencias, est\u00e1n obligadas a<br \/>\ntomar las medidas necesarias para prevenir, atender y sancionar los casos en que ni\u00f1as, ni\u00f1os o<br \/>\nadolescentes se vean afectados por:<\/p>\n<ol style=\"list-style-type: upper-roman;\">\n<li>El descuido, negligencia, abandono o abuso f\u00edsico, psicol\u00f3gico o sexual;<\/li>\n<li>La corrupci\u00f3n de ni\u00f1as, ni\u00f1os y adolescentes;<\/li>\n<li>Trata de ni\u00f1as, ni\u00f1os y adolescentes, abuso sexual infantil, explotaci\u00f3n sexual infantil con o sin fines<br \/>\ncomerciales, o cualquier otro tipo de explotaci\u00f3n, y dem\u00e1s conductas punibles establecidas en las<br \/>\ndisposiciones aplicables;<\/li>\n<li>El tr\u00e1fico de ni\u00f1as, ni\u00f1os y adolescentes;<\/li>\n<li>El trabajo antes de la edad m\u00ednima de quince a\u00f1os, prevista en el art\u00edculo 123 de la Constituci\u00f3n Federal<br \/>\ny dem\u00e1s disposiciones aplicables;<\/li>\n<li>El trabajo en adolescentes mayores de 15 a\u00f1os que pueda perjudicar su salud, su educaci\u00f3n o impedir<br \/>\nsu desarrollo f\u00edsico o mental, explotaci\u00f3n laboral, las peores formas de trabajo infantil, as\u00ed como el trabajo<br \/>\nforzoso, de conformidad con lo dispuesto en la Constituci\u00f3n Federal y en las dem\u00e1s disposiciones<br \/>\naplicables; y<\/li>\n<li>La incitaci\u00f3n o coacci\u00f3n para que participen en la comisi\u00f3n de delitos o en asociaciones delictuosas, en<br \/>\nconflictos armados o en cualquier otra actividad que impida su desarrollo integral.<\/li>\n<\/ol>\n<p>&nbsp;<\/p>\n<p><strong>ART\u00cdCULO 33.<\/strong><\/p>\n<ol>\n<li>La Secretar\u00eda de Salud, el Sistema DIF Tamaulipas y los Sistemas DIF Municipales, est\u00e1n obligadas a<br \/>\nadoptar las medidas apropiadas para promover la recuperaci\u00f3n f\u00edsica y psicol\u00f3gica de ni\u00f1as, ni\u00f1os y<br \/>\nadolescentes.<\/li>\n<li>El Sistema DIF Tamaulipas y los Sistemas DIF Municipales, est\u00e1n obligados a promover la restituci\u00f3n de<br \/>\nderechos de ni\u00f1as, ni\u00f1os y adolescentes para lograr el pleno ejercicio de sus derechos y garantizar su<br \/>\nreincorporaci\u00f3n a la vida cotidiana.<\/li>\n<li>La recuperaci\u00f3n y restituci\u00f3n de derechos a que se refiere el p\u00e1rrafo anterior se llevar\u00e1n a cabo en un<br \/>\nambiente que fomente la salud f\u00edsica y psicol\u00f3gica, el respeto y la dignidad de ni\u00f1as, ni\u00f1os y adolescentes.<\/li>\n<\/ol>\n","protected":false},"excerpt":{"rendered":"<p>ART\u00cdCULO 31. Ni\u00f1as, ni\u00f1os y adolescentes tienen derecho a vivir una vida libre de toda forma de violencia y a que se resguarde su integridad\u2026<\/p>\n","protected":false},"author":7,"featured_media":0,"parent":0,"menu_order":0,"comment_status":"closed","ping_status":"closed","template":"","meta":{"footnotes":""},"class_list":["post-670","page","type-page","status-publish","hentry"],"publishpress_future_action":{"enabled":false,"date":"2026-04-26 10:43:22","action":"change-status","newStatus":"draft","terms":[],"taxonomy":""},"_links":{"self":[{"href":"https:\/\/www.tamaulipas.gob.mx\/sipinna\/wp-json\/wp\/v2\/pages\/670"}],"collection":[{"href":"https:\/\/www.tamaulipas.gob.mx\/sipinna\/wp-json\/wp\/v2\/pages"}],"about":[{"href":"https:\/\/www.tamaulipas.gob.mx\/sipinna\/wp-json\/wp\/v2\/types\/page"}],"author":[{"embeddable":true,"href":"https:\/\/www.tamaulipas.gob.mx\/sipinna\/wp-json\/wp\/v2\/users\/7"}],"replies":[{"embeddable":true,"href":"https:\/\/www.tamaulipas.gob.mx\/sipinna\/wp-json\/wp\/v2\/comments?post=670"}],"version-history":[{"count":2,"href":"https:\/\/www.tamaulipas.gob.mx\/sipinna\/wp-json\/wp\/v2\/pages\/670\/revisions"}],"predecessor-version":[{"id":827,"href":"https:\/\/www.tamaulipas.gob.mx\/sipinna\/wp-json\/wp\/v2\/pages\/670\/revisions\/827"}],"wp:attachment":[{"href":"https:\/\/www.tamaulipas.gob.mx\/sipinna\/wp-json\/wp\/v2\/media?parent=670"}],"curies":[{"name":"wp","href":"https:\/\/api.w.org\/{rel}","templated":true}]}}