{"id":665,"date":"2019-01-15T10:44:50","date_gmt":"2019-01-15T16:44:50","guid":{"rendered":"https:\/\/www.tamaulipas.gob.mx\/sipinna\/?page_id=665"},"modified":"2020-01-06T10:34:32","modified_gmt":"2020-01-06T16:34:32","slug":"derecho-a-no-ser-discriminado","status":"publish","type":"page","link":"https:\/\/www.tamaulipas.gob.mx\/sipinna\/derecho-a-no-ser-discriminado\/","title":{"rendered":"DERECHO A NO SER DISCRIMINADO"},"content":{"rendered":"<p><a href=\"https:\/\/www.tamaulipas.gob.mx\/sipinna\/wp-content\/uploads\/sites\/32\/2020\/01\/derechos-07.png\"><img loading=\"lazy\" decoding=\"async\" class=\"aligncenter size-full wp-image-806\" src=\"https:\/\/www.tamaulipas.gob.mx\/sipinna\/wp-content\/uploads\/sites\/32\/2020\/01\/derechos-07.png\" alt=\"\" width=\"1200\" height=\"445\" \/><\/a><\/p>\n<p><strong>ART\u00cdCULO 28.<\/strong><\/p>\n<p>Ni\u00f1as, ni\u00f1os y adolescentes tienen derecho a no ser sujetos de discriminaci\u00f3n alguna ni de limitaci\u00f3n o<br \/>\nrestricci\u00f3n de sus derechos, en raz\u00f3n de su origen \u00e9tnico, nacional o social, idioma o lengua, edad, g\u00e9nero,<br \/>\npreferencia sexual, estado civil, religi\u00f3n, opini\u00f3n, condici\u00f3n econ\u00f3mica, circunstancias de nacimiento,<br \/>\ndiscapacidad o estado de salud o cualquier otra condici\u00f3n atribuible a ellos mismos o a su madre, padre,<br \/>\ntutor o persona que los tenga bajo guarda y custodia, o a otros miembros de su familia.<\/p>\n<p>Las autoridades estatales y municipales, en el \u00e1mbito de sus respectivas competencias, deber\u00e1n:<\/p>\n<ol style=\"list-style-type: upper-roman;\">\n<li>Llevar a cabo acciones especiales para prevenir, atender y erradicar la discriminaci\u00f3n m\u00faltiple de la que<br \/>\nson objeto ni\u00f1as, ni\u00f1os y adolescentes en situaci\u00f3n de exclusi\u00f3n social, en situaci\u00f3n de calle, cualquier<br \/>\nforma de trabajo infantil especialmente en las circunstancias de desventaja social contempladas en la<br \/>\npresente Ley o cualquiera otra condici\u00f3n de marginalidad;<\/li>\n<li>Adoptar medidas y realizar acciones afirmativas, cuando sean necesarias, para garantizar que ni\u00f1as y<br \/>\nlas adolescentes tengan igualdad de trato y oportunidades que los ni\u00f1os y los adolescentes;<\/li>\n<li>Promover e impulsar un desarrollo integral de igualdad entre ni\u00f1as, ni\u00f1os y adolescentes, erradicando<br \/>\nusos, costumbres o pr\u00e1cticas culturales que promuevan cualquier tipo de discriminaci\u00f3n de ni\u00f1as, ni\u00f1os y<br \/>\nadolescentes, atendiendo a los principios rectores de esta Ley; e<\/li>\n<li>Impulsar pol\u00edticas p\u00fablicas encaminadas al fortalecimiento familiar, a fin de que todas las ni\u00f1as, los<br \/>\nni\u00f1os y los adolescentes logren un desarrollo integral y accedan a las mismas oportunidades a lo largo de<br \/>\nsu vida.<\/li>\n<\/ol>\n","protected":false},"excerpt":{"rendered":"<p>ART\u00cdCULO 28. Ni\u00f1as, ni\u00f1os y adolescentes tienen derecho a no ser sujetos de discriminaci\u00f3n alguna ni de limitaci\u00f3n o restricci\u00f3n de sus derechos, en raz\u00f3n\u2026<\/p>\n","protected":false},"author":7,"featured_media":0,"parent":0,"menu_order":0,"comment_status":"closed","ping_status":"closed","template":"","meta":{"footnotes":""},"class_list":["post-665","page","type-page","status-publish","hentry"],"publishpress_future_action":{"enabled":false,"date":"2026-04-26 07:17:33","action":"change-status","newStatus":"draft","terms":[],"taxonomy":""},"_links":{"self":[{"href":"https:\/\/www.tamaulipas.gob.mx\/sipinna\/wp-json\/wp\/v2\/pages\/665"}],"collection":[{"href":"https:\/\/www.tamaulipas.gob.mx\/sipinna\/wp-json\/wp\/v2\/pages"}],"about":[{"href":"https:\/\/www.tamaulipas.gob.mx\/sipinna\/wp-json\/wp\/v2\/types\/page"}],"author":[{"embeddable":true,"href":"https:\/\/www.tamaulipas.gob.mx\/sipinna\/wp-json\/wp\/v2\/users\/7"}],"replies":[{"embeddable":true,"href":"https:\/\/www.tamaulipas.gob.mx\/sipinna\/wp-json\/wp\/v2\/comments?post=665"}],"version-history":[{"count":2,"href":"https:\/\/www.tamaulipas.gob.mx\/sipinna\/wp-json\/wp\/v2\/pages\/665\/revisions"}],"predecessor-version":[{"id":825,"href":"https:\/\/www.tamaulipas.gob.mx\/sipinna\/wp-json\/wp\/v2\/pages\/665\/revisions\/825"}],"wp:attachment":[{"href":"https:\/\/www.tamaulipas.gob.mx\/sipinna\/wp-json\/wp\/v2\/media?parent=665"}],"curies":[{"name":"wp","href":"https:\/\/api.w.org\/{rel}","templated":true}]}}