{"id":663,"date":"2019-01-15T10:41:30","date_gmt":"2019-01-15T16:41:30","guid":{"rendered":"https:\/\/www.tamaulipas.gob.mx\/sipinna\/?page_id=663"},"modified":"2020-01-06T10:33:14","modified_gmt":"2020-01-06T16:33:14","slug":"derecho-a-la-igualdad-sustantiva","status":"publish","type":"page","link":"https:\/\/www.tamaulipas.gob.mx\/sipinna\/derecho-a-la-igualdad-sustantiva\/","title":{"rendered":"DERECHO A LA IGUALDAD SUSTANTIVA"},"content":{"rendered":"<p><a href=\"https:\/\/www.tamaulipas.gob.mx\/sipinna\/wp-content\/uploads\/sites\/32\/2020\/01\/derechos-16.png\"><img loading=\"lazy\" decoding=\"async\" class=\"aligncenter size-full wp-image-815\" src=\"https:\/\/www.tamaulipas.gob.mx\/sipinna\/wp-content\/uploads\/sites\/32\/2020\/01\/derechos-16.png\" alt=\"\" width=\"1200\" height=\"445\" \/><\/a><\/p>\n<p><strong>ART\u00cdCULO 26.<\/strong><\/p>\n<p>Ni\u00f1as, ni\u00f1os y adolescentes tienen derecho al acceso al mismo trato y oportunidades para el<br \/>\nreconocimiento, goce o ejercicio de los derechos humanos y las libertades fundamentales en t\u00e9rminos de lo<br \/>\ndispuesto por la Ley General.<\/p>\n<p>&nbsp;<\/p>\n<p><strong>ART\u00cdCULO 27.<\/strong><\/p>\n<p>Las normas aplicables a las ni\u00f1as y a las adolescentes deber\u00e1n estar dirigidas a visibilizar, promover,<br \/>\nrespetar, proteger y garantizar, en todo momento, sus derechos en aras de alcanzar la igualdad sustantiva<br \/>\ncon respecto a los ni\u00f1os y a los adolescentes; y, en general, con toda la sociedad.<\/p>\n","protected":false},"excerpt":{"rendered":"<p>ART\u00cdCULO 26. Ni\u00f1as, ni\u00f1os y adolescentes tienen derecho al acceso al mismo trato y oportunidades para el reconocimiento, goce o ejercicio de los derechos humanos\u2026<\/p>\n","protected":false},"author":7,"featured_media":0,"parent":0,"menu_order":0,"comment_status":"closed","ping_status":"closed","template":"","meta":{"footnotes":""},"class_list":["post-663","page","type-page","status-publish","hentry"],"publishpress_future_action":{"enabled":false,"date":"2026-04-26 10:43:23","action":"change-status","newStatus":"draft","terms":[],"taxonomy":""},"_links":{"self":[{"href":"https:\/\/www.tamaulipas.gob.mx\/sipinna\/wp-json\/wp\/v2\/pages\/663"}],"collection":[{"href":"https:\/\/www.tamaulipas.gob.mx\/sipinna\/wp-json\/wp\/v2\/pages"}],"about":[{"href":"https:\/\/www.tamaulipas.gob.mx\/sipinna\/wp-json\/wp\/v2\/types\/page"}],"author":[{"embeddable":true,"href":"https:\/\/www.tamaulipas.gob.mx\/sipinna\/wp-json\/wp\/v2\/users\/7"}],"replies":[{"embeddable":true,"href":"https:\/\/www.tamaulipas.gob.mx\/sipinna\/wp-json\/wp\/v2\/comments?post=663"}],"version-history":[{"count":3,"href":"https:\/\/www.tamaulipas.gob.mx\/sipinna\/wp-json\/wp\/v2\/pages\/663\/revisions"}],"predecessor-version":[{"id":824,"href":"https:\/\/www.tamaulipas.gob.mx\/sipinna\/wp-json\/wp\/v2\/pages\/663\/revisions\/824"}],"wp:attachment":[{"href":"https:\/\/www.tamaulipas.gob.mx\/sipinna\/wp-json\/wp\/v2\/media?parent=663"}],"curies":[{"name":"wp","href":"https:\/\/api.w.org\/{rel}","templated":true}]}}