{"id":659,"date":"2019-01-15T10:11:28","date_gmt":"2019-01-15T16:11:28","guid":{"rendered":"https:\/\/www.tamaulipas.gob.mx\/sipinna\/?page_id=659"},"modified":"2020-01-06T10:30:35","modified_gmt":"2020-01-06T16:30:35","slug":"derecho-a-la-identidad","status":"publish","type":"page","link":"https:\/\/www.tamaulipas.gob.mx\/sipinna\/derecho-a-la-identidad\/","title":{"rendered":"DERECHO A LA IDENTIDAD"},"content":{"rendered":"<p><a href=\"https:\/\/www.tamaulipas.gob.mx\/sipinna\/wp-content\/uploads\/sites\/32\/2020\/01\/derechos-01.png\"><img loading=\"lazy\" decoding=\"async\" class=\"aligncenter size-full wp-image-800\" src=\"https:\/\/www.tamaulipas.gob.mx\/sipinna\/wp-content\/uploads\/sites\/32\/2020\/01\/derechos-01.png\" alt=\"\" width=\"1200\" height=\"445\" \/><\/a><\/p>\n<p><strong>ART\u00cdCULO 18.<\/strong><\/p>\n<p>1. Ni\u00f1as, ni\u00f1os y adolescentes, en t\u00e9rminos de la legislaci\u00f3n aplicable, desde su nacimiento, tienen derecho a:<\/p>\n<ol style=\"list-style-type: upper-roman;\">\n<li>&#8211; Contar con nombre y los apellidos que les correspondan, as\u00ed como a ser inscritos en el Registro Civil<br \/>\nrespectivo de forma inmediata y gratuita, y a que se les expida en forma \u00e1gil y sin costo la primera copia<br \/>\ncertificada del acta correspondiente, en los t\u00e9rminos de las disposiciones aplicables;<\/li>\n<li>&#8211; Contar con nacionalidad, de conformidad con lo dispuesto en la Constituci\u00f3n Pol\u00edtica de los Estados<br \/>\nUnidos Mexicanos y los tratados internacionales;<\/li>\n<li>&#8211; Conocer su filiaci\u00f3n y su origen, en la medida de lo posible y siempre que ello sea acorde con el inter\u00e9s<br \/>\nsuperior de la ni\u00f1ez; y<\/li>\n<li>&#8211; Preservar su identidad, incluidos el nombre, la nacionalidad y su pertenencia cultural, as\u00ed como sus<br \/>\nrelaciones familiares.<\/li>\n<\/ol>\n<p>2. Las autoridades estatales y municipales, deber\u00e1n colaborar en la b\u00fasqueda, localizaci\u00f3n y obtenci\u00f3n de<br \/>\nla informaci\u00f3n necesaria para acreditar o restablecer la identidad de ni\u00f1as, ni\u00f1os y adolescentes.<br \/>\n3. La Procuradur\u00eda de Protecci\u00f3n, en el \u00e1mbito de su respectiva competencia, orientar\u00e1 a las autoridades<br \/>\nque correspondan para que den debido cumplimiento al presente art\u00edculo.<br \/>\n4. Cuando haya procesos o procedimientos que deriven en cambio de apellidos de ni\u00f1as, ni\u00f1os y<br \/>\nadolescentes, \u00e9stos tendr\u00e1n el derecho a opinar y a ser tomados en cuenta, conforme a su edad, desarrollo<br \/>\nevolutivo, cognoscitivo y madurez.<br \/>\n5. La falta de documentaci\u00f3n para acreditar la identidad de ni\u00f1as, ni\u00f1os y adolescentes no ser\u00e1 obst\u00e1culo<br \/>\npara garantizar sus derechos.<\/p>\n<p><strong>ART\u00cdCULO 19.<\/strong><br \/>\nPara efectos del reconocimiento de maternidad y paternidad de ni\u00f1as, ni\u00f1os y adolescentes, as\u00ed como en<br \/>\nrelaci\u00f3n con los derechos y obligaciones derivados de la filiaci\u00f3n y parentesco, se estar\u00e1 a lo dispuesto por<br \/>\nel C\u00f3digo Civil para Estado y Ley de Paternidad y Maternidad Responsable del Estado. Ante la negativa de<br \/>\nla prueba de paternidad o maternidad, la autoridad competente, salvo prueba en contrario, presumir\u00e1 que es<br \/>\nel padre o la madre respectivamente.<\/p>\n","protected":false},"excerpt":{"rendered":"<p>ART\u00cdCULO 18. 1. Ni\u00f1as, ni\u00f1os y adolescentes, en t\u00e9rminos de la legislaci\u00f3n aplicable, desde su nacimiento, tienen derecho a: &#8211; Contar con nombre y los\u2026<\/p>\n","protected":false},"author":7,"featured_media":0,"parent":0,"menu_order":0,"comment_status":"closed","ping_status":"closed","template":"","meta":{"footnotes":""},"class_list":["post-659","page","type-page","status-publish","hentry"],"publishpress_future_action":{"enabled":false,"date":"2026-04-26 10:43:51","action":"change-status","newStatus":"draft","terms":[],"taxonomy":""},"_links":{"self":[{"href":"https:\/\/www.tamaulipas.gob.mx\/sipinna\/wp-json\/wp\/v2\/pages\/659"}],"collection":[{"href":"https:\/\/www.tamaulipas.gob.mx\/sipinna\/wp-json\/wp\/v2\/pages"}],"about":[{"href":"https:\/\/www.tamaulipas.gob.mx\/sipinna\/wp-json\/wp\/v2\/types\/page"}],"author":[{"embeddable":true,"href":"https:\/\/www.tamaulipas.gob.mx\/sipinna\/wp-json\/wp\/v2\/users\/7"}],"replies":[{"embeddable":true,"href":"https:\/\/www.tamaulipas.gob.mx\/sipinna\/wp-json\/wp\/v2\/comments?post=659"}],"version-history":[{"count":3,"href":"https:\/\/www.tamaulipas.gob.mx\/sipinna\/wp-json\/wp\/v2\/pages\/659\/revisions"}],"predecessor-version":[{"id":822,"href":"https:\/\/www.tamaulipas.gob.mx\/sipinna\/wp-json\/wp\/v2\/pages\/659\/revisions\/822"}],"wp:attachment":[{"href":"https:\/\/www.tamaulipas.gob.mx\/sipinna\/wp-json\/wp\/v2\/media?parent=659"}],"curies":[{"name":"wp","href":"https:\/\/api.w.org\/{rel}","templated":true}]}}