{"id":656,"date":"2019-01-15T10:06:38","date_gmt":"2019-01-15T16:06:38","guid":{"rendered":"https:\/\/www.tamaulipas.gob.mx\/sipinna\/?page_id=656"},"modified":"2020-01-06T10:27:29","modified_gmt":"2020-01-06T16:27:29","slug":"derecho-de-prioridad","status":"publish","type":"page","link":"https:\/\/www.tamaulipas.gob.mx\/sipinna\/derecho-de-prioridad\/","title":{"rendered":"DERECHO DE PRIORIDAD"},"content":{"rendered":"<p><a href=\"https:\/\/www.tamaulipas.gob.mx\/sipinna\/wp-content\/uploads\/sites\/32\/2020\/01\/derechos-15.png\"><img loading=\"lazy\" decoding=\"async\" class=\"aligncenter size-full wp-image-814\" src=\"https:\/\/www.tamaulipas.gob.mx\/sipinna\/wp-content\/uploads\/sites\/32\/2020\/01\/derechos-15.png\" alt=\"\" width=\"1200\" height=\"445\" \/><\/a><\/p>\n<p><strong>ART\u00cdCULO 15.<\/strong><br \/>\nNi\u00f1as, ni\u00f1os y adolescentes tienen derecho a que se les asegure prioridad en el goce y ejercicio de todos<br \/>\nsus derechos, de conformidad a lo contenido en la Ley General.<\/p>\n<p><strong>ART\u00cdCULO 16.<\/strong><br \/>\nEn todas las medidas concernientes a ni\u00f1as, ni\u00f1os y adolescentes que tomen los \u00f3rganos jurisdiccionales,<br \/>\nautoridades administrativas y \u00f3rganos legislativos del Estado, se tomar\u00e1 en cuenta, como consideraci\u00f3n<br \/>\nprimordial, el inter\u00e9s superior de la ni\u00f1ez. Dichas autoridades elaborar\u00e1n los mecanismos necesarios para<br \/>\ngarantizar este principio.<\/p>\n<p><strong>ART\u00cdCULO 17.<\/strong><br \/>\nLas ni\u00f1as, los ni\u00f1os y los adolescentes tienen prioridad en el goce y ejercicio de todos sus derechos,<br \/>\nespecialmente a que:<\/p>\n<ol style=\"list-style-type: upper-roman;\">\n<li>&#8211; Se les atienda antes que a los adultos en todos los servicios, en igualdad de condiciones; haciendo<br \/>\nhincapi\u00e9 en las denuncias de malos tratos y realizar las investigaciones respectivas en forma inmediata a\u00fan<br \/>\ncuando no sean tipificados como delitos; y<\/li>\n<li>&#8211; El Ejecutivo del Estado, a trav\u00e9s de la Secretar\u00eda de Finanzas, asigne recursos a las instituciones<br \/>\nencargadas de proteger sus derechos, como lo son el Sistema DIF Tamaulipas y la Procuradur\u00eda de<br \/>\nProtecci\u00f3n.<\/li>\n<\/ol>\n","protected":false},"excerpt":{"rendered":"<p>ART\u00cdCULO 15. Ni\u00f1as, ni\u00f1os y adolescentes tienen derecho a que se les asegure prioridad en el goce y ejercicio de todos sus derechos, de conformidad\u2026<\/p>\n","protected":false},"author":7,"featured_media":0,"parent":0,"menu_order":0,"comment_status":"closed","ping_status":"closed","template":"","meta":{"footnotes":""},"class_list":["post-656","page","type-page","status-publish","hentry"],"publishpress_future_action":{"enabled":false,"date":"2026-04-26 10:41:46","action":"change-status","newStatus":"draft","terms":[],"taxonomy":""},"_links":{"self":[{"href":"https:\/\/www.tamaulipas.gob.mx\/sipinna\/wp-json\/wp\/v2\/pages\/656"}],"collection":[{"href":"https:\/\/www.tamaulipas.gob.mx\/sipinna\/wp-json\/wp\/v2\/pages"}],"about":[{"href":"https:\/\/www.tamaulipas.gob.mx\/sipinna\/wp-json\/wp\/v2\/types\/page"}],"author":[{"embeddable":true,"href":"https:\/\/www.tamaulipas.gob.mx\/sipinna\/wp-json\/wp\/v2\/users\/7"}],"replies":[{"embeddable":true,"href":"https:\/\/www.tamaulipas.gob.mx\/sipinna\/wp-json\/wp\/v2\/comments?post=656"}],"version-history":[{"count":2,"href":"https:\/\/www.tamaulipas.gob.mx\/sipinna\/wp-json\/wp\/v2\/pages\/656\/revisions"}],"predecessor-version":[{"id":820,"href":"https:\/\/www.tamaulipas.gob.mx\/sipinna\/wp-json\/wp\/v2\/pages\/656\/revisions\/820"}],"wp:attachment":[{"href":"https:\/\/www.tamaulipas.gob.mx\/sipinna\/wp-json\/wp\/v2\/media?parent=656"}],"curies":[{"name":"wp","href":"https:\/\/api.w.org\/{rel}","templated":true}]}}