{"id":57,"date":"2017-12-12T14:33:30","date_gmt":"2017-12-12T20:33:30","guid":{"rendered":"http:\/\/www.tamaulipas.gob.mx\/sipinna\/?page_id=57"},"modified":"2023-04-12T14:34:39","modified_gmt":"2023-04-12T20:34:39","slug":"fechas-conmemorativas","status":"publish","type":"page","link":"https:\/\/www.tamaulipas.gob.mx\/sipinna\/fechas-conmemorativas\/","title":{"rendered":"Fechas Conmemorativas"},"content":{"rendered":"<div class=\"col-md-12\">\n<div class='cuadro-interior celeste'><h2>ENERO<\/h2>\n<ul>\n<li>6 de Enero: D\u00eda de Reyes<\/li>\n<li>4 de Enero: D\u00eda del Period\u00edsta<\/li>\n<li>27 de Enero: D\u00eda Internacional de la Conmemoraci\u00f3n Anual en Memoria a las V\u00edctimas de lo Holocausto<\/li>\n<\/ul>\n<\/div>\n<\/div>\n<div class=\"col-md-12\">\n<div class='cuadro-interior azul'><h2>FEBRERO<\/h2>\n<ul>\n<li>5\u00a0 de Febrero: Aniversario de la promulgaci\u00f3n de las Constituciones de 1857 y 1917<\/li>\n<li>11 de Febrero: D\u00eda Internacional de la Ni\u00f1a y la Mujer en la Ciencia<\/li>\n<li>13 de Febrero: D\u00eda Internacional de la Radio<\/li>\n<li>14 de Febrero: D\u00eda del amor y la amistad<\/li>\n<li>15 de Febrero: D\u00eda Internacional del C\u00e1ncer Infantil<\/li>\n<li>19 de Febrero: D\u00eda del Ejercito Mexicano<\/li>\n<li>24 de Febrero: D\u00eda de la Bandera<\/li>\n<\/ul>\n<\/div>\n<\/div>\n<div class=\"col-md-12\">\n<div class='cuadro-interior verde'><h2>MARZO<\/h2>\n<ul>\n<li>1 de Marzo: D\u00eda Mundial para la cero Discriminaci\u00f3n<\/li>\n<li>8 de Marzo: D\u00eda internacional de la Mujer<\/li>\n<li>18 de Marzo: Aniversario de la Expropiaci\u00f3n Petrolera, en 1938<\/li>\n<li>20 de Marzo: D\u00eda Internacional de la Felicidad<\/li>\n<li>21 de Marzo: Aniversario del nacimiento de Benito Ju\u00e1rez, en 1806<\/li>\n<li>30 de Marzo: D\u00eda Internacional de las trabajadoras del Hogar<\/li>\n<\/ul>\n<\/div>\n<\/div>\n<div class=\"col-md-12\">\n<div class='cuadro-interior azul'><h2>ABRIL<\/h2>\n<ul>\n<li>2 de Abril: D\u00eda Mundial sobre la Concienciaci\u00f3n del Autismo<\/li>\n<li>6 de Abril: D\u00eda Internacional del Deporte y la Paz<\/li>\n<li>7 de Abril: D\u00eda Mundial de la Salud<\/li>\n<li>30 de Abril: D\u00eda del Ni\u00f1o y la Ni\u00f1a<\/li>\n<\/ul>\n<\/div>\n<\/div>\n<div class=\"col-md-12\">\n<div class='cuadro-interior azul'><h2>MAYO<\/h2>\n<ul>\n<li>1ero de Mayo: D\u00eda del Trabajo<\/li>\n<li>10 de Mayo: D\u00eda de la Madre<\/li>\n<li>15 de Mayo: D\u00eda del Maestro<\/li>\n<li>17 de Mayo: D\u00eda del Internet<\/li>\n<li>17 de Mayo: D\u00eda Nacional de Lucha contra la Homofobia<\/li>\n<li>21 de Mayo: D\u00eda Mundial de la Diversidad Cultural<\/li>\n<\/ul>\n<\/div>\n<\/div>\n<div class=\"col-md-12\">\n<div class='cuadro-interior azul'><h2>JUNIO<\/h2>\n<ul>\n<li>1ero de Junio: D\u00eda de la Marina Nacional<\/li>\n<li>1ero de Junio: D\u00eda Mundial de las Madres y de los Padres<\/li>\n<li>4 de Junio: D\u00eda Internacional de los ni\u00f1os V\u00edctimas inocentes de la Agresi\u00f3n<\/li>\n<li>8 de Junio: D\u00eda Mundial de los Oc\u00e9anos<\/li>\n<li>10 de Junio: Aniversario de la Reforma Constitucional en Derechos Humanos<\/li>\n<li>12 de Junio: D\u00eda Internacional contra el Trabajo Infantil<\/li>\n<\/ul>\n<\/div>\n<\/div>\n<div class=\"col-md-12\">\n<div class='cuadro-interior azul'><h2>JULIO<\/h2>\n<ul>\n<li>11 de Julio: D\u00eda M\u00fandial de la Poblaci\u00f3n<\/li>\n<li>15 de Julio: D\u00eda Mundial de las Habilidades de la Juventud<\/li>\n<li>18 de Julio: D\u00eda Internacional de Nelson Mandela<\/li>\n<\/ul>\n<\/div>\n<\/div>\n<div class=\"col-md-12\">\n<div class='cuadro-interior azul'><h2>AGOSTO<\/h2>\n<ul>\n<li>9 de Agosto: D\u00eda Internacional de los Pueblos Ind\u00edgenas<\/li>\n<li>12 de Agosto: D\u00eda Internacional de la Juventud<\/li>\n<li>30 de Agosto: D\u00eda Internacional de las V\u00edctimas de Desaparici\u00f3n Forzada<\/li>\n<li>30 de Agosto: D\u00eda Mundial de la Obstreticia<\/li>\n<\/ul>\n<\/div>\n<\/div>\n<div class=\"col-md-12\">\n<div class='cuadro-interior azul'><h2>SEPTIEMBRE<\/h2>\n<ul>\n<li>4 de Septiembre: D\u00eda Mundial de la Salud Sexual<\/li>\n<li>8 de Septiembre: D\u00eda Internacional de la Alfabetizaci\u00f3n<\/li>\n<li>15 de Septiembre: Conmemoraci\u00f3n del Grito de Independencia<\/li>\n<li>15 de Septiembre: D\u00eda Internacional de la Democracia<\/li>\n<li>21 de Septiembre: Aniversario de la Ratificaci\u00f3n de M\u00e9xico de la Convenci\u00f3n de los Derechos del Ni\u00f1o (1990)<\/li>\n<\/ul>\n<\/div>\n<\/div>\n<div class=\"col-md-12\">\n<div class='cuadro-interior azul'><h2>OCTUBRE<\/h2>\n<ul>\n<li>2 de Octubre: D\u00eda Internacional de la No Violencia<\/li>\n<li>11 de Octubre: D\u00eda Internacional de la Ni\u00f1a<\/li>\n<li>16 de Octubre: D\u00eda Mundial de la Alimentaci\u00f3n<\/li>\n<li>19 de Octubre: D\u00eda Nacional contra la Discriminaci\u00f3n<\/li>\n<li>24 de Octubre: D\u00eda de las Naciones Unidas<\/li>\n<\/ul>\n<\/div>\n<\/div>\n<div class=\"col-md-12\">\n<div class='cuadro-interior azul'><h2>NOVIEMBRE<\/h2>\n<ul>\n<li>20 de Noviembre: Aniversarios del inicio de la Revoluci\u00f3n Mexicana, en 1910<\/li>\n<li>23 de Noviembre: D\u00eda de la Armada de M\u00e9xico<\/li>\n<li>25 de Noviembre: D\u00eda Internacional para Eliminar la Violencia contra Mujeres y las Ni\u00f1as<\/li>\n<\/ul>\n<\/div>\n<\/div>\n<div class=\"col-md-12\">\n<div class='cuadro-interior azul'><h2>DICIEMBRE<\/h2>\n<ul>\n<li>3 de Diciembre: D\u00eda Internacional de las Personas con discapacidad<\/li>\n<li>18 de Diciembre: D\u00eda Internacional del Migrante<\/li>\n<li>25 de Diciembre: Navidad<\/li>\n<\/ul>\n<\/div>\n<\/div>\n","protected":false},"excerpt":{"rendered":"","protected":false},"author":7,"featured_media":0,"parent":0,"menu_order":0,"comment_status":"closed","ping_status":"closed","template":"","meta":{"footnotes":""},"class_list":["post-57","page","type-page","status-publish","hentry"],"publishpress_future_action":{"enabled":false,"date":"2026-04-26 07:17:26","action":"change-status","newStatus":"draft","terms":[],"taxonomy":""},"_links":{"self":[{"href":"https:\/\/www.tamaulipas.gob.mx\/sipinna\/wp-json\/wp\/v2\/pages\/57"}],"collection":[{"href":"https:\/\/www.tamaulipas.gob.mx\/sipinna\/wp-json\/wp\/v2\/pages"}],"about":[{"href":"https:\/\/www.tamaulipas.gob.mx\/sipinna\/wp-json\/wp\/v2\/types\/page"}],"author":[{"embeddable":true,"href":"https:\/\/www.tamaulipas.gob.mx\/sipinna\/wp-json\/wp\/v2\/users\/7"}],"replies":[{"embeddable":true,"href":"https:\/\/www.tamaulipas.gob.mx\/sipinna\/wp-json\/wp\/v2\/comments?post=57"}],"version-history":[{"count":12,"href":"https:\/\/www.tamaulipas.gob.mx\/sipinna\/wp-json\/wp\/v2\/pages\/57\/revisions"}],"predecessor-version":[{"id":1053,"href":"https:\/\/www.tamaulipas.gob.mx\/sipinna\/wp-json\/wp\/v2\/pages\/57\/revisions\/1053"}],"wp:attachment":[{"href":"https:\/\/www.tamaulipas.gob.mx\/sipinna\/wp-json\/wp\/v2\/media?parent=57"}],"curies":[{"name":"wp","href":"https:\/\/api.w.org\/{rel}","templated":true}]}}