{"id":28,"date":"2017-12-12T10:54:36","date_gmt":"2017-12-12T16:54:36","guid":{"rendered":"http:\/\/www.tamaulipas.gob.mx\/sipinna\/?page_id=28"},"modified":"2018-12-11T10:13:23","modified_gmt":"2018-12-11T16:13:23","slug":"derechos-de-ninos-ninas-y-adolescentes","status":"publish","type":"page","link":"https:\/\/www.tamaulipas.gob.mx\/sipinna\/derechos-de-ninos-ninas-y-adolescentes\/","title":{"rendered":"Cartilla de los Derechos de Ni\u00f1os, Ni\u00f1as y Adolescentes"},"content":{"rendered":"<p>Conoce cuales son los Derechos de las Ni\u00f1as, Ni\u00f1os y Adolescentes.<\/p>\n\r\n          <style>\r\n          #flipbook {\r\n            margin: 0 auto;\r\n            width: 100%;\r\n            height: 100%;\r\n            -webkit-touch-callout: none;\r\n            -webkit-user-select: none;\r\n            -khtml-user-select: none;\r\n            -moz-user-select: none;\r\n            -ms-user-select: none;\r\n            user-select: none;\r\n          }\r\n          #flipbook div {\r\n              background-size: contain;\r\n              background-position: center center;\r\n              background-repeat: no-repeat;\r\n          }\r\n          <\/style>\r\n\r\n          <script src='https:\/\/www.tamaulipas.gob.mx\/wp-content\/themes\/gobtam-2016\/js\/turn.js'><\/script>\r\n\r\n\r\n          <div id=\"flipbook\">\r\n            <div><\/div>\r\n                            <div style=\"background-image:url(https:\/\/www.tamaulipas.gob.mx\/sipinna\/wp-content\/uploads\/sites\/32\/2018\/12\/04-informe-nyn-pag-73-100-mc-26-1.jpg)\"><\/div>\r\n                            <div style=\"background-image:url(https:\/\/www.tamaulipas.gob.mx\/sipinna\/wp-content\/uploads\/sites\/32\/2018\/12\/04-informe-nyn-pag-73-100-mc-27-1.jpg)\"><\/div>\r\n                            <div style=\"background-image:url(https:\/\/www.tamaulipas.gob.mx\/sipinna\/wp-content\/uploads\/sites\/32\/2018\/12\/04-informe-nyn-pag-73-100-mc-28-1.jpg)\"><\/div>\r\n                      <\/div>\r\n          <script>\r\n            $(window).ready(function(){\r\n                'use strict';\r\n\r\n                var module = {\r\n                    ratio: 2.55,\r\n                    init: function (id) {\r\n                        var me = this;\r\n\r\n                        \/\/ if older browser then don't run javascript\r\n                        if (document.addEventListener) {\r\n                            this.el = document.getElementById(id);\r\n                            this.resize();\r\n                            this.plugins();\r\n\r\n                            \/\/ on window resize, update the plugin size\r\n                            window.addEventListener('resize', function (e) {\r\n                                var size = me.resize();\r\n                                $(me.el).turn('size', size.width, size.height);\r\n                            });\r\n                        }\r\n                    },\r\n                    resize: function () {\r\n                        \/\/ reset the width and height to the css defaults\r\n                        this.el.style.width = '';\r\n                        this.el.style.height = '';\r\n\r\n                        var width = this.el.clientWidth,\r\n                            height = Math.round(width \/ this.ratio),\r\n                            padded = Math.round(document.body.clientHeight * 0.9);\r\n\r\n                        \/\/ if the height is too big for the window, constrain it\r\n                        if (height > padded) {\r\n                            height = padded;\r\n                            width = Math.round(height * this.ratio);\r\n                        }\r\n\r\n                        \/\/ set the width and height matching the aspect ratio\r\n                        this.el.style.width = width + 'px';\r\n                        this.el.style.height = height + 'px';\r\n\r\n                        return {\r\n                            width: width,\r\n                            height: height\r\n                        };\r\n                    },\r\n                    plugins: function () {\r\n                        \/\/ run the plugin\r\n                        $(this.el).turn({\r\n                            display: 'double',\r\n                            acceleration: true,\r\n                            gradients: !$.isTouch,\r\n                            elevation:50,\r\n                            page: 2,\r\n                            when: {       \r\n                              start: function(event, pageObject, corner) {\r\n                                 if (pageObject.next==1) \r\n                                   event.preventDefault();\r\n                              }, \r\n                              turning: function(event, page, view) {\r\n                                 if (page==1)\r\n                                    event.preventDefault();\r\n                              }\r\n                            }\r\n                        });\r\n                        \/\/ hide the body overflow\r\n                        document.body.className = 'hide-overflow';\r\n                    }\r\n                };\r\n\r\n                module.init('flipbook');\r\n            });\r\n          <\/script>\r\n      \n","protected":false},"excerpt":{"rendered":"<p>Conoce cuales son los Derechos de las Ni\u00f1as, Ni\u00f1os y Adolescentes.<\/p>\n","protected":false},"author":7,"featured_media":0,"parent":0,"menu_order":0,"comment_status":"closed","ping_status":"closed","template":"single-sin-sidebar.php","meta":{"footnotes":""},"class_list":["post-28","page","type-page","status-publish","hentry"],"publishpress_future_action":{"enabled":false,"date":"2026-04-11 14:02:20","action":"change-status","newStatus":"draft","terms":[],"taxonomy":""},"_links":{"self":[{"href":"https:\/\/www.tamaulipas.gob.mx\/sipinna\/wp-json\/wp\/v2\/pages\/28"}],"collection":[{"href":"https:\/\/www.tamaulipas.gob.mx\/sipinna\/wp-json\/wp\/v2\/pages"}],"about":[{"href":"https:\/\/www.tamaulipas.gob.mx\/sipinna\/wp-json\/wp\/v2\/types\/page"}],"author":[{"embeddable":true,"href":"https:\/\/www.tamaulipas.gob.mx\/sipinna\/wp-json\/wp\/v2\/users\/7"}],"replies":[{"embeddable":true,"href":"https:\/\/www.tamaulipas.gob.mx\/sipinna\/wp-json\/wp\/v2\/comments?post=28"}],"version-history":[{"count":5,"href":"https:\/\/www.tamaulipas.gob.mx\/sipinna\/wp-json\/wp\/v2\/pages\/28\/revisions"}],"predecessor-version":[{"id":651,"href":"https:\/\/www.tamaulipas.gob.mx\/sipinna\/wp-json\/wp\/v2\/pages\/28\/revisions\/651"}],"wp:attachment":[{"href":"https:\/\/www.tamaulipas.gob.mx\/sipinna\/wp-json\/wp\/v2\/media?parent=28"}],"curies":[{"name":"wp","href":"https:\/\/api.w.org\/{rel}","templated":true}]}}