{"id":2303,"date":"2026-02-17T15:47:12","date_gmt":"2026-02-17T21:47:12","guid":{"rendered":"https:\/\/www.tamaulipas.gob.mx\/sipinna\/?page_id=2303"},"modified":"2026-02-17T15:47:12","modified_gmt":"2026-02-17T21:47:12","slug":"cartilla-para-la-prevencion-y-respuesta-ante-la-violencia-sexual-contra-ninas-ninos-y-adolescentes","status":"publish","type":"page","link":"https:\/\/www.tamaulipas.gob.mx\/sipinna\/cartilla-para-la-prevencion-y-respuesta-ante-la-violencia-sexual-contra-ninas-ninos-y-adolescentes\/","title":{"rendered":"CARTILLA PARA LA PREVENCI\u00d3N Y RESPUESTA ANTE LA VIOLENCIA SEXUAL CONTRA NI\u00d1AS, NI\u00d1OS Y ADOLESCENTES"},"content":{"rendered":"<p><a href=\"https:\/\/www.tamaulipas.gob.mx\/sipinna\/wp-content\/uploads\/sites\/32\/2026\/02\/cartilla-sipinna.pdf\">https:\/\/www.tamaulipas.gob.mx\/sipinna\/wp-content\/uploads\/sites\/32\/2026\/02\/cartilla-sipinna.pdf<\/a><\/p>\n","protected":false},"excerpt":{"rendered":"<p>https:\/\/www.tamaulipas.gob.mx\/sipinna\/wp-content\/uploads\/sites\/32\/2026\/02\/cartilla-sipinna.pdf<\/p>\n","protected":false},"author":358,"featured_media":0,"parent":0,"menu_order":0,"comment_status":"closed","ping_status":"closed","template":"","meta":{"footnotes":""},"class_list":["post-2303","page","type-page","status-publish","hentry"],"publishpress_future_action":{"enabled":false,"date":"2026-04-11 10:40:52","action":"change-status","newStatus":"draft","terms":[],"taxonomy":""},"_links":{"self":[{"href":"https:\/\/www.tamaulipas.gob.mx\/sipinna\/wp-json\/wp\/v2\/pages\/2303"}],"collection":[{"href":"https:\/\/www.tamaulipas.gob.mx\/sipinna\/wp-json\/wp\/v2\/pages"}],"about":[{"href":"https:\/\/www.tamaulipas.gob.mx\/sipinna\/wp-json\/wp\/v2\/types\/page"}],"author":[{"embeddable":true,"href":"https:\/\/www.tamaulipas.gob.mx\/sipinna\/wp-json\/wp\/v2\/users\/358"}],"replies":[{"embeddable":true,"href":"https:\/\/www.tamaulipas.gob.mx\/sipinna\/wp-json\/wp\/v2\/comments?post=2303"}],"version-history":[{"count":1,"href":"https:\/\/www.tamaulipas.gob.mx\/sipinna\/wp-json\/wp\/v2\/pages\/2303\/revisions"}],"predecessor-version":[{"id":2304,"href":"https:\/\/www.tamaulipas.gob.mx\/sipinna\/wp-json\/wp\/v2\/pages\/2303\/revisions\/2304"}],"wp:attachment":[{"href":"https:\/\/www.tamaulipas.gob.mx\/sipinna\/wp-json\/wp\/v2\/media?parent=2303"}],"curies":[{"name":"wp","href":"https:\/\/api.w.org\/{rel}","templated":true}]}}