{"id":2291,"date":"2026-01-28T15:42:28","date_gmt":"2026-01-28T21:42:28","guid":{"rendered":"https:\/\/www.tamaulipas.gob.mx\/sipinna\/?page_id=2291"},"modified":"2026-01-28T15:42:28","modified_gmt":"2026-01-28T21:42:28","slug":"guia-basica-de-comunicacion-con-enfoque-de-derechos-de-ninas-ninos-y-adolescentes","status":"publish","type":"page","link":"https:\/\/www.tamaulipas.gob.mx\/sipinna\/guia-basica-de-comunicacion-con-enfoque-de-derechos-de-ninas-ninos-y-adolescentes\/","title":{"rendered":"GU\u00cdA BASICA DE COMUNICACI\u00d3N CON ENFOQUE DE DERECHOS DE NI\u00d1AS, NI\u00d1OS Y ADOLESCENTES"},"content":{"rendered":"<p><a href=\"https:\/\/www.tamaulipas.gob.mx\/sipinna\/wp-content\/uploads\/sites\/32\/2026\/01\/guia-basica-sippina.pdf\">https:\/\/www.tamaulipas.gob.mx\/sipinna\/wp-content\/uploads\/sites\/32\/2026\/01\/guia-basica-sippina.pdf<\/a><\/p>\n","protected":false},"excerpt":{"rendered":"<p>https:\/\/www.tamaulipas.gob.mx\/sipinna\/wp-content\/uploads\/sites\/32\/2026\/01\/guia-basica-sippina.pdf<\/p>\n","protected":false},"author":358,"featured_media":0,"parent":0,"menu_order":0,"comment_status":"closed","ping_status":"closed","template":"","meta":{"footnotes":""},"class_list":["post-2291","page","type-page","status-publish","hentry"],"publishpress_future_action":{"enabled":false,"date":"2026-04-12 06:50:39","action":"change-status","newStatus":"draft","terms":[],"taxonomy":""},"_links":{"self":[{"href":"https:\/\/www.tamaulipas.gob.mx\/sipinna\/wp-json\/wp\/v2\/pages\/2291"}],"collection":[{"href":"https:\/\/www.tamaulipas.gob.mx\/sipinna\/wp-json\/wp\/v2\/pages"}],"about":[{"href":"https:\/\/www.tamaulipas.gob.mx\/sipinna\/wp-json\/wp\/v2\/types\/page"}],"author":[{"embeddable":true,"href":"https:\/\/www.tamaulipas.gob.mx\/sipinna\/wp-json\/wp\/v2\/users\/358"}],"replies":[{"embeddable":true,"href":"https:\/\/www.tamaulipas.gob.mx\/sipinna\/wp-json\/wp\/v2\/comments?post=2291"}],"version-history":[{"count":1,"href":"https:\/\/www.tamaulipas.gob.mx\/sipinna\/wp-json\/wp\/v2\/pages\/2291\/revisions"}],"predecessor-version":[{"id":2292,"href":"https:\/\/www.tamaulipas.gob.mx\/sipinna\/wp-json\/wp\/v2\/pages\/2291\/revisions\/2292"}],"wp:attachment":[{"href":"https:\/\/www.tamaulipas.gob.mx\/sipinna\/wp-json\/wp\/v2\/media?parent=2291"}],"curies":[{"name":"wp","href":"https:\/\/api.w.org\/{rel}","templated":true}]}}