{"id":2274,"date":"2026-01-21T11:26:37","date_gmt":"2026-01-21T17:26:37","guid":{"rendered":"https:\/\/www.tamaulipas.gob.mx\/sipinna\/?page_id=2274"},"modified":"2026-01-21T11:26:37","modified_gmt":"2026-01-21T17:26:37","slug":"diagnostico-de-la-situacion-de-ninas-ninos-y-adolescentes-mmigrantes-en-el-estado-de-tamaulipas","status":"publish","type":"page","link":"https:\/\/www.tamaulipas.gob.mx\/sipinna\/diagnostico-de-la-situacion-de-ninas-ninos-y-adolescentes-mmigrantes-en-el-estado-de-tamaulipas\/","title":{"rendered":"Diagnostico de la situaci\u00f3n de ni\u00f1as, ni\u00f1os y adolescentes mmigrantes en el Estado de Tamaulipas"},"content":{"rendered":"<p><a href=\"https:\/\/www.tamaulipas.gob.mx\/sipinna\/wp-content\/uploads\/sites\/32\/2026\/01\/diagnostico-de-la-situacion-de-ninas-ninos-y-adolescentes-migrantes-en-el-estado-de-tamaulipas-1.pdf\">https:\/\/www.tamaulipas.gob.mx\/sipinna\/wp-content\/uploads\/sites\/32\/2026\/01\/diagnostico-de-la-situacion-de-ninas-ninos-y-adolescentes-migrantes-en-el-estado-de-tamaulipas-1.pdf<\/a><\/p>\n","protected":false},"excerpt":{"rendered":"<p>https:\/\/www.tamaulipas.gob.mx\/sipinna\/wp-content\/uploads\/sites\/32\/2026\/01\/diagnostico-de-la-situacion-de-ninas-ninos-y-adolescentes-migrantes-en-el-estado-de-tamaulipas-1.pdf<\/p>\n","protected":false},"author":358,"featured_media":0,"parent":0,"menu_order":0,"comment_status":"closed","ping_status":"closed","template":"","meta":{"footnotes":""},"class_list":["post-2274","page","type-page","status-publish","hentry"],"publishpress_future_action":{"enabled":false,"date":"2026-04-12 00:11:26","action":"change-status","newStatus":"draft","terms":[],"taxonomy":""},"_links":{"self":[{"href":"https:\/\/www.tamaulipas.gob.mx\/sipinna\/wp-json\/wp\/v2\/pages\/2274"}],"collection":[{"href":"https:\/\/www.tamaulipas.gob.mx\/sipinna\/wp-json\/wp\/v2\/pages"}],"about":[{"href":"https:\/\/www.tamaulipas.gob.mx\/sipinna\/wp-json\/wp\/v2\/types\/page"}],"author":[{"embeddable":true,"href":"https:\/\/www.tamaulipas.gob.mx\/sipinna\/wp-json\/wp\/v2\/users\/358"}],"replies":[{"embeddable":true,"href":"https:\/\/www.tamaulipas.gob.mx\/sipinna\/wp-json\/wp\/v2\/comments?post=2274"}],"version-history":[{"count":1,"href":"https:\/\/www.tamaulipas.gob.mx\/sipinna\/wp-json\/wp\/v2\/pages\/2274\/revisions"}],"predecessor-version":[{"id":2275,"href":"https:\/\/www.tamaulipas.gob.mx\/sipinna\/wp-json\/wp\/v2\/pages\/2274\/revisions\/2275"}],"wp:attachment":[{"href":"https:\/\/www.tamaulipas.gob.mx\/sipinna\/wp-json\/wp\/v2\/media?parent=2274"}],"curies":[{"name":"wp","href":"https:\/\/api.w.org\/{rel}","templated":true}]}}