{"id":2259,"date":"2026-01-16T12:10:50","date_gmt":"2026-01-16T18:10:50","guid":{"rendered":"https:\/\/www.tamaulipas.gob.mx\/sipinna\/?page_id=2259"},"modified":"2026-01-16T12:10:50","modified_gmt":"2026-01-16T18:10:50","slug":"ruta-de-proteccion-integral-de-los-derechos-de-nna-en-situacion-de-migracion-oim","status":"publish","type":"page","link":"https:\/\/www.tamaulipas.gob.mx\/sipinna\/ruta-de-proteccion-integral-de-los-derechos-de-nna-en-situacion-de-migracion-oim\/","title":{"rendered":"RUTA DE PROTECCI\u00d3N INTEGRAL DE LOS DERECHOS DE NNA EN SITUACI\u00d3N DE MIGRACI\u00d3N OIM"},"content":{"rendered":"<p><a href=\"https:\/\/www.tamaulipas.gob.mx\/sipinna\/wp-content\/uploads\/sites\/32\/2026\/01\/ruta-de-proteccion-integral-de-los-derechos-de-nna-en-situacion-de-migracion-oim.pdf\">ruta-de-proteccion-integral-de-los-derechos-de-nna-en-situacion-de-migracion-oim<\/a><\/p>\n","protected":false},"excerpt":{"rendered":"<p>ruta-de-proteccion-integral-de-los-derechos-de-nna-en-situacion-de-migracion-oim<\/p>\n","protected":false},"author":358,"featured_media":0,"parent":0,"menu_order":0,"comment_status":"closed","ping_status":"closed","template":"","meta":{"footnotes":""},"class_list":["post-2259","page","type-page","status-publish","hentry"],"publishpress_future_action":{"enabled":false,"date":"2026-04-26 08:54:52","action":"change-status","newStatus":"draft","terms":[],"taxonomy":""},"_links":{"self":[{"href":"https:\/\/www.tamaulipas.gob.mx\/sipinna\/wp-json\/wp\/v2\/pages\/2259"}],"collection":[{"href":"https:\/\/www.tamaulipas.gob.mx\/sipinna\/wp-json\/wp\/v2\/pages"}],"about":[{"href":"https:\/\/www.tamaulipas.gob.mx\/sipinna\/wp-json\/wp\/v2\/types\/page"}],"author":[{"embeddable":true,"href":"https:\/\/www.tamaulipas.gob.mx\/sipinna\/wp-json\/wp\/v2\/users\/358"}],"replies":[{"embeddable":true,"href":"https:\/\/www.tamaulipas.gob.mx\/sipinna\/wp-json\/wp\/v2\/comments?post=2259"}],"version-history":[{"count":1,"href":"https:\/\/www.tamaulipas.gob.mx\/sipinna\/wp-json\/wp\/v2\/pages\/2259\/revisions"}],"predecessor-version":[{"id":2260,"href":"https:\/\/www.tamaulipas.gob.mx\/sipinna\/wp-json\/wp\/v2\/pages\/2259\/revisions\/2260"}],"wp:attachment":[{"href":"https:\/\/www.tamaulipas.gob.mx\/sipinna\/wp-json\/wp\/v2\/media?parent=2259"}],"curies":[{"name":"wp","href":"https:\/\/api.w.org\/{rel}","templated":true}]}}