{"id":2207,"date":"2025-09-02T10:06:54","date_gmt":"2025-09-02T16:06:54","guid":{"rendered":"https:\/\/www.tamaulipas.gob.mx\/sipinna\/?page_id=2207"},"modified":"2025-09-02T10:08:53","modified_gmt":"2025-09-02T16:08:53","slug":"manual-para-la-elaboracion-del-protocolo-local-de-prevencion-primaria-atencion-deteccion-intervencion-notificacion-canalizacion-y-seguimiento-y-medidas-de-no-repeticion-prevencion-secunda","status":"publish","type":"page","link":"https:\/\/www.tamaulipas.gob.mx\/sipinna\/manual-para-la-elaboracion-del-protocolo-local-de-prevencion-primaria-atencion-deteccion-intervencion-notificacion-canalizacion-y-seguimiento-y-medidas-de-no-repeticion-prevencion-secunda\/","title":{"rendered":"Manual para la elaboraci\u00f3n del  protocolo local de prevenci\u00f3n  primaria, atenci\u00f3n (detecci\u00f3n,  intervenci\u00f3n, notificaci\u00f3n,  canalizaci\u00f3n y seguimiento)  y medidas de no repetici\u00f3n  (prevenci\u00f3n secundaria) para la  erradicaci\u00f3n de la violencia sexual  en educaci\u00f3n b\u00e1sica."},"content":{"rendered":"<p><a href=\"https:\/\/www.tamaulipas.gob.mx\/sipinna\/wp-content\/uploads\/sites\/32\/2025\/09\/ywzamrqrg2-manual_violencia_sexual_24_junio_2025.pdf\">Manual para la elaboraci\u00f3n del protocolo local de prevenci\u00f3n primaria, atenci\u00f3n (detecci\u00f3n,<\/a><br \/>\nintervenci\u00f3n, notificaci\u00f3n, canalizaci\u00f3n y seguimiento)y medidas de no repetici\u00f3n (prevenci\u00f3n secundaria) para la erradicaci\u00f3n de la violencia sexual en educaci\u00f3n b\u00e1sica.<\/p>\n","protected":false},"excerpt":{"rendered":"<p>Manual para la elaboraci\u00f3n del protocolo local de prevenci\u00f3n primaria, atenci\u00f3n (detecci\u00f3n, intervenci\u00f3n, notificaci\u00f3n, canalizaci\u00f3n y seguimiento)y medidas de no repetici\u00f3n (prevenci\u00f3n secundaria) para la\u2026<\/p>\n","protected":false},"author":358,"featured_media":0,"parent":0,"menu_order":0,"comment_status":"closed","ping_status":"closed","template":"","meta":{"footnotes":""},"class_list":["post-2207","page","type-page","status-publish","hentry"],"publishpress_future_action":{"enabled":false,"date":"2026-04-26 08:54:36","action":"change-status","newStatus":"draft","terms":[],"taxonomy":""},"_links":{"self":[{"href":"https:\/\/www.tamaulipas.gob.mx\/sipinna\/wp-json\/wp\/v2\/pages\/2207"}],"collection":[{"href":"https:\/\/www.tamaulipas.gob.mx\/sipinna\/wp-json\/wp\/v2\/pages"}],"about":[{"href":"https:\/\/www.tamaulipas.gob.mx\/sipinna\/wp-json\/wp\/v2\/types\/page"}],"author":[{"embeddable":true,"href":"https:\/\/www.tamaulipas.gob.mx\/sipinna\/wp-json\/wp\/v2\/users\/358"}],"replies":[{"embeddable":true,"href":"https:\/\/www.tamaulipas.gob.mx\/sipinna\/wp-json\/wp\/v2\/comments?post=2207"}],"version-history":[{"count":2,"href":"https:\/\/www.tamaulipas.gob.mx\/sipinna\/wp-json\/wp\/v2\/pages\/2207\/revisions"}],"predecessor-version":[{"id":2209,"href":"https:\/\/www.tamaulipas.gob.mx\/sipinna\/wp-json\/wp\/v2\/pages\/2207\/revisions\/2209"}],"wp:attachment":[{"href":"https:\/\/www.tamaulipas.gob.mx\/sipinna\/wp-json\/wp\/v2\/media?parent=2207"}],"curies":[{"name":"wp","href":"https:\/\/api.w.org\/{rel}","templated":true}]}}