{"id":22,"date":"2017-12-12T10:46:46","date_gmt":"2017-12-12T16:46:46","guid":{"rendered":"http:\/\/www.tamaulipas.gob.mx\/sipinna\/?page_id=22"},"modified":"2017-12-12T10:46:46","modified_gmt":"2017-12-12T16:46:46","slug":"atribuciones-secretaria-ejecutiva","status":"publish","type":"page","link":"https:\/\/www.tamaulipas.gob.mx\/sipinna\/atribuciones-secretaria-ejecutiva\/","title":{"rendered":"Atribuciones Secretar\u00eda Ejecutiva"},"content":{"rendered":"<ul>\n<li>Coordinar las acciones entre las dependencias y las entidades competentes de la Administraci\u00f3n P\u00fablica Estatal<\/li>\n<li>Llevar a cabo el seguimiento y monitoreo de la ejecuci\u00f3n del Programa<\/li>\n<li>Compilar los acuerdos que se tomen en el Sistema Estatal de Protecci\u00f3n, llevar el archivo de \u00e9stos y de los instrumentos jur\u00eddicos que deriven, y expedir constancia de los mismos<\/li>\n<li>Apoyar al Sistema Estatal de Protecci\u00f3n en la ejecuci\u00f3n y seguimiento de los acuerdos y resoluciones emitidos<\/li>\n<li>Celebrar convenios de coordinaci\u00f3n, colaboraci\u00f3n y concertaci\u00f3n con instancias p\u00fablicas y privadas, estatales, municipales, nacionales e internacionales<\/li>\n<li>Administrar el sistema de informaci\u00f3n a nivel estatal<\/li>\n<li>Realizar y promover estudios e investigaciones para fortalecer las acciones en favor de la atenci\u00f3n, defensa y protecci\u00f3n de ni\u00f1as, ni\u00f1os y adolescentes con el fin de difundirlos a las autoridades competentes y a los sectores social y privado para su incorporaci\u00f3n en los programas respectivos<\/li>\n<li>Difundir entre las autoridades correspondientes y la poblaci\u00f3n en general los resultados de los trabajos que realice,<\/li>\n<li>Asesorar y apoyar a los gobiernos de los Ayuntamientos<\/li>\n<li>Coordinar, con las Secretar\u00edas Ejecutivas de los Sistemas Municipales la articulaci\u00f3n de la pol\u00edtica estatal, as\u00ed como el intercambio de informaci\u00f3n necesaria<\/li>\n<\/ul>\n","protected":false},"excerpt":{"rendered":"<p>Coordinar las acciones entre las dependencias y las entidades competentes de la Administraci\u00f3n P\u00fablica Estatal Llevar a cabo el seguimiento y monitoreo de la ejecuci\u00f3n\u2026<\/p>\n","protected":false},"author":7,"featured_media":0,"parent":0,"menu_order":0,"comment_status":"closed","ping_status":"closed","template":"","meta":{"footnotes":""},"class_list":["post-22","page","type-page","status-publish","hentry"],"publishpress_future_action":{"enabled":false,"date":"2026-04-26 10:21:03","action":"change-status","newStatus":"draft","terms":[],"taxonomy":""},"_links":{"self":[{"href":"https:\/\/www.tamaulipas.gob.mx\/sipinna\/wp-json\/wp\/v2\/pages\/22"}],"collection":[{"href":"https:\/\/www.tamaulipas.gob.mx\/sipinna\/wp-json\/wp\/v2\/pages"}],"about":[{"href":"https:\/\/www.tamaulipas.gob.mx\/sipinna\/wp-json\/wp\/v2\/types\/page"}],"author":[{"embeddable":true,"href":"https:\/\/www.tamaulipas.gob.mx\/sipinna\/wp-json\/wp\/v2\/users\/7"}],"replies":[{"embeddable":true,"href":"https:\/\/www.tamaulipas.gob.mx\/sipinna\/wp-json\/wp\/v2\/comments?post=22"}],"version-history":[{"count":2,"href":"https:\/\/www.tamaulipas.gob.mx\/sipinna\/wp-json\/wp\/v2\/pages\/22\/revisions"}],"predecessor-version":[{"id":756,"href":"https:\/\/www.tamaulipas.gob.mx\/sipinna\/wp-json\/wp\/v2\/pages\/22\/revisions\/756"}],"wp:attachment":[{"href":"https:\/\/www.tamaulipas.gob.mx\/sipinna\/wp-json\/wp\/v2\/media?parent=22"}],"curies":[{"name":"wp","href":"https:\/\/api.w.org\/{rel}","templated":true}]}}