{"id":2095,"date":"2025-05-09T10:22:56","date_gmt":"2025-05-09T16:22:56","guid":{"rendered":"https:\/\/www.tamaulipas.gob.mx\/sipinna\/?page_id=2095"},"modified":"2025-05-09T10:22:56","modified_gmt":"2025-05-09T16:22:56","slug":"procuraduria-de-la-nina-nino-y-adolescente-mante-tamaulipas","status":"publish","type":"page","link":"https:\/\/www.tamaulipas.gob.mx\/sipinna\/procuraduria-de-la-nina-nino-y-adolescente-mante-tamaulipas\/","title":{"rendered":"Procuradur\u00eda de la Ni\u00f1a, Ni\u00f1o y Adolescente, Mante Tamaulipas"},"content":{"rendered":"<div class='owl-gallery'><div class='item'><a href='https:\/\/www.tamaulipas.gob.mx\/sipinna\/wp-content\/uploads\/sites\/32\/2025\/05\/whatsapp-image-2025-05-09-at-10.20.46-am.jpeg' rel='galeria'><img src='https:\/\/www.tamaulipas.gob.mx\/sipinna\/wp-content\/uploads\/sites\/32\/2025\/05\/whatsapp-image-2025-05-09-at-10.20.46-am-850x500.jpeg' srcset='' sizes='auto' alt=''><\/a><figcaption><\/figcaption><\/div><div class='item'><a href='https:\/\/www.tamaulipas.gob.mx\/sipinna\/wp-content\/uploads\/sites\/32\/2025\/05\/whatsapp-image-2025-05-09-at-10.11.41-am.jpeg' rel='galeria'><img src='https:\/\/www.tamaulipas.gob.mx\/sipinna\/wp-content\/uploads\/sites\/32\/2025\/05\/whatsapp-image-2025-05-09-at-10.11.41-am-850x500.jpeg' srcset='' sizes='auto' alt=''><\/a><figcaption><\/figcaption><\/div><div class='item'><a href='https:\/\/www.tamaulipas.gob.mx\/sipinna\/wp-content\/uploads\/sites\/32\/2025\/05\/whatsapp-image-2025-05-09-at-10.11.42-am.jpeg' rel='galeria'><img src='https:\/\/www.tamaulipas.gob.mx\/sipinna\/wp-content\/uploads\/sites\/32\/2025\/05\/whatsapp-image-2025-05-09-at-10.11.42-am-850x500.jpeg' srcset='' sizes='auto' alt=''><\/a><figcaption><\/figcaption><\/div><div class='item'><a href='https:\/\/www.tamaulipas.gob.mx\/sipinna\/wp-content\/uploads\/sites\/32\/2025\/05\/whatsapp-image-2025-05-09-at-10.11.43-am.jpeg' rel='galeria'><img src='https:\/\/www.tamaulipas.gob.mx\/sipinna\/wp-content\/uploads\/sites\/32\/2025\/05\/whatsapp-image-2025-05-09-at-10.11.43-am-850x500.jpeg' srcset='' sizes='auto' alt=''><\/a><figcaption><\/figcaption><\/div><\/div>\n","protected":false},"excerpt":{"rendered":"","protected":false},"author":358,"featured_media":2091,"parent":0,"menu_order":0,"comment_status":"closed","ping_status":"closed","template":"","meta":{"footnotes":""},"class_list":["post-2095","page","type-page","status-publish","has-post-thumbnail","hentry"],"publishpress_future_action":{"enabled":false,"date":"2026-04-22 22:50:34","action":"change-status","newStatus":"draft","terms":[],"taxonomy":""},"_links":{"self":[{"href":"https:\/\/www.tamaulipas.gob.mx\/sipinna\/wp-json\/wp\/v2\/pages\/2095"}],"collection":[{"href":"https:\/\/www.tamaulipas.gob.mx\/sipinna\/wp-json\/wp\/v2\/pages"}],"about":[{"href":"https:\/\/www.tamaulipas.gob.mx\/sipinna\/wp-json\/wp\/v2\/types\/page"}],"author":[{"embeddable":true,"href":"https:\/\/www.tamaulipas.gob.mx\/sipinna\/wp-json\/wp\/v2\/users\/358"}],"replies":[{"embeddable":true,"href":"https:\/\/www.tamaulipas.gob.mx\/sipinna\/wp-json\/wp\/v2\/comments?post=2095"}],"version-history":[{"count":1,"href":"https:\/\/www.tamaulipas.gob.mx\/sipinna\/wp-json\/wp\/v2\/pages\/2095\/revisions"}],"predecessor-version":[{"id":2096,"href":"https:\/\/www.tamaulipas.gob.mx\/sipinna\/wp-json\/wp\/v2\/pages\/2095\/revisions\/2096"}],"wp:featuredmedia":[{"embeddable":true,"href":"https:\/\/www.tamaulipas.gob.mx\/sipinna\/wp-json\/wp\/v2\/media\/2091"}],"wp:attachment":[{"href":"https:\/\/www.tamaulipas.gob.mx\/sipinna\/wp-json\/wp\/v2\/media?parent=2095"}],"curies":[{"name":"wp","href":"https:\/\/api.w.org\/{rel}","templated":true}]}}