{"id":2074,"date":"2025-05-06T15:30:40","date_gmt":"2025-05-06T21:30:40","guid":{"rendered":"https:\/\/www.tamaulipas.gob.mx\/sipinna\/?page_id=2074"},"modified":"2025-05-06T15:30:40","modified_gmt":"2025-05-06T21:30:40","slug":"procuraduria-de-proteccion-de-ninas-ninos-y-adolescentes-sistema-estatal-de-proteccion-integral-de-nna-en-ciudad-victoria-tamaulipas","status":"publish","type":"page","link":"https:\/\/www.tamaulipas.gob.mx\/sipinna\/procuraduria-de-proteccion-de-ninas-ninos-y-adolescentes-sistema-estatal-de-proteccion-integral-de-nna-en-ciudad-victoria-tamaulipas\/","title":{"rendered":"Procuradur\u00eda de Protecci\u00f3n de Ni\u00f1as, Ni\u00f1os y Adolescentes, Sistema Estatal de Protecci\u00f3n Integral De NNA, En Ciudad Victoria Tamaulipas"},"content":{"rendered":"<!--[if lt IE 9]><script>document.createElement('video');<\/script><![endif]-->\n\t<div class=\"wp-playlist wp-video-playlist wp-playlist-light\">\n\t\t<video controls=\"controls\" preload=\"none\" width=\"640\"\n\t\t height=\"360\"\t><\/video>\n\t<div class=\"wp-playlist-next\"><\/div>\n\t<div class=\"wp-playlist-prev\"><\/div>\n\t<noscript>\n\t<ol>\n\t\t<li><a href='https:\/\/www.tamaulipas.gob.mx\/sipinna\/wp-content\/uploads\/sites\/32\/2025\/05\/procuraduria-sgg.mp4'>procuraduria-sgg<\/a><\/li><li><a href='https:\/\/www.tamaulipas.gob.mx\/sipinna\/wp-content\/uploads\/sites\/32\/2025\/05\/procuraduria.mp4'>procuraduria<\/a><\/li><li><a href='https:\/\/www.tamaulipas.gob.mx\/sipinna\/wp-content\/uploads\/sites\/32\/2025\/05\/procuraduria-dif.mov'>procuraduria-dif<\/a><\/li>\t<\/ol>\n\t<\/noscript>\n\t<script type=\"application\/json\" class=\"wp-playlist-script\">{\"type\":\"video\",\"tracklist\":true,\"tracknumbers\":true,\"images\":true,\"artists\":true,\"tracks\":[{\"src\":\"https:\\\/\\\/www.tamaulipas.gob.mx\\\/sipinna\\\/wp-content\\\/uploads\\\/sites\\\/32\\\/2025\\\/05\\\/procuraduria-sgg.mp4\",\"type\":\"video\\\/mp4\",\"title\":\"procuraduria-sgg\",\"caption\":\"\",\"description\":\"\",\"meta\":{\"length_formatted\":\"1:02\"},\"dimensions\":{\"original\":{\"width\":480,\"height\":816},\"resized\":{\"width\":640,\"height\":1088}},\"image\":{\"src\":\"https:\\\/\\\/www.tamaulipas.gob.mx\\\/sipinna\\\/wp-includes\\\/images\\\/media\\\/video.svg\",\"width\":48,\"height\":64},\"thumb\":{\"src\":\"https:\\\/\\\/www.tamaulipas.gob.mx\\\/sipinna\\\/wp-includes\\\/images\\\/media\\\/video.svg\",\"width\":48,\"height\":64}},{\"src\":\"https:\\\/\\\/www.tamaulipas.gob.mx\\\/sipinna\\\/wp-content\\\/uploads\\\/sites\\\/32\\\/2025\\\/05\\\/procuraduria.mp4\",\"type\":\"video\\\/mp4\",\"title\":\"procuraduria\",\"caption\":\"\",\"description\":\"\",\"meta\":{\"length_formatted\":\"0:13\"},\"dimensions\":{\"original\":{\"width\":480,\"height\":848},\"resized\":{\"width\":640,\"height\":1131}},\"image\":{\"src\":\"https:\\\/\\\/www.tamaulipas.gob.mx\\\/sipinna\\\/wp-includes\\\/images\\\/media\\\/video.svg\",\"width\":48,\"height\":64},\"thumb\":{\"src\":\"https:\\\/\\\/www.tamaulipas.gob.mx\\\/sipinna\\\/wp-includes\\\/images\\\/media\\\/video.svg\",\"width\":48,\"height\":64}},{\"src\":\"https:\\\/\\\/www.tamaulipas.gob.mx\\\/sipinna\\\/wp-content\\\/uploads\\\/sites\\\/32\\\/2025\\\/05\\\/procuraduria-dif.mov\",\"type\":\"video\\\/quicktime\",\"title\":\"procuraduria-dif\",\"caption\":\"\",\"description\":\"\",\"meta\":{\"length_formatted\":\"0:47\"},\"dimensions\":{\"original\":{\"width\":1920,\"height\":1080},\"resized\":{\"width\":640,\"height\":360}},\"image\":{\"src\":\"https:\\\/\\\/www.tamaulipas.gob.mx\\\/sipinna\\\/wp-includes\\\/images\\\/media\\\/video.svg\",\"width\":48,\"height\":64},\"thumb\":{\"src\":\"https:\\\/\\\/www.tamaulipas.gob.mx\\\/sipinna\\\/wp-includes\\\/images\\\/media\\\/video.svg\",\"width\":48,\"height\":64}}]}<\/script>\n<\/div>\n\t\n","protected":false},"excerpt":{"rendered":"","protected":false},"author":358,"featured_media":0,"parent":0,"menu_order":0,"comment_status":"closed","ping_status":"closed","template":"","meta":{"footnotes":""},"class_list":["post-2074","page","type-page","status-publish","hentry"],"publishpress_future_action":{"enabled":false,"date":"2026-04-11 17:50:51","action":"change-status","newStatus":"draft","terms":[],"taxonomy":""},"_links":{"self":[{"href":"https:\/\/www.tamaulipas.gob.mx\/sipinna\/wp-json\/wp\/v2\/pages\/2074"}],"collection":[{"href":"https:\/\/www.tamaulipas.gob.mx\/sipinna\/wp-json\/wp\/v2\/pages"}],"about":[{"href":"https:\/\/www.tamaulipas.gob.mx\/sipinna\/wp-json\/wp\/v2\/types\/page"}],"author":[{"embeddable":true,"href":"https:\/\/www.tamaulipas.gob.mx\/sipinna\/wp-json\/wp\/v2\/users\/358"}],"replies":[{"embeddable":true,"href":"https:\/\/www.tamaulipas.gob.mx\/sipinna\/wp-json\/wp\/v2\/comments?post=2074"}],"version-history":[{"count":1,"href":"https:\/\/www.tamaulipas.gob.mx\/sipinna\/wp-json\/wp\/v2\/pages\/2074\/revisions"}],"predecessor-version":[{"id":2075,"href":"https:\/\/www.tamaulipas.gob.mx\/sipinna\/wp-json\/wp\/v2\/pages\/2074\/revisions\/2075"}],"wp:attachment":[{"href":"https:\/\/www.tamaulipas.gob.mx\/sipinna\/wp-json\/wp\/v2\/media?parent=2074"}],"curies":[{"name":"wp","href":"https:\/\/api.w.org\/{rel}","templated":true}]}}