{"id":2017,"date":"2025-01-09T13:20:49","date_gmt":"2025-01-09T19:20:49","guid":{"rendered":"https:\/\/www.tamaulipas.gob.mx\/sipinna\/?page_id=2017"},"modified":"2025-01-09T13:20:49","modified_gmt":"2025-01-09T19:20:49","slug":"grupo-estatal-para-la-prevencion-del-embarazo-adolescente-gepea","status":"publish","type":"page","link":"https:\/\/www.tamaulipas.gob.mx\/sipinna\/grupo-estatal-para-la-prevencion-del-embarazo-adolescente-gepea\/","title":{"rendered":"Grupo Estatal para la Prevenci\u00f3n del Embarazo Adolescente (GEPEA)"},"content":{"rendered":"<p style=\"text-align: justify;\">El embarazo en adolescentes en M\u00e9xico, es un grave problema de salud p\u00fablica y en algunos casos, una violaci\u00f3n a los derechos humanos de ni\u00f1as y adolescentes, que pone en riesgo su vida y su integridad, adem\u00e1s de construir un obst\u00e1culo para su desarrollo personal, social y profesional, limitando sus competencias y habilidades. Ello requiere la total atenci\u00f3n y coordinaci\u00f3n de las pol\u00edticas p\u00fablicas que tienen la responsabilidad de prevenir y atender este problema de manera integral y en forma articulada con todas las Dependencias involucradas en el tema.<\/p>\n<p style=\"text-align: justify;\">Por ello, la prevenci\u00f3n y la atenci\u00f3n al embarazo en adolescentes debe realizarse con pleno respeto a sus derechos humanos, particularmente de los derechos sexuales y reproductivos, en un marco de intersectorialidad, para favorecer su desarrollo social, con la premisa de que un solo sector no puede solucionar el problema. Por lo que la salud sexual y reproductiva debe formar parte del eje transversal de las pol\u00edticas p\u00fablicas, adem\u00e1s de construir un componente prioritario en las pol\u00edticas sectoriales de salud, educaci\u00f3n y desarrollo social.<\/p>\n<p style=\"text-align: justify;\">Para la prevenci\u00f3n del embarazo en adolescentes es indispensable considerar la transversalidad de la perspectiva de g\u00e9nero, de juventud e incredulidad en todas las acciones; adem\u00e1s, del empoderamiento de las ni\u00f1as y adolescentes, y la educaci\u00f3n integral en sexualidad, como pilares para alcanzar su efectividad.<\/p>\n<p>El 23 de enero del 2015, el Gobierno de la R\u00e9publica puso en operaci\u00f3n la Estrategia Nacional para la Prevenci\u00f3n del Embarazo en Adolescentes, la cual mediante sus ocho ejes rectores y noventa acciones p\u00fablicas tiene el objetivo de reducir para el a\u00f1o 20230, al 50% el embarazo en adolescentes de 15 a 19 a\u00f1os, as\u00ed como erradicar los nacimientos en ni\u00f1as menores de 10 a 14 a\u00f1os.<\/p>\n<p>La Estrategia Nacional est\u00e1 a cargo del Grupo Interinstitucional para la Prevenci\u00f3n del Embarazo en Adolescentes, el cual tiene como objetivo establecer entre las diversas instituciones involucradas mecanismos de coordinaci\u00f3n, cooperaci\u00f3n, comunicaci\u00f3n, monitoreo y evaluaci\u00f3n que permitan su implementaci\u00f3n a nivel federal, estatal y local, mediante los mecanismos que establece la propia Estrategia, su plan de monitoreo y su esquema general de evaluaci\u00f3n.<\/p>\n<p><a href=\"https:\/\/www.tamaulipas.gob.mx\/sipinna\/wp-content\/uploads\/sites\/32\/2025\/01\/lineam-ientos.pdf\">Lineamientos Peri\u00f3dico Oficial<\/a><\/p>\n","protected":false},"excerpt":{"rendered":"<p>El embarazo en adolescentes en M\u00e9xico, es un grave problema de salud p\u00fablica y en algunos casos, una violaci\u00f3n a los derechos humanos de ni\u00f1as\u2026<\/p>\n","protected":false},"author":358,"featured_media":0,"parent":0,"menu_order":0,"comment_status":"closed","ping_status":"closed","template":"","meta":{"footnotes":""},"class_list":["post-2017","page","type-page","status-publish","hentry"],"publishpress_future_action":{"enabled":false,"date":"2026-04-26 08:53:21","action":"change-status","newStatus":"draft","terms":[],"taxonomy":""},"_links":{"self":[{"href":"https:\/\/www.tamaulipas.gob.mx\/sipinna\/wp-json\/wp\/v2\/pages\/2017"}],"collection":[{"href":"https:\/\/www.tamaulipas.gob.mx\/sipinna\/wp-json\/wp\/v2\/pages"}],"about":[{"href":"https:\/\/www.tamaulipas.gob.mx\/sipinna\/wp-json\/wp\/v2\/types\/page"}],"author":[{"embeddable":true,"href":"https:\/\/www.tamaulipas.gob.mx\/sipinna\/wp-json\/wp\/v2\/users\/358"}],"replies":[{"embeddable":true,"href":"https:\/\/www.tamaulipas.gob.mx\/sipinna\/wp-json\/wp\/v2\/comments?post=2017"}],"version-history":[{"count":2,"href":"https:\/\/www.tamaulipas.gob.mx\/sipinna\/wp-json\/wp\/v2\/pages\/2017\/revisions"}],"predecessor-version":[{"id":2020,"href":"https:\/\/www.tamaulipas.gob.mx\/sipinna\/wp-json\/wp\/v2\/pages\/2017\/revisions\/2020"}],"wp:attachment":[{"href":"https:\/\/www.tamaulipas.gob.mx\/sipinna\/wp-json\/wp\/v2\/media?parent=2017"}],"curies":[{"name":"wp","href":"https:\/\/api.w.org\/{rel}","templated":true}]}}